{"id":4641,"date":"2025-01-27T16:19:36","date_gmt":"2025-01-27T15:19:36","guid":{"rendered":"http:\/\/hgqwwba.cluster100.hosting.ovh.net\/materialien\/artificielles\/"},"modified":"2025-09-30T09:26:05","modified_gmt":"2025-09-30T07:26:05","slug":"kuenstlich","status":"publish","type":"page","link":"https:\/\/sofila.fr\/de\/materialien\/kuenstlich\/","title":{"rendered":"K\u00fcnstlich"},"content":{"rendered":"<h1 class=\"h1\">Materialien<br \/>\n<em>Kunststoffe<\/em><\/h1>\n<p>Kunststoffe wurden zu Beginn des 20. Jahrhunderts entwickelt. Es handelt sich um Materialien, die aus Naturprodukten gewonnen und durch chemische und physikalische Verfahren so verarbeitet werden, dass sie in Form von Garnen vorliegen. Zu dieser Kategorie geh\u00f6ren Filamente oder Fasergarne unterschiedlichster Herkunft, die gr\u00f6\u00dftenteils seit vielen Jahren von SOFILA verarbeitet werden: SOFILA verarbeitete bereits kurz nach ihrer Erfindung die Viskose \u201eRayon\u201c!<\/p>\n","protected":false},"excerpt":{"rendered":"<p>Materialien Kunststoffe Kunststoffe wurden zu Beginn des 20. Jahrhunderts entwickelt. Es handelt sich um Materialien, die aus Naturprodukten gewonnen und durch chemische und physikalische Verfahren so verarbeitet werden, dass sie in Form von Garnen vorliegen. Zu dieser Kategorie geh\u00f6ren Filamente oder Fasergarne unterschiedlichster Herkunft, die gr\u00f6\u00dftenteils seit vielen Jahren von SOFILA verarbeitet werden: SOFILA verarbeitete [&#8230;]<\/p>\n<p><a class=\"btn btn-secondary understrap-read-more-link\" href=\"https:\/\/sofila.fr\/de\/materialien\/kuenstlich\/\">Weiterlesen\u00a0\u2026<span class=\"screen-reader-text\"> from K\u00fcnstlich<\/span><\/a><\/p>\n","protected":false},"author":1,"featured_media":0,"parent":4426,"menu_order":0,"comment_status":"closed","ping_status":"closed","template":"page-templates\/template-matiere.php","meta":{"_acf_changed":false,"footnotes":""},"class_list":["post-4641","page","type-page","status-publish","hentry"],"acf":[],"yoast_head":"<!-- This site is optimized with the Yoast SEO plugin v26.5 - https:\/\/yoast.com\/wordpress\/plugins\/seo\/ -->\n<title>Mati\u00e8re artificielle - Sofila<\/title>\n<meta name=\"description\" content=\"Sofila propose une expertise pointue de la mati\u00e8re artificielle, organique ou inorganique, pour des applications textiles vari\u00e9es.\" \/>\n<meta name=\"robots\" content=\"index, follow, max-snippet:-1, max-image-preview:large, max-video-preview:-1\" \/>\n<link rel=\"canonical\" href=\"https:\/\/sofila.fr\/de\/materialien\/kuenstlich\/\" \/>\n<meta property=\"og:locale\" content=\"de_DE\" \/>\n<meta property=\"og:type\" content=\"article\" \/>\n<meta property=\"og:title\" content=\"Mati\u00e8re artificielle - Sofila\" \/>\n<meta property=\"og:description\" content=\"Sofila propose une expertise pointue de la mati\u00e8re artificielle, organique ou inorganique, pour des applications textiles vari\u00e9es.\" \/>\n<meta property=\"og:url\" content=\"https:\/\/sofila.fr\/de\/materialien\/kuenstlich\/\" \/>\n<meta property=\"og:site_name\" content=\"Sofila\" \/>\n<meta property=\"article:modified_time\" content=\"2025-09-30T07:26:05+00:00\" \/>\n<meta name=\"twitter:card\" content=\"summary_large_image\" \/>\n<meta name=\"twitter:label1\" content=\"Gesch\u00e4tzte Lesezeit\" \/>\n\t<meta name=\"twitter:data1\" content=\"5\u00a0Minute\" \/>\n<script type=\"application\/ld+json\" class=\"yoast-schema-graph\">{\"@context\":\"https:\/\/schema.org\",\"@graph\":[{\"@type\":\"WebPage\",\"@id\":\"https:\/\/sofila.fr\/de\/materialien\/kuenstlich\/\",\"url\":\"https:\/\/sofila.fr\/de\/materialien\/kuenstlich\/\",\"name\":\"Mati\u00e8re artificielle - Sofila\",\"isPartOf\":{\"@id\":\"https:\/\/sofila.fr\/de\/#website\"},\"datePublished\":\"2025-01-27T15:19:36+00:00\",\"dateModified\":\"2025-09-30T07:26:05+00:00\",\"description\":\"Sofila propose une expertise pointue de la mati\u00e8re artificielle, organique ou inorganique, pour des applications textiles vari\u00e9es.\",\"breadcrumb\":{\"@id\":\"https:\/\/sofila.fr\/de\/materialien\/kuenstlich\/#breadcrumb\"},\"inLanguage\":\"de\",\"potentialAction\":[{\"@type\":\"ReadAction\",\"target\":[\"https:\/\/sofila.fr\/de\/materialien\/kuenstlich\/\"]}]},{\"@type\":\"BreadcrumbList\",\"@id\":\"https:\/\/sofila.fr\/de\/materialien\/kuenstlich\/#breadcrumb\",\"itemListElement\":[{\"@type\":\"ListItem\",\"position\":1,\"name\":\"Startseite\",\"item\":\"https:\/\/sofila.fr\/de\/\"},{\"@type\":\"ListItem\",\"position\":2,\"name\":\"Materialien\",\"item\":\"https:\/\/sofila.fr\/de\/materialien\/\"},{\"@type\":\"ListItem\",\"position\":3,\"name\":\"K\u00fcnstlich\"}]},{\"@type\":\"WebSite\",\"@id\":\"https:\/\/sofila.fr\/de\/#website\",\"url\":\"https:\/\/sofila.fr\/de\/\",\"name\":\"Sofila\",\"description\":\"Cr\u00e9ateur et expert du fil depuis 1894\",\"publisher\":{\"@id\":\"https:\/\/sofila.fr\/de\/#organization\"},\"potentialAction\":[{\"@type\":\"SearchAction\",\"target\":{\"@type\":\"EntryPoint\",\"urlTemplate\":\"https:\/\/sofila.fr\/de\/?s={search_term_string}\"},\"query-input\":{\"@type\":\"PropertyValueSpecification\",\"valueRequired\":true,\"valueName\":\"search_term_string\"}}],\"inLanguage\":\"de\"},{\"@type\":\"Organization\",\"@id\":\"https:\/\/sofila.fr\/de\/#organization\",\"name\":\"Sofila\",\"url\":\"https:\/\/sofila.fr\/de\/\",\"logo\":{\"@type\":\"ImageObject\",\"inLanguage\":\"de\",\"@id\":\"https:\/\/sofila.fr\/de\/#\/schema\/logo\/image\/\",\"url\":\"https:\/\/sofila.fr\/wp-content\/uploads\/2025\/02\/Logo-Sofila.svg\",\"contentUrl\":\"https:\/\/sofila.fr\/wp-content\/uploads\/2025\/02\/Logo-Sofila.svg\",\"caption\":\"Sofila\"},\"image\":{\"@id\":\"https:\/\/sofila.fr\/de\/#\/schema\/logo\/image\/\"}}]}<\/script>\n<!-- \/ Yoast SEO plugin. -->","yoast_head_json":{"title":"Mati\u00e8re artificielle - Sofila","description":"Sofila propose une expertise pointue de la mati\u00e8re artificielle, organique ou inorganique, pour des applications textiles vari\u00e9es.","robots":{"index":"index","follow":"follow","max-snippet":"max-snippet:-1","max-image-preview":"max-image-preview:large","max-video-preview":"max-video-preview:-1"},"canonical":"https:\/\/sofila.fr\/de\/materialien\/kuenstlich\/","og_locale":"de_DE","og_type":"article","og_title":"Mati\u00e8re artificielle - Sofila","og_description":"Sofila propose une expertise pointue de la mati\u00e8re artificielle, organique ou inorganique, pour des applications textiles vari\u00e9es.","og_url":"https:\/\/sofila.fr\/de\/materialien\/kuenstlich\/","og_site_name":"Sofila","article_modified_time":"2025-09-30T07:26:05+00:00","twitter_card":"summary_large_image","twitter_misc":{"Gesch\u00e4tzte Lesezeit":"5\u00a0Minute"},"schema":{"@context":"https:\/\/schema.org","@graph":[{"@type":"WebPage","@id":"https:\/\/sofila.fr\/de\/materialien\/kuenstlich\/","url":"https:\/\/sofila.fr\/de\/materialien\/kuenstlich\/","name":"Mati\u00e8re artificielle - Sofila","isPartOf":{"@id":"https:\/\/sofila.fr\/de\/#website"},"datePublished":"2025-01-27T15:19:36+00:00","dateModified":"2025-09-30T07:26:05+00:00","description":"Sofila propose une expertise pointue de la mati\u00e8re artificielle, organique ou inorganique, pour des applications textiles vari\u00e9es.","breadcrumb":{"@id":"https:\/\/sofila.fr\/de\/materialien\/kuenstlich\/#breadcrumb"},"inLanguage":"de","potentialAction":[{"@type":"ReadAction","target":["https:\/\/sofila.fr\/de\/materialien\/kuenstlich\/"]}]},{"@type":"BreadcrumbList","@id":"https:\/\/sofila.fr\/de\/materialien\/kuenstlich\/#breadcrumb","itemListElement":[{"@type":"ListItem","position":1,"name":"Startseite","item":"https:\/\/sofila.fr\/de\/"},{"@type":"ListItem","position":2,"name":"Materialien","item":"https:\/\/sofila.fr\/de\/materialien\/"},{"@type":"ListItem","position":3,"name":"K\u00fcnstlich"}]},{"@type":"WebSite","@id":"https:\/\/sofila.fr\/de\/#website","url":"https:\/\/sofila.fr\/de\/","name":"Sofila","description":"Cr\u00e9ateur et expert du fil depuis 1894","publisher":{"@id":"https:\/\/sofila.fr\/de\/#organization"},"potentialAction":[{"@type":"SearchAction","target":{"@type":"EntryPoint","urlTemplate":"https:\/\/sofila.fr\/de\/?s={search_term_string}"},"query-input":{"@type":"PropertyValueSpecification","valueRequired":true,"valueName":"search_term_string"}}],"inLanguage":"de"},{"@type":"Organization","@id":"https:\/\/sofila.fr\/de\/#organization","name":"Sofila","url":"https:\/\/sofila.fr\/de\/","logo":{"@type":"ImageObject","inLanguage":"de","@id":"https:\/\/sofila.fr\/de\/#\/schema\/logo\/image\/","url":"https:\/\/sofila.fr\/wp-content\/uploads\/2025\/02\/Logo-Sofila.svg","contentUrl":"https:\/\/sofila.fr\/wp-content\/uploads\/2025\/02\/Logo-Sofila.svg","caption":"Sofila"},"image":{"@id":"https:\/\/sofila.fr\/de\/#\/schema\/logo\/image\/"}}]}},"jetpack_sharing_enabled":true,"_links":{"self":[{"href":"https:\/\/sofila.fr\/de\/wp-json\/wp\/v2\/pages\/4641","targetHints":{"allow":["GET"]}}],"collection":[{"href":"https:\/\/sofila.fr\/de\/wp-json\/wp\/v2\/pages"}],"about":[{"href":"https:\/\/sofila.fr\/de\/wp-json\/wp\/v2\/types\/page"}],"author":[{"embeddable":true,"href":"https:\/\/sofila.fr\/de\/wp-json\/wp\/v2\/users\/1"}],"replies":[{"embeddable":true,"href":"https:\/\/sofila.fr\/de\/wp-json\/wp\/v2\/comments?post=4641"}],"version-history":[{"count":4,"href":"https:\/\/sofila.fr\/de\/wp-json\/wp\/v2\/pages\/4641\/revisions"}],"predecessor-version":[{"id":6638,"href":"https:\/\/sofila.fr\/de\/wp-json\/wp\/v2\/pages\/4641\/revisions\/6638"}],"up":[{"embeddable":true,"href":"https:\/\/sofila.fr\/de\/wp-json\/wp\/v2\/pages\/4426"}],"wp:attachment":[{"href":"https:\/\/sofila.fr\/de\/wp-json\/wp\/v2\/media?parent=4641"}],"curies":[{"name":"wp","href":"https:\/\/api.w.org\/{rel}","templated":true}]}}