{"id":4616,"date":"2025-01-27T16:10:43","date_gmt":"2025-01-27T15:10:43","guid":{"rendered":"http:\/\/hgqwwba.cluster100.hosting.ovh.net\/technologies\/torsion\/"},"modified":"2025-09-24T14:13:34","modified_gmt":"2025-09-24T13:13:34","slug":"zwirnung","status":"publish","type":"page","link":"https:\/\/sofila.fr\/de\/technologien\/zwirnung\/","title":{"rendered":"Zwirnung"},"content":{"rendered":"<h1>Technologie <em>Zwirnung<\/em><\/h1>\n<p>Die Zwirnung ist einer der klassischsten Vorg\u00e4nge, die an einem Draht durchgef\u00fchrt werden k\u00f6nnen. Dabei wird der Draht um sich selbst gedreht, um seine Eigenschaften zu ver\u00e4ndern. Ein gezwirnter Draht ist widerstandsf\u00e4higer und elastischer.<\/p>\n","protected":false},"excerpt":{"rendered":"<p>Technologie Zwirnung Die Zwirnung ist einer der klassischsten Vorg\u00e4nge, die an einem Draht durchgef\u00fchrt werden k\u00f6nnen. Dabei wird der Draht um sich selbst gedreht, um seine Eigenschaften zu ver\u00e4ndern. Ein gezwirnter Draht ist widerstandsf\u00e4higer und elastischer. [&#8230;]<\/p>\n<p><a class=\"btn btn-secondary understrap-read-more-link\" href=\"https:\/\/sofila.fr\/de\/technologien\/zwirnung\/\">Weiterlesen\u00a0\u2026<span class=\"screen-reader-text\"> from Zwirnung<\/span><\/a><\/p>\n","protected":false},"author":1,"featured_media":0,"parent":4585,"menu_order":0,"comment_status":"closed","ping_status":"closed","template":"page-templates\/template-technologie.php","meta":{"_acf_changed":false,"footnotes":""},"class_list":["post-4616","page","type-page","status-publish","hentry"],"acf":[],"yoast_head":"<!-- This site is optimized with the Yoast SEO plugin v26.5 - https:\/\/yoast.com\/wordpress\/plugins\/seo\/ -->\n<title>Verdrilltes Garn (Verdrillung) - Sofila<\/title>\n<meta name=\"description\" content=\"Durch Verdrillen verwandelt Sofila einen klassischen Faden in einen verdrillten Faden mit verbesserten mechanischen Eigenschaften.\" \/>\n<meta name=\"robots\" content=\"index, follow, max-snippet:-1, max-image-preview:large, max-video-preview:-1\" \/>\n<link rel=\"canonical\" href=\"https:\/\/sofila.fr\/de\/technologien\/zwirnung\/\" \/>\n<meta property=\"og:locale\" content=\"de_DE\" \/>\n<meta property=\"og:type\" content=\"article\" \/>\n<meta property=\"og:title\" content=\"Verdrilltes Garn (Verdrillung) - Sofila\" \/>\n<meta property=\"og:description\" content=\"Durch Verdrillen verwandelt Sofila einen klassischen Faden in einen verdrillten Faden mit verbesserten mechanischen Eigenschaften.\" \/>\n<meta property=\"og:url\" content=\"https:\/\/sofila.fr\/de\/technologien\/zwirnung\/\" \/>\n<meta property=\"og:site_name\" content=\"Sofila\" \/>\n<meta property=\"article:modified_time\" content=\"2025-09-24T13:13:34+00:00\" \/>\n<meta name=\"twitter:card\" content=\"summary_large_image\" \/>\n<meta name=\"twitter:label1\" content=\"Gesch\u00e4tzte Lesezeit\" \/>\n\t<meta name=\"twitter:data1\" content=\"2\u00a0Minute\" \/>\n<script type=\"application\/ld+json\" class=\"yoast-schema-graph\">{\"@context\":\"https:\/\/schema.org\",\"@graph\":[{\"@type\":\"WebPage\",\"@id\":\"https:\/\/sofila.fr\/de\/technologien\/zwirnung\/\",\"url\":\"https:\/\/sofila.fr\/de\/technologien\/zwirnung\/\",\"name\":\"Verdrilltes Garn (Verdrillung) - Sofila\",\"isPartOf\":{\"@id\":\"https:\/\/sofila.fr\/de\/#website\"},\"datePublished\":\"2025-01-27T15:10:43+00:00\",\"dateModified\":\"2025-09-24T13:13:34+00:00\",\"description\":\"Durch Verdrillen verwandelt Sofila einen klassischen Faden in einen verdrillten Faden mit verbesserten mechanischen Eigenschaften.\",\"breadcrumb\":{\"@id\":\"https:\/\/sofila.fr\/de\/technologien\/zwirnung\/#breadcrumb\"},\"inLanguage\":\"de\",\"potentialAction\":[{\"@type\":\"ReadAction\",\"target\":[\"https:\/\/sofila.fr\/de\/technologien\/zwirnung\/\"]}]},{\"@type\":\"BreadcrumbList\",\"@id\":\"https:\/\/sofila.fr\/de\/technologien\/zwirnung\/#breadcrumb\",\"itemListElement\":[{\"@type\":\"ListItem\",\"position\":1,\"name\":\"Startseite\",\"item\":\"https:\/\/sofila.fr\/de\/\"},{\"@type\":\"ListItem\",\"position\":2,\"name\":\"Technologien\",\"item\":\"https:\/\/sofila.fr\/de\/technologien\/\"},{\"@type\":\"ListItem\",\"position\":3,\"name\":\"Zwirnung\"}]},{\"@type\":\"WebSite\",\"@id\":\"https:\/\/sofila.fr\/de\/#website\",\"url\":\"https:\/\/sofila.fr\/de\/\",\"name\":\"Sofila\",\"description\":\"Cr\u00e9ateur et expert du fil depuis 1894\",\"publisher\":{\"@id\":\"https:\/\/sofila.fr\/de\/#organization\"},\"potentialAction\":[{\"@type\":\"SearchAction\",\"target\":{\"@type\":\"EntryPoint\",\"urlTemplate\":\"https:\/\/sofila.fr\/de\/?s={search_term_string}\"},\"query-input\":{\"@type\":\"PropertyValueSpecification\",\"valueRequired\":true,\"valueName\":\"search_term_string\"}}],\"inLanguage\":\"de\"},{\"@type\":\"Organization\",\"@id\":\"https:\/\/sofila.fr\/de\/#organization\",\"name\":\"Sofila\",\"url\":\"https:\/\/sofila.fr\/de\/\",\"logo\":{\"@type\":\"ImageObject\",\"inLanguage\":\"de\",\"@id\":\"https:\/\/sofila.fr\/de\/#\/schema\/logo\/image\/\",\"url\":\"https:\/\/sofila.fr\/wp-content\/uploads\/2025\/02\/Logo-Sofila.svg\",\"contentUrl\":\"https:\/\/sofila.fr\/wp-content\/uploads\/2025\/02\/Logo-Sofila.svg\",\"caption\":\"Sofila\"},\"image\":{\"@id\":\"https:\/\/sofila.fr\/de\/#\/schema\/logo\/image\/\"}}]}<\/script>\n<!-- \/ Yoast SEO plugin. -->","yoast_head_json":{"title":"Verdrilltes Garn (Verdrillung) - Sofila","description":"Durch Verdrillen verwandelt Sofila einen klassischen Faden in einen verdrillten Faden mit verbesserten mechanischen Eigenschaften.","robots":{"index":"index","follow":"follow","max-snippet":"max-snippet:-1","max-image-preview":"max-image-preview:large","max-video-preview":"max-video-preview:-1"},"canonical":"https:\/\/sofila.fr\/de\/technologien\/zwirnung\/","og_locale":"de_DE","og_type":"article","og_title":"Verdrilltes Garn (Verdrillung) - Sofila","og_description":"Durch Verdrillen verwandelt Sofila einen klassischen Faden in einen verdrillten Faden mit verbesserten mechanischen Eigenschaften.","og_url":"https:\/\/sofila.fr\/de\/technologien\/zwirnung\/","og_site_name":"Sofila","article_modified_time":"2025-09-24T13:13:34+00:00","twitter_card":"summary_large_image","twitter_misc":{"Gesch\u00e4tzte Lesezeit":"2\u00a0Minute"},"schema":{"@context":"https:\/\/schema.org","@graph":[{"@type":"WebPage","@id":"https:\/\/sofila.fr\/de\/technologien\/zwirnung\/","url":"https:\/\/sofila.fr\/de\/technologien\/zwirnung\/","name":"Verdrilltes Garn (Verdrillung) - Sofila","isPartOf":{"@id":"https:\/\/sofila.fr\/de\/#website"},"datePublished":"2025-01-27T15:10:43+00:00","dateModified":"2025-09-24T13:13:34+00:00","description":"Durch Verdrillen verwandelt Sofila einen klassischen Faden in einen verdrillten Faden mit verbesserten mechanischen Eigenschaften.","breadcrumb":{"@id":"https:\/\/sofila.fr\/de\/technologien\/zwirnung\/#breadcrumb"},"inLanguage":"de","potentialAction":[{"@type":"ReadAction","target":["https:\/\/sofila.fr\/de\/technologien\/zwirnung\/"]}]},{"@type":"BreadcrumbList","@id":"https:\/\/sofila.fr\/de\/technologien\/zwirnung\/#breadcrumb","itemListElement":[{"@type":"ListItem","position":1,"name":"Startseite","item":"https:\/\/sofila.fr\/de\/"},{"@type":"ListItem","position":2,"name":"Technologien","item":"https:\/\/sofila.fr\/de\/technologien\/"},{"@type":"ListItem","position":3,"name":"Zwirnung"}]},{"@type":"WebSite","@id":"https:\/\/sofila.fr\/de\/#website","url":"https:\/\/sofila.fr\/de\/","name":"Sofila","description":"Cr\u00e9ateur et expert du fil depuis 1894","publisher":{"@id":"https:\/\/sofila.fr\/de\/#organization"},"potentialAction":[{"@type":"SearchAction","target":{"@type":"EntryPoint","urlTemplate":"https:\/\/sofila.fr\/de\/?s={search_term_string}"},"query-input":{"@type":"PropertyValueSpecification","valueRequired":true,"valueName":"search_term_string"}}],"inLanguage":"de"},{"@type":"Organization","@id":"https:\/\/sofila.fr\/de\/#organization","name":"Sofila","url":"https:\/\/sofila.fr\/de\/","logo":{"@type":"ImageObject","inLanguage":"de","@id":"https:\/\/sofila.fr\/de\/#\/schema\/logo\/image\/","url":"https:\/\/sofila.fr\/wp-content\/uploads\/2025\/02\/Logo-Sofila.svg","contentUrl":"https:\/\/sofila.fr\/wp-content\/uploads\/2025\/02\/Logo-Sofila.svg","caption":"Sofila"},"image":{"@id":"https:\/\/sofila.fr\/de\/#\/schema\/logo\/image\/"}}]}},"jetpack_sharing_enabled":true,"_links":{"self":[{"href":"https:\/\/sofila.fr\/de\/wp-json\/wp\/v2\/pages\/4616","targetHints":{"allow":["GET"]}}],"collection":[{"href":"https:\/\/sofila.fr\/de\/wp-json\/wp\/v2\/pages"}],"about":[{"href":"https:\/\/sofila.fr\/de\/wp-json\/wp\/v2\/types\/page"}],"author":[{"embeddable":true,"href":"https:\/\/sofila.fr\/de\/wp-json\/wp\/v2\/users\/1"}],"replies":[{"embeddable":true,"href":"https:\/\/sofila.fr\/de\/wp-json\/wp\/v2\/comments?post=4616"}],"version-history":[{"count":5,"href":"https:\/\/sofila.fr\/de\/wp-json\/wp\/v2\/pages\/4616\/revisions"}],"predecessor-version":[{"id":6573,"href":"https:\/\/sofila.fr\/de\/wp-json\/wp\/v2\/pages\/4616\/revisions\/6573"}],"up":[{"embeddable":true,"href":"https:\/\/sofila.fr\/de\/wp-json\/wp\/v2\/pages\/4585"}],"wp:attachment":[{"href":"https:\/\/sofila.fr\/de\/wp-json\/wp\/v2\/media?parent=4616"}],"curies":[{"name":"wp","href":"https:\/\/api.w.org\/{rel}","templated":true}]}}