{"id":4589,"date":"2025-01-27T16:11:16","date_gmt":"2025-01-27T15:11:16","guid":{"rendered":"http:\/\/hgqwwba.cluster100.hosting.ovh.net\/technologies\/assemblage\/"},"modified":"2025-09-24T14:17:05","modified_gmt":"2025-09-24T13:17:05","slug":"zusammensetzen","status":"publish","type":"page","link":"https:\/\/sofila.fr\/de\/technologien\/zusammensetzen\/","title":{"rendered":"Zusammensetzen"},"content":{"rendered":"<h1>Technologie <em><span class=\"italic\">Zusammensetzen<\/span><\/em><\/h1>\n<p>Das Zusammensetzen ist ein sehr g\u00e4ngiger, aber manchmal heikler Vorgang, den die Teams von Sofila perfekt beherrschen. Dabei werden zwei identische Dr\u00e4hte oder Dr\u00e4hte aus unterschiedlichen Materialien miteinander verbunden, um ihre mechanischen, \u00e4sthetischen oder technischen Eigenschaften zu kombinieren. Dieser wichtige Schritt erm\u00f6glicht es, die Leistung des Endprodukts entsprechend dem Verwendungszweck zu optimieren.<\/p>\n","protected":false},"excerpt":{"rendered":"<p>Technologie Zusammensetzen Das Zusammensetzen ist ein sehr g\u00e4ngiger, aber manchmal heikler Vorgang, den die Teams von Sofila perfekt beherrschen. Dabei werden zwei identische Dr\u00e4hte oder Dr\u00e4hte aus unterschiedlichen Materialien miteinander verbunden, um ihre mechanischen, \u00e4sthetischen oder technischen Eigenschaften zu kombinieren. Dieser wichtige Schritt erm\u00f6glicht es, die Leistung des Endprodukts entsprechend dem Verwendungszweck zu optimieren. [&#8230;]<\/p>\n<p><a class=\"btn btn-secondary understrap-read-more-link\" href=\"https:\/\/sofila.fr\/de\/technologien\/zusammensetzen\/\">Weiterlesen\u00a0\u2026<span class=\"screen-reader-text\"> from Zusammensetzen<\/span><\/a><\/p>\n","protected":false},"author":1,"featured_media":0,"parent":4585,"menu_order":0,"comment_status":"closed","ping_status":"closed","template":"page-templates\/template-technologie.php","meta":{"_acf_changed":false,"footnotes":""},"class_list":["post-4589","page","type-page","status-publish","hentry"],"acf":[],"yoast_head":"<!-- This site is optimized with the Yoast SEO plugin v26.5 - https:\/\/yoast.com\/wordpress\/plugins\/seo\/ -->\n<title>Zusammensetzen - Sofila<\/title>\n<meta name=\"description\" content=\"Die Fadenverbindung, eine Spezialit\u00e4t von Sofila, erm\u00f6glicht es, zwei Fasern miteinander zu verbinden, um ihre Eigenschaften voll auszusch\u00f6pfen.\" \/>\n<meta name=\"robots\" content=\"index, follow, max-snippet:-1, max-image-preview:large, max-video-preview:-1\" \/>\n<link rel=\"canonical\" href=\"https:\/\/sofila.fr\/de\/technologien\/zusammensetzen\/\" \/>\n<meta property=\"og:locale\" content=\"de_DE\" \/>\n<meta property=\"og:type\" content=\"article\" \/>\n<meta property=\"og:title\" content=\"Zusammensetzen - Sofila\" \/>\n<meta property=\"og:description\" content=\"Die Fadenverbindung, eine Spezialit\u00e4t von Sofila, erm\u00f6glicht es, zwei Fasern miteinander zu verbinden, um ihre Eigenschaften voll auszusch\u00f6pfen.\" \/>\n<meta property=\"og:url\" content=\"https:\/\/sofila.fr\/de\/technologien\/zusammensetzen\/\" \/>\n<meta property=\"og:site_name\" content=\"Sofila\" \/>\n<meta property=\"article:modified_time\" content=\"2025-09-24T13:17:05+00:00\" \/>\n<meta name=\"twitter:card\" content=\"summary_large_image\" \/>\n<meta name=\"twitter:label1\" content=\"Gesch\u00e4tzte Lesezeit\" \/>\n\t<meta name=\"twitter:data1\" content=\"2\u00a0Minute\" \/>\n<script type=\"application\/ld+json\" class=\"yoast-schema-graph\">{\"@context\":\"https:\/\/schema.org\",\"@graph\":[{\"@type\":\"WebPage\",\"@id\":\"https:\/\/sofila.fr\/de\/technologien\/zusammensetzen\/\",\"url\":\"https:\/\/sofila.fr\/de\/technologien\/zusammensetzen\/\",\"name\":\"Zusammensetzen - Sofila\",\"isPartOf\":{\"@id\":\"https:\/\/sofila.fr\/de\/#website\"},\"datePublished\":\"2025-01-27T15:11:16+00:00\",\"dateModified\":\"2025-09-24T13:17:05+00:00\",\"description\":\"Die Fadenverbindung, eine Spezialit\u00e4t von Sofila, erm\u00f6glicht es, zwei Fasern miteinander zu verbinden, um ihre Eigenschaften voll auszusch\u00f6pfen.\",\"breadcrumb\":{\"@id\":\"https:\/\/sofila.fr\/de\/technologien\/zusammensetzen\/#breadcrumb\"},\"inLanguage\":\"de\",\"potentialAction\":[{\"@type\":\"ReadAction\",\"target\":[\"https:\/\/sofila.fr\/de\/technologien\/zusammensetzen\/\"]}]},{\"@type\":\"BreadcrumbList\",\"@id\":\"https:\/\/sofila.fr\/de\/technologien\/zusammensetzen\/#breadcrumb\",\"itemListElement\":[{\"@type\":\"ListItem\",\"position\":1,\"name\":\"Startseite\",\"item\":\"https:\/\/sofila.fr\/de\/\"},{\"@type\":\"ListItem\",\"position\":2,\"name\":\"Technologien\",\"item\":\"https:\/\/sofila.fr\/de\/technologien\/\"},{\"@type\":\"ListItem\",\"position\":3,\"name\":\"Zusammensetzen\"}]},{\"@type\":\"WebSite\",\"@id\":\"https:\/\/sofila.fr\/de\/#website\",\"url\":\"https:\/\/sofila.fr\/de\/\",\"name\":\"Sofila\",\"description\":\"Cr\u00e9ateur et expert du fil depuis 1894\",\"publisher\":{\"@id\":\"https:\/\/sofila.fr\/de\/#organization\"},\"potentialAction\":[{\"@type\":\"SearchAction\",\"target\":{\"@type\":\"EntryPoint\",\"urlTemplate\":\"https:\/\/sofila.fr\/de\/?s={search_term_string}\"},\"query-input\":{\"@type\":\"PropertyValueSpecification\",\"valueRequired\":true,\"valueName\":\"search_term_string\"}}],\"inLanguage\":\"de\"},{\"@type\":\"Organization\",\"@id\":\"https:\/\/sofila.fr\/de\/#organization\",\"name\":\"Sofila\",\"url\":\"https:\/\/sofila.fr\/de\/\",\"logo\":{\"@type\":\"ImageObject\",\"inLanguage\":\"de\",\"@id\":\"https:\/\/sofila.fr\/de\/#\/schema\/logo\/image\/\",\"url\":\"https:\/\/sofila.fr\/wp-content\/uploads\/2025\/02\/Logo-Sofila.svg\",\"contentUrl\":\"https:\/\/sofila.fr\/wp-content\/uploads\/2025\/02\/Logo-Sofila.svg\",\"caption\":\"Sofila\"},\"image\":{\"@id\":\"https:\/\/sofila.fr\/de\/#\/schema\/logo\/image\/\"}}]}<\/script>\n<!-- \/ Yoast SEO plugin. -->","yoast_head_json":{"title":"Zusammensetzen - Sofila","description":"Die Fadenverbindung, eine Spezialit\u00e4t von Sofila, erm\u00f6glicht es, zwei Fasern miteinander zu verbinden, um ihre Eigenschaften voll auszusch\u00f6pfen.","robots":{"index":"index","follow":"follow","max-snippet":"max-snippet:-1","max-image-preview":"max-image-preview:large","max-video-preview":"max-video-preview:-1"},"canonical":"https:\/\/sofila.fr\/de\/technologien\/zusammensetzen\/","og_locale":"de_DE","og_type":"article","og_title":"Zusammensetzen - Sofila","og_description":"Die Fadenverbindung, eine Spezialit\u00e4t von Sofila, erm\u00f6glicht es, zwei Fasern miteinander zu verbinden, um ihre Eigenschaften voll auszusch\u00f6pfen.","og_url":"https:\/\/sofila.fr\/de\/technologien\/zusammensetzen\/","og_site_name":"Sofila","article_modified_time":"2025-09-24T13:17:05+00:00","twitter_card":"summary_large_image","twitter_misc":{"Gesch\u00e4tzte Lesezeit":"2\u00a0Minute"},"schema":{"@context":"https:\/\/schema.org","@graph":[{"@type":"WebPage","@id":"https:\/\/sofila.fr\/de\/technologien\/zusammensetzen\/","url":"https:\/\/sofila.fr\/de\/technologien\/zusammensetzen\/","name":"Zusammensetzen - Sofila","isPartOf":{"@id":"https:\/\/sofila.fr\/de\/#website"},"datePublished":"2025-01-27T15:11:16+00:00","dateModified":"2025-09-24T13:17:05+00:00","description":"Die Fadenverbindung, eine Spezialit\u00e4t von Sofila, erm\u00f6glicht es, zwei Fasern miteinander zu verbinden, um ihre Eigenschaften voll auszusch\u00f6pfen.","breadcrumb":{"@id":"https:\/\/sofila.fr\/de\/technologien\/zusammensetzen\/#breadcrumb"},"inLanguage":"de","potentialAction":[{"@type":"ReadAction","target":["https:\/\/sofila.fr\/de\/technologien\/zusammensetzen\/"]}]},{"@type":"BreadcrumbList","@id":"https:\/\/sofila.fr\/de\/technologien\/zusammensetzen\/#breadcrumb","itemListElement":[{"@type":"ListItem","position":1,"name":"Startseite","item":"https:\/\/sofila.fr\/de\/"},{"@type":"ListItem","position":2,"name":"Technologien","item":"https:\/\/sofila.fr\/de\/technologien\/"},{"@type":"ListItem","position":3,"name":"Zusammensetzen"}]},{"@type":"WebSite","@id":"https:\/\/sofila.fr\/de\/#website","url":"https:\/\/sofila.fr\/de\/","name":"Sofila","description":"Cr\u00e9ateur et expert du fil depuis 1894","publisher":{"@id":"https:\/\/sofila.fr\/de\/#organization"},"potentialAction":[{"@type":"SearchAction","target":{"@type":"EntryPoint","urlTemplate":"https:\/\/sofila.fr\/de\/?s={search_term_string}"},"query-input":{"@type":"PropertyValueSpecification","valueRequired":true,"valueName":"search_term_string"}}],"inLanguage":"de"},{"@type":"Organization","@id":"https:\/\/sofila.fr\/de\/#organization","name":"Sofila","url":"https:\/\/sofila.fr\/de\/","logo":{"@type":"ImageObject","inLanguage":"de","@id":"https:\/\/sofila.fr\/de\/#\/schema\/logo\/image\/","url":"https:\/\/sofila.fr\/wp-content\/uploads\/2025\/02\/Logo-Sofila.svg","contentUrl":"https:\/\/sofila.fr\/wp-content\/uploads\/2025\/02\/Logo-Sofila.svg","caption":"Sofila"},"image":{"@id":"https:\/\/sofila.fr\/de\/#\/schema\/logo\/image\/"}}]}},"jetpack_sharing_enabled":true,"_links":{"self":[{"href":"https:\/\/sofila.fr\/de\/wp-json\/wp\/v2\/pages\/4589","targetHints":{"allow":["GET"]}}],"collection":[{"href":"https:\/\/sofila.fr\/de\/wp-json\/wp\/v2\/pages"}],"about":[{"href":"https:\/\/sofila.fr\/de\/wp-json\/wp\/v2\/types\/page"}],"author":[{"embeddable":true,"href":"https:\/\/sofila.fr\/de\/wp-json\/wp\/v2\/users\/1"}],"replies":[{"embeddable":true,"href":"https:\/\/sofila.fr\/de\/wp-json\/wp\/v2\/comments?post=4589"}],"version-history":[{"count":5,"href":"https:\/\/sofila.fr\/de\/wp-json\/wp\/v2\/pages\/4589\/revisions"}],"predecessor-version":[{"id":6565,"href":"https:\/\/sofila.fr\/de\/wp-json\/wp\/v2\/pages\/4589\/revisions\/6565"}],"up":[{"embeddable":true,"href":"https:\/\/sofila.fr\/de\/wp-json\/wp\/v2\/pages\/4585"}],"wp:attachment":[{"href":"https:\/\/sofila.fr\/de\/wp-json\/wp\/v2\/media?parent=4589"}],"curies":[{"name":"wp","href":"https:\/\/api.w.org\/{rel}","templated":true}]}}