{"id":4555,"date":"2025-01-27T16:02:52","date_gmt":"2025-01-27T15:02:52","guid":{"rendered":"http:\/\/hgqwwba.cluster100.hosting.ovh.net\/sofila\/certifications\/"},"modified":"2025-09-29T14:24:37","modified_gmt":"2025-09-29T12:24:37","slug":"zertifizierungen","status":"publish","type":"page","link":"https:\/\/sofila.fr\/de\/sofila\/zertifizierungen\/","title":{"rendered":"Zertifizierungen"},"content":{"rendered":"<h1>Unsere <em>Zertifizierungen<\/em>: ein Garant f\u00fcr Qualit\u00e4t, R\u00fcckverfolgbarkeit und Verantwortung<\/h1>\n<p>SOFILA verf\u00fcgt dank seines langj\u00e4hrigen Know-hows und seiner fachkundigen Herangehensweise \u00fcber zahlreiche Zertifizierungen, um seine Kunden in allen Bereichen auf ihrem Weg zur Exzellenz zu begleiten, und ist stets auf der Suche nach neuen Normen und Zertifizierungen, die f\u00fcr die Qualit\u00e4t und die Bew\u00e4ltigung aktueller Herausforderungen relevant sind.<\/p>\n","protected":false},"excerpt":{"rendered":"<p>Unsere Zertifizierungen: ein Garant f\u00fcr Qualit\u00e4t, R\u00fcckverfolgbarkeit und Verantwortung SOFILA verf\u00fcgt dank seines langj\u00e4hrigen Know-hows und seiner fachkundigen Herangehensweise \u00fcber zahlreiche Zertifizierungen, um seine Kunden in allen Bereichen auf ihrem Weg zur Exzellenz zu begleiten, und ist stets auf der Suche nach neuen Normen und Zertifizierungen, die f\u00fcr die Qualit\u00e4t und die Bew\u00e4ltigung aktueller Herausforderungen [&#8230;]<\/p>\n<p><a class=\"btn btn-secondary understrap-read-more-link\" href=\"https:\/\/sofila.fr\/de\/sofila\/zertifizierungen\/\">Weiterlesen\u00a0\u2026<span class=\"screen-reader-text\"> from Zertifizierungen<\/span><\/a><\/p>\n","protected":false},"author":1,"featured_media":0,"parent":4511,"menu_order":0,"comment_status":"closed","ping_status":"closed","template":"page-templates\/certification.php","meta":{"_acf_changed":false,"footnotes":""},"class_list":["post-4555","page","type-page","status-publish","hentry"],"acf":[],"yoast_head":"<!-- This site is optimized with the Yoast SEO plugin v26.5 - https:\/\/yoast.com\/wordpress\/plugins\/seo\/ -->\n<title>Zertifizierungen - Sofila<\/title>\n<meta name=\"description\" content=\"SOFILA verf\u00fcgt aufgrund seines langj\u00e4hrigen Know-hows und seiner fachlichen Kompetenz \u00fcber zahlreiche Zertifizierungen, um jeden Kunden individuell zu betreuen.\" \/>\n<meta name=\"robots\" content=\"index, follow, max-snippet:-1, max-image-preview:large, max-video-preview:-1\" \/>\n<link rel=\"canonical\" href=\"https:\/\/sofila.fr\/de\/sofila\/zertifizierungen\/\" \/>\n<meta property=\"og:locale\" content=\"de_DE\" \/>\n<meta property=\"og:type\" content=\"article\" \/>\n<meta property=\"og:title\" content=\"Zertifizierungen - Sofila\" \/>\n<meta property=\"og:description\" content=\"SOFILA verf\u00fcgt aufgrund seines langj\u00e4hrigen Know-hows und seiner fachlichen Kompetenz \u00fcber zahlreiche Zertifizierungen, um jeden Kunden individuell zu betreuen.\" \/>\n<meta property=\"og:url\" content=\"https:\/\/sofila.fr\/de\/sofila\/zertifizierungen\/\" \/>\n<meta property=\"og:site_name\" content=\"Sofila\" \/>\n<meta property=\"article:modified_time\" content=\"2025-09-29T12:24:37+00:00\" \/>\n<meta name=\"twitter:card\" content=\"summary_large_image\" \/>\n<meta name=\"twitter:label1\" content=\"Gesch\u00e4tzte Lesezeit\" \/>\n\t<meta name=\"twitter:data1\" content=\"4\u00a0Minute\" \/>\n<script type=\"application\/ld+json\" class=\"yoast-schema-graph\">{\"@context\":\"https:\/\/schema.org\",\"@graph\":[{\"@type\":\"WebPage\",\"@id\":\"https:\/\/sofila.fr\/de\/sofila\/zertifizierungen\/\",\"url\":\"https:\/\/sofila.fr\/de\/sofila\/zertifizierungen\/\",\"name\":\"Zertifizierungen - Sofila\",\"isPartOf\":{\"@id\":\"https:\/\/sofila.fr\/de\/#website\"},\"datePublished\":\"2025-01-27T15:02:52+00:00\",\"dateModified\":\"2025-09-29T12:24:37+00:00\",\"description\":\"SOFILA verf\u00fcgt aufgrund seines langj\u00e4hrigen Know-hows und seiner fachlichen Kompetenz \u00fcber zahlreiche Zertifizierungen, um jeden Kunden individuell zu betreuen.\",\"breadcrumb\":{\"@id\":\"https:\/\/sofila.fr\/de\/sofila\/zertifizierungen\/#breadcrumb\"},\"inLanguage\":\"de\",\"potentialAction\":[{\"@type\":\"ReadAction\",\"target\":[\"https:\/\/sofila.fr\/de\/sofila\/zertifizierungen\/\"]}]},{\"@type\":\"BreadcrumbList\",\"@id\":\"https:\/\/sofila.fr\/de\/sofila\/zertifizierungen\/#breadcrumb\",\"itemListElement\":[{\"@type\":\"ListItem\",\"position\":1,\"name\":\"Startseite\",\"item\":\"https:\/\/sofila.fr\/de\/\"},{\"@type\":\"ListItem\",\"position\":2,\"name\":\"Sofila\",\"item\":\"https:\/\/sofila.fr\/de\/sofila\/\"},{\"@type\":\"ListItem\",\"position\":3,\"name\":\"Zertifizierungen\"}]},{\"@type\":\"WebSite\",\"@id\":\"https:\/\/sofila.fr\/de\/#website\",\"url\":\"https:\/\/sofila.fr\/de\/\",\"name\":\"Sofila\",\"description\":\"Cr\u00e9ateur et expert du fil depuis 1894\",\"publisher\":{\"@id\":\"https:\/\/sofila.fr\/de\/#organization\"},\"potentialAction\":[{\"@type\":\"SearchAction\",\"target\":{\"@type\":\"EntryPoint\",\"urlTemplate\":\"https:\/\/sofila.fr\/de\/?s={search_term_string}\"},\"query-input\":{\"@type\":\"PropertyValueSpecification\",\"valueRequired\":true,\"valueName\":\"search_term_string\"}}],\"inLanguage\":\"de\"},{\"@type\":\"Organization\",\"@id\":\"https:\/\/sofila.fr\/de\/#organization\",\"name\":\"Sofila\",\"url\":\"https:\/\/sofila.fr\/de\/\",\"logo\":{\"@type\":\"ImageObject\",\"inLanguage\":\"de\",\"@id\":\"https:\/\/sofila.fr\/de\/#\/schema\/logo\/image\/\",\"url\":\"https:\/\/sofila.fr\/wp-content\/uploads\/2025\/02\/Logo-Sofila.svg\",\"contentUrl\":\"https:\/\/sofila.fr\/wp-content\/uploads\/2025\/02\/Logo-Sofila.svg\",\"caption\":\"Sofila\"},\"image\":{\"@id\":\"https:\/\/sofila.fr\/de\/#\/schema\/logo\/image\/\"}}]}<\/script>\n<!-- \/ Yoast SEO plugin. -->","yoast_head_json":{"title":"Zertifizierungen - Sofila","description":"SOFILA verf\u00fcgt aufgrund seines langj\u00e4hrigen Know-hows und seiner fachlichen Kompetenz \u00fcber zahlreiche Zertifizierungen, um jeden Kunden individuell zu betreuen.","robots":{"index":"index","follow":"follow","max-snippet":"max-snippet:-1","max-image-preview":"max-image-preview:large","max-video-preview":"max-video-preview:-1"},"canonical":"https:\/\/sofila.fr\/de\/sofila\/zertifizierungen\/","og_locale":"de_DE","og_type":"article","og_title":"Zertifizierungen - Sofila","og_description":"SOFILA verf\u00fcgt aufgrund seines langj\u00e4hrigen Know-hows und seiner fachlichen Kompetenz \u00fcber zahlreiche Zertifizierungen, um jeden Kunden individuell zu betreuen.","og_url":"https:\/\/sofila.fr\/de\/sofila\/zertifizierungen\/","og_site_name":"Sofila","article_modified_time":"2025-09-29T12:24:37+00:00","twitter_card":"summary_large_image","twitter_misc":{"Gesch\u00e4tzte Lesezeit":"4\u00a0Minute"},"schema":{"@context":"https:\/\/schema.org","@graph":[{"@type":"WebPage","@id":"https:\/\/sofila.fr\/de\/sofila\/zertifizierungen\/","url":"https:\/\/sofila.fr\/de\/sofila\/zertifizierungen\/","name":"Zertifizierungen - Sofila","isPartOf":{"@id":"https:\/\/sofila.fr\/de\/#website"},"datePublished":"2025-01-27T15:02:52+00:00","dateModified":"2025-09-29T12:24:37+00:00","description":"SOFILA verf\u00fcgt aufgrund seines langj\u00e4hrigen Know-hows und seiner fachlichen Kompetenz \u00fcber zahlreiche Zertifizierungen, um jeden Kunden individuell zu betreuen.","breadcrumb":{"@id":"https:\/\/sofila.fr\/de\/sofila\/zertifizierungen\/#breadcrumb"},"inLanguage":"de","potentialAction":[{"@type":"ReadAction","target":["https:\/\/sofila.fr\/de\/sofila\/zertifizierungen\/"]}]},{"@type":"BreadcrumbList","@id":"https:\/\/sofila.fr\/de\/sofila\/zertifizierungen\/#breadcrumb","itemListElement":[{"@type":"ListItem","position":1,"name":"Startseite","item":"https:\/\/sofila.fr\/de\/"},{"@type":"ListItem","position":2,"name":"Sofila","item":"https:\/\/sofila.fr\/de\/sofila\/"},{"@type":"ListItem","position":3,"name":"Zertifizierungen"}]},{"@type":"WebSite","@id":"https:\/\/sofila.fr\/de\/#website","url":"https:\/\/sofila.fr\/de\/","name":"Sofila","description":"Cr\u00e9ateur et expert du fil depuis 1894","publisher":{"@id":"https:\/\/sofila.fr\/de\/#organization"},"potentialAction":[{"@type":"SearchAction","target":{"@type":"EntryPoint","urlTemplate":"https:\/\/sofila.fr\/de\/?s={search_term_string}"},"query-input":{"@type":"PropertyValueSpecification","valueRequired":true,"valueName":"search_term_string"}}],"inLanguage":"de"},{"@type":"Organization","@id":"https:\/\/sofila.fr\/de\/#organization","name":"Sofila","url":"https:\/\/sofila.fr\/de\/","logo":{"@type":"ImageObject","inLanguage":"de","@id":"https:\/\/sofila.fr\/de\/#\/schema\/logo\/image\/","url":"https:\/\/sofila.fr\/wp-content\/uploads\/2025\/02\/Logo-Sofila.svg","contentUrl":"https:\/\/sofila.fr\/wp-content\/uploads\/2025\/02\/Logo-Sofila.svg","caption":"Sofila"},"image":{"@id":"https:\/\/sofila.fr\/de\/#\/schema\/logo\/image\/"}}]}},"jetpack_sharing_enabled":true,"_links":{"self":[{"href":"https:\/\/sofila.fr\/de\/wp-json\/wp\/v2\/pages\/4555","targetHints":{"allow":["GET"]}}],"collection":[{"href":"https:\/\/sofila.fr\/de\/wp-json\/wp\/v2\/pages"}],"about":[{"href":"https:\/\/sofila.fr\/de\/wp-json\/wp\/v2\/types\/page"}],"author":[{"embeddable":true,"href":"https:\/\/sofila.fr\/de\/wp-json\/wp\/v2\/users\/1"}],"replies":[{"embeddable":true,"href":"https:\/\/sofila.fr\/de\/wp-json\/wp\/v2\/comments?post=4555"}],"version-history":[{"count":2,"href":"https:\/\/sofila.fr\/de\/wp-json\/wp\/v2\/pages\/4555\/revisions"}],"predecessor-version":[{"id":4559,"href":"https:\/\/sofila.fr\/de\/wp-json\/wp\/v2\/pages\/4555\/revisions\/4559"}],"up":[{"embeddable":true,"href":"https:\/\/sofila.fr\/de\/wp-json\/wp\/v2\/pages\/4511"}],"wp:attachment":[{"href":"https:\/\/sofila.fr\/de\/wp-json\/wp\/v2\/media?parent=4555"}],"curies":[{"name":"wp","href":"https:\/\/api.w.org\/{rel}","templated":true}]}}