{"id":4536,"date":"2025-01-27T15:59:04","date_gmt":"2025-01-27T14:59:04","guid":{"rendered":"http:\/\/hgqwwba.cluster100.hosting.ovh.net\/sofila\/bureau-detude\/"},"modified":"2025-09-29T14:24:02","modified_gmt":"2025-09-29T12:24:02","slug":"konstruktionsburo","status":"publish","type":"page","link":"https:\/\/sofila.fr\/de\/sofila\/konstruktionsburo\/","title":{"rendered":"Konstruktionsb\u00fcro"},"content":{"rendered":"<h1>Sofila-Konstruktionsb\u00fcro: im Dienste der <em>textilen Innovation<\/em><\/h1>\n<p>Das Konstruktionsb\u00fcro vereint das gesamte Know-how und die Fachkompetenz von SOFILA, die seit dem 19. Jahrhundert in allen T\u00e4tigkeitsbereichen, mit allen Materialien und bei allen Verarbeitungsprozessen von Generation zu Generation weitergegeben wurden.<\/p>\n","protected":false},"excerpt":{"rendered":"<p>Sofila-Konstruktionsb\u00fcro: im Dienste der textilen Innovation Das Konstruktionsb\u00fcro vereint das gesamte Know-how und die Fachkompetenz von SOFILA, die seit dem 19. Jahrhundert in allen T\u00e4tigkeitsbereichen, mit allen Materialien und bei allen Verarbeitungsprozessen von Generation zu Generation weitergegeben wurden. [&#8230;]<\/p>\n<p><a class=\"btn btn-secondary understrap-read-more-link\" href=\"https:\/\/sofila.fr\/de\/sofila\/konstruktionsburo\/\">Weiterlesen\u00a0\u2026<span class=\"screen-reader-text\"> from Konstruktionsb\u00fcro<\/span><\/a><\/p>\n","protected":false},"author":1,"featured_media":0,"parent":4511,"menu_order":0,"comment_status":"closed","ping_status":"closed","template":"page-templates\/bureau-etude.php","meta":{"_acf_changed":false,"footnotes":""},"class_list":["post-4536","page","type-page","status-publish","hentry"],"acf":[],"yoast_head":"<!-- This site is optimized with the Yoast SEO plugin v26.5 - https:\/\/yoast.com\/wordpress\/plugins\/seo\/ -->\n<title>Konstruktionsb\u00fcro - Sofila<\/title>\n<meta name=\"description\" content=\"Die Konstruktionsabteilung vereint das gesamte Know-how und die Fachkompetenz von SOFILA, die seit dem 19. Jahrhundert von Generation zu Generation weitergegeben wurden.\" \/>\n<meta name=\"robots\" content=\"index, follow, max-snippet:-1, max-image-preview:large, max-video-preview:-1\" \/>\n<link rel=\"canonical\" href=\"https:\/\/sofila.fr\/de\/sofila\/konstruktionsburo\/\" \/>\n<meta property=\"og:locale\" content=\"de_DE\" \/>\n<meta property=\"og:type\" content=\"article\" \/>\n<meta property=\"og:title\" content=\"Konstruktionsb\u00fcro - Sofila\" \/>\n<meta property=\"og:description\" content=\"Die Konstruktionsabteilung vereint das gesamte Know-how und die Fachkompetenz von SOFILA, die seit dem 19. Jahrhundert von Generation zu Generation weitergegeben wurden.\" \/>\n<meta property=\"og:url\" content=\"https:\/\/sofila.fr\/de\/sofila\/konstruktionsburo\/\" \/>\n<meta property=\"og:site_name\" content=\"Sofila\" \/>\n<meta property=\"article:modified_time\" content=\"2025-09-29T12:24:02+00:00\" \/>\n<meta name=\"twitter:card\" content=\"summary_large_image\" \/>\n<meta name=\"twitter:label1\" content=\"Gesch\u00e4tzte Lesezeit\" \/>\n\t<meta name=\"twitter:data1\" content=\"6\u00a0Minute\" \/>\n<script type=\"application\/ld+json\" class=\"yoast-schema-graph\">{\"@context\":\"https:\/\/schema.org\",\"@graph\":[{\"@type\":\"WebPage\",\"@id\":\"https:\/\/sofila.fr\/de\/sofila\/konstruktionsburo\/\",\"url\":\"https:\/\/sofila.fr\/de\/sofila\/konstruktionsburo\/\",\"name\":\"Konstruktionsb\u00fcro - Sofila\",\"isPartOf\":{\"@id\":\"https:\/\/sofila.fr\/de\/#website\"},\"datePublished\":\"2025-01-27T14:59:04+00:00\",\"dateModified\":\"2025-09-29T12:24:02+00:00\",\"description\":\"Die Konstruktionsabteilung vereint das gesamte Know-how und die Fachkompetenz von SOFILA, die seit dem 19. Jahrhundert von Generation zu Generation weitergegeben wurden.\",\"breadcrumb\":{\"@id\":\"https:\/\/sofila.fr\/de\/sofila\/konstruktionsburo\/#breadcrumb\"},\"inLanguage\":\"de\",\"potentialAction\":[{\"@type\":\"ReadAction\",\"target\":[\"https:\/\/sofila.fr\/de\/sofila\/konstruktionsburo\/\"]}]},{\"@type\":\"BreadcrumbList\",\"@id\":\"https:\/\/sofila.fr\/de\/sofila\/konstruktionsburo\/#breadcrumb\",\"itemListElement\":[{\"@type\":\"ListItem\",\"position\":1,\"name\":\"Startseite\",\"item\":\"https:\/\/sofila.fr\/de\/\"},{\"@type\":\"ListItem\",\"position\":2,\"name\":\"Sofila\",\"item\":\"https:\/\/sofila.fr\/de\/sofila\/\"},{\"@type\":\"ListItem\",\"position\":3,\"name\":\"Konstruktionsb\u00fcro\"}]},{\"@type\":\"WebSite\",\"@id\":\"https:\/\/sofila.fr\/de\/#website\",\"url\":\"https:\/\/sofila.fr\/de\/\",\"name\":\"Sofila\",\"description\":\"Cr\u00e9ateur et expert du fil depuis 1894\",\"publisher\":{\"@id\":\"https:\/\/sofila.fr\/de\/#organization\"},\"potentialAction\":[{\"@type\":\"SearchAction\",\"target\":{\"@type\":\"EntryPoint\",\"urlTemplate\":\"https:\/\/sofila.fr\/de\/?s={search_term_string}\"},\"query-input\":{\"@type\":\"PropertyValueSpecification\",\"valueRequired\":true,\"valueName\":\"search_term_string\"}}],\"inLanguage\":\"de\"},{\"@type\":\"Organization\",\"@id\":\"https:\/\/sofila.fr\/de\/#organization\",\"name\":\"Sofila\",\"url\":\"https:\/\/sofila.fr\/de\/\",\"logo\":{\"@type\":\"ImageObject\",\"inLanguage\":\"de\",\"@id\":\"https:\/\/sofila.fr\/de\/#\/schema\/logo\/image\/\",\"url\":\"https:\/\/sofila.fr\/wp-content\/uploads\/2025\/02\/Logo-Sofila.svg\",\"contentUrl\":\"https:\/\/sofila.fr\/wp-content\/uploads\/2025\/02\/Logo-Sofila.svg\",\"caption\":\"Sofila\"},\"image\":{\"@id\":\"https:\/\/sofila.fr\/de\/#\/schema\/logo\/image\/\"}}]}<\/script>\n<!-- \/ Yoast SEO plugin. -->","yoast_head_json":{"title":"Konstruktionsb\u00fcro - Sofila","description":"Die Konstruktionsabteilung vereint das gesamte Know-how und die Fachkompetenz von SOFILA, die seit dem 19. Jahrhundert von Generation zu Generation weitergegeben wurden.","robots":{"index":"index","follow":"follow","max-snippet":"max-snippet:-1","max-image-preview":"max-image-preview:large","max-video-preview":"max-video-preview:-1"},"canonical":"https:\/\/sofila.fr\/de\/sofila\/konstruktionsburo\/","og_locale":"de_DE","og_type":"article","og_title":"Konstruktionsb\u00fcro - Sofila","og_description":"Die Konstruktionsabteilung vereint das gesamte Know-how und die Fachkompetenz von SOFILA, die seit dem 19. Jahrhundert von Generation zu Generation weitergegeben wurden.","og_url":"https:\/\/sofila.fr\/de\/sofila\/konstruktionsburo\/","og_site_name":"Sofila","article_modified_time":"2025-09-29T12:24:02+00:00","twitter_card":"summary_large_image","twitter_misc":{"Gesch\u00e4tzte Lesezeit":"6\u00a0Minute"},"schema":{"@context":"https:\/\/schema.org","@graph":[{"@type":"WebPage","@id":"https:\/\/sofila.fr\/de\/sofila\/konstruktionsburo\/","url":"https:\/\/sofila.fr\/de\/sofila\/konstruktionsburo\/","name":"Konstruktionsb\u00fcro - Sofila","isPartOf":{"@id":"https:\/\/sofila.fr\/de\/#website"},"datePublished":"2025-01-27T14:59:04+00:00","dateModified":"2025-09-29T12:24:02+00:00","description":"Die Konstruktionsabteilung vereint das gesamte Know-how und die Fachkompetenz von SOFILA, die seit dem 19. Jahrhundert von Generation zu Generation weitergegeben wurden.","breadcrumb":{"@id":"https:\/\/sofila.fr\/de\/sofila\/konstruktionsburo\/#breadcrumb"},"inLanguage":"de","potentialAction":[{"@type":"ReadAction","target":["https:\/\/sofila.fr\/de\/sofila\/konstruktionsburo\/"]}]},{"@type":"BreadcrumbList","@id":"https:\/\/sofila.fr\/de\/sofila\/konstruktionsburo\/#breadcrumb","itemListElement":[{"@type":"ListItem","position":1,"name":"Startseite","item":"https:\/\/sofila.fr\/de\/"},{"@type":"ListItem","position":2,"name":"Sofila","item":"https:\/\/sofila.fr\/de\/sofila\/"},{"@type":"ListItem","position":3,"name":"Konstruktionsb\u00fcro"}]},{"@type":"WebSite","@id":"https:\/\/sofila.fr\/de\/#website","url":"https:\/\/sofila.fr\/de\/","name":"Sofila","description":"Cr\u00e9ateur et expert du fil depuis 1894","publisher":{"@id":"https:\/\/sofila.fr\/de\/#organization"},"potentialAction":[{"@type":"SearchAction","target":{"@type":"EntryPoint","urlTemplate":"https:\/\/sofila.fr\/de\/?s={search_term_string}"},"query-input":{"@type":"PropertyValueSpecification","valueRequired":true,"valueName":"search_term_string"}}],"inLanguage":"de"},{"@type":"Organization","@id":"https:\/\/sofila.fr\/de\/#organization","name":"Sofila","url":"https:\/\/sofila.fr\/de\/","logo":{"@type":"ImageObject","inLanguage":"de","@id":"https:\/\/sofila.fr\/de\/#\/schema\/logo\/image\/","url":"https:\/\/sofila.fr\/wp-content\/uploads\/2025\/02\/Logo-Sofila.svg","contentUrl":"https:\/\/sofila.fr\/wp-content\/uploads\/2025\/02\/Logo-Sofila.svg","caption":"Sofila"},"image":{"@id":"https:\/\/sofila.fr\/de\/#\/schema\/logo\/image\/"}}]}},"jetpack_sharing_enabled":true,"_links":{"self":[{"href":"https:\/\/sofila.fr\/de\/wp-json\/wp\/v2\/pages\/4536","targetHints":{"allow":["GET"]}}],"collection":[{"href":"https:\/\/sofila.fr\/de\/wp-json\/wp\/v2\/pages"}],"about":[{"href":"https:\/\/sofila.fr\/de\/wp-json\/wp\/v2\/types\/page"}],"author":[{"embeddable":true,"href":"https:\/\/sofila.fr\/de\/wp-json\/wp\/v2\/users\/1"}],"replies":[{"embeddable":true,"href":"https:\/\/sofila.fr\/de\/wp-json\/wp\/v2\/comments?post=4536"}],"version-history":[{"count":3,"href":"https:\/\/sofila.fr\/de\/wp-json\/wp\/v2\/pages\/4536\/revisions"}],"predecessor-version":[{"id":4650,"href":"https:\/\/sofila.fr\/de\/wp-json\/wp\/v2\/pages\/4536\/revisions\/4650"}],"up":[{"embeddable":true,"href":"https:\/\/sofila.fr\/de\/wp-json\/wp\/v2\/pages\/4511"}],"wp:attachment":[{"href":"https:\/\/sofila.fr\/de\/wp-json\/wp\/v2\/media?parent=4536"}],"curies":[{"name":"wp","href":"https:\/\/api.w.org\/{rel}","templated":true}]}}