{"id":4514,"date":"2025-01-22T09:56:16","date_gmt":"2025-01-22T08:56:16","guid":{"rendered":"http:\/\/hgqwwba.cluster100.hosting.ovh.net\/sofila\/a-propos\/"},"modified":"2025-09-24T14:22:23","modified_gmt":"2025-09-24T13:22:23","slug":"ueber-uns","status":"publish","type":"page","link":"https:\/\/sofila.fr\/de\/sofila\/ueber-uns\/","title":{"rendered":"\u00dcber uns"},"content":{"rendered":"<h1>Sofila, ein wichtiger Akteur in der <em>Textilgarnvorbereitung<\/em> in Frankreich<\/h1>\n<p><span style=\"font-weight: 300;\">SOFILA ist einer der f\u00fchrenden franz\u00f6sischen Akteure in der Textilgarnvorbereitung, einem Beruf, der historisch unter dem Begriff \u201eMoulinier\u201c bekannt ist. Unsere Aufgabe besteht darin, f\u00fcr die Bed\u00fcrfnisse unserer Kunden \u201ema\u00dfgeschneiderte\u201c Garne entsprechend ihren Erwartungen und Projekten zu entwickeln.<\/p>\n","protected":false},"excerpt":{"rendered":"<p>Sofila, ein wichtiger Akteur in der Textilgarnvorbereitung in Frankreich SOFILA ist einer der f\u00fchrenden franz\u00f6sischen Akteure in der Textilgarnvorbereitung, einem Beruf, der historisch unter dem Begriff \u201eMoulinier\u201c bekannt ist. Unsere Aufgabe besteht darin, f\u00fcr die Bed\u00fcrfnisse unserer Kunden \u201ema\u00dfgeschneiderte\u201c Garne entsprechend ihren Erwartungen und Projekten zu entwickeln. [&#8230;]<\/p>\n<p><a class=\"btn btn-secondary understrap-read-more-link\" href=\"https:\/\/sofila.fr\/de\/sofila\/ueber-uns\/\">Weiterlesen\u00a0\u2026<span class=\"screen-reader-text\"> from \u00dcber uns<\/span><\/a><\/p>\n","protected":false},"author":1,"featured_media":0,"parent":4511,"menu_order":0,"comment_status":"closed","ping_status":"closed","template":"page-templates\/about.php","meta":{"_acf_changed":false,"footnotes":""},"class_list":["post-4514","page","type-page","status-publish","hentry"],"acf":[],"yoast_head":"<!-- This site is optimized with the Yoast SEO plugin v26.5 - https:\/\/yoast.com\/wordpress\/plugins\/seo\/ -->\n<title>Der Spezialist f\u00fcr Textilgarne - Sofila<\/title>\n<meta name=\"description\" content=\"SOFILA ist einer der f\u00fchrenden franz\u00f6sischen Anbieter f\u00fcr die ma\u00dfgeschneiderte Vorbereitung von Textilgarnen f\u00fcr jedes Ihrer Projekte.\" \/>\n<meta name=\"robots\" content=\"index, follow, max-snippet:-1, max-image-preview:large, max-video-preview:-1\" \/>\n<link rel=\"canonical\" href=\"https:\/\/sofila.fr\/de\/sofila\/ueber-uns\/\" \/>\n<meta property=\"og:locale\" content=\"de_DE\" \/>\n<meta property=\"og:type\" content=\"article\" \/>\n<meta property=\"og:title\" content=\"Der Spezialist f\u00fcr Textilgarne - Sofila\" \/>\n<meta property=\"og:description\" content=\"SOFILA ist einer der f\u00fchrenden franz\u00f6sischen Anbieter f\u00fcr die ma\u00dfgeschneiderte Vorbereitung von Textilgarnen f\u00fcr jedes Ihrer Projekte.\" \/>\n<meta property=\"og:url\" content=\"https:\/\/sofila.fr\/de\/sofila\/ueber-uns\/\" \/>\n<meta property=\"og:site_name\" content=\"Sofila\" \/>\n<meta property=\"article:modified_time\" content=\"2025-09-24T13:22:23+00:00\" \/>\n<meta name=\"twitter:card\" content=\"summary_large_image\" \/>\n<meta name=\"twitter:label1\" content=\"Gesch\u00e4tzte Lesezeit\" \/>\n\t<meta name=\"twitter:data1\" content=\"6\u00a0Minute\" \/>\n<script type=\"application\/ld+json\" class=\"yoast-schema-graph\">{\"@context\":\"https:\/\/schema.org\",\"@graph\":[{\"@type\":\"WebPage\",\"@id\":\"https:\/\/sofila.fr\/de\/sofila\/ueber-uns\/\",\"url\":\"https:\/\/sofila.fr\/de\/sofila\/ueber-uns\/\",\"name\":\"Der Spezialist f\u00fcr Textilgarne - Sofila\",\"isPartOf\":{\"@id\":\"https:\/\/sofila.fr\/de\/#website\"},\"datePublished\":\"2025-01-22T08:56:16+00:00\",\"dateModified\":\"2025-09-24T13:22:23+00:00\",\"description\":\"SOFILA ist einer der f\u00fchrenden franz\u00f6sischen Anbieter f\u00fcr die ma\u00dfgeschneiderte Vorbereitung von Textilgarnen f\u00fcr jedes Ihrer Projekte.\",\"breadcrumb\":{\"@id\":\"https:\/\/sofila.fr\/de\/sofila\/ueber-uns\/#breadcrumb\"},\"inLanguage\":\"de\",\"potentialAction\":[{\"@type\":\"ReadAction\",\"target\":[\"https:\/\/sofila.fr\/de\/sofila\/ueber-uns\/\"]}]},{\"@type\":\"BreadcrumbList\",\"@id\":\"https:\/\/sofila.fr\/de\/sofila\/ueber-uns\/#breadcrumb\",\"itemListElement\":[{\"@type\":\"ListItem\",\"position\":1,\"name\":\"Startseite\",\"item\":\"https:\/\/sofila.fr\/de\/\"},{\"@type\":\"ListItem\",\"position\":2,\"name\":\"Sofila\",\"item\":\"https:\/\/sofila.fr\/de\/sofila\/\"},{\"@type\":\"ListItem\",\"position\":3,\"name\":\"\u00dcber uns\"}]},{\"@type\":\"WebSite\",\"@id\":\"https:\/\/sofila.fr\/de\/#website\",\"url\":\"https:\/\/sofila.fr\/de\/\",\"name\":\"Sofila\",\"description\":\"Cr\u00e9ateur et expert du fil depuis 1894\",\"publisher\":{\"@id\":\"https:\/\/sofila.fr\/de\/#organization\"},\"potentialAction\":[{\"@type\":\"SearchAction\",\"target\":{\"@type\":\"EntryPoint\",\"urlTemplate\":\"https:\/\/sofila.fr\/de\/?s={search_term_string}\"},\"query-input\":{\"@type\":\"PropertyValueSpecification\",\"valueRequired\":true,\"valueName\":\"search_term_string\"}}],\"inLanguage\":\"de\"},{\"@type\":\"Organization\",\"@id\":\"https:\/\/sofila.fr\/de\/#organization\",\"name\":\"Sofila\",\"url\":\"https:\/\/sofila.fr\/de\/\",\"logo\":{\"@type\":\"ImageObject\",\"inLanguage\":\"de\",\"@id\":\"https:\/\/sofila.fr\/de\/#\/schema\/logo\/image\/\",\"url\":\"https:\/\/sofila.fr\/wp-content\/uploads\/2025\/02\/Logo-Sofila.svg\",\"contentUrl\":\"https:\/\/sofila.fr\/wp-content\/uploads\/2025\/02\/Logo-Sofila.svg\",\"caption\":\"Sofila\"},\"image\":{\"@id\":\"https:\/\/sofila.fr\/de\/#\/schema\/logo\/image\/\"}}]}<\/script>\n<!-- \/ Yoast SEO plugin. -->","yoast_head_json":{"title":"Der Spezialist f\u00fcr Textilgarne - Sofila","description":"SOFILA ist einer der f\u00fchrenden franz\u00f6sischen Anbieter f\u00fcr die ma\u00dfgeschneiderte Vorbereitung von Textilgarnen f\u00fcr jedes Ihrer Projekte.","robots":{"index":"index","follow":"follow","max-snippet":"max-snippet:-1","max-image-preview":"max-image-preview:large","max-video-preview":"max-video-preview:-1"},"canonical":"https:\/\/sofila.fr\/de\/sofila\/ueber-uns\/","og_locale":"de_DE","og_type":"article","og_title":"Der Spezialist f\u00fcr Textilgarne - Sofila","og_description":"SOFILA ist einer der f\u00fchrenden franz\u00f6sischen Anbieter f\u00fcr die ma\u00dfgeschneiderte Vorbereitung von Textilgarnen f\u00fcr jedes Ihrer Projekte.","og_url":"https:\/\/sofila.fr\/de\/sofila\/ueber-uns\/","og_site_name":"Sofila","article_modified_time":"2025-09-24T13:22:23+00:00","twitter_card":"summary_large_image","twitter_misc":{"Gesch\u00e4tzte Lesezeit":"6\u00a0Minute"},"schema":{"@context":"https:\/\/schema.org","@graph":[{"@type":"WebPage","@id":"https:\/\/sofila.fr\/de\/sofila\/ueber-uns\/","url":"https:\/\/sofila.fr\/de\/sofila\/ueber-uns\/","name":"Der Spezialist f\u00fcr Textilgarne - Sofila","isPartOf":{"@id":"https:\/\/sofila.fr\/de\/#website"},"datePublished":"2025-01-22T08:56:16+00:00","dateModified":"2025-09-24T13:22:23+00:00","description":"SOFILA ist einer der f\u00fchrenden franz\u00f6sischen Anbieter f\u00fcr die ma\u00dfgeschneiderte Vorbereitung von Textilgarnen f\u00fcr jedes Ihrer Projekte.","breadcrumb":{"@id":"https:\/\/sofila.fr\/de\/sofila\/ueber-uns\/#breadcrumb"},"inLanguage":"de","potentialAction":[{"@type":"ReadAction","target":["https:\/\/sofila.fr\/de\/sofila\/ueber-uns\/"]}]},{"@type":"BreadcrumbList","@id":"https:\/\/sofila.fr\/de\/sofila\/ueber-uns\/#breadcrumb","itemListElement":[{"@type":"ListItem","position":1,"name":"Startseite","item":"https:\/\/sofila.fr\/de\/"},{"@type":"ListItem","position":2,"name":"Sofila","item":"https:\/\/sofila.fr\/de\/sofila\/"},{"@type":"ListItem","position":3,"name":"\u00dcber uns"}]},{"@type":"WebSite","@id":"https:\/\/sofila.fr\/de\/#website","url":"https:\/\/sofila.fr\/de\/","name":"Sofila","description":"Cr\u00e9ateur et expert du fil depuis 1894","publisher":{"@id":"https:\/\/sofila.fr\/de\/#organization"},"potentialAction":[{"@type":"SearchAction","target":{"@type":"EntryPoint","urlTemplate":"https:\/\/sofila.fr\/de\/?s={search_term_string}"},"query-input":{"@type":"PropertyValueSpecification","valueRequired":true,"valueName":"search_term_string"}}],"inLanguage":"de"},{"@type":"Organization","@id":"https:\/\/sofila.fr\/de\/#organization","name":"Sofila","url":"https:\/\/sofila.fr\/de\/","logo":{"@type":"ImageObject","inLanguage":"de","@id":"https:\/\/sofila.fr\/de\/#\/schema\/logo\/image\/","url":"https:\/\/sofila.fr\/wp-content\/uploads\/2025\/02\/Logo-Sofila.svg","contentUrl":"https:\/\/sofila.fr\/wp-content\/uploads\/2025\/02\/Logo-Sofila.svg","caption":"Sofila"},"image":{"@id":"https:\/\/sofila.fr\/de\/#\/schema\/logo\/image\/"}}]}},"jetpack_sharing_enabled":true,"_links":{"self":[{"href":"https:\/\/sofila.fr\/de\/wp-json\/wp\/v2\/pages\/4514","targetHints":{"allow":["GET"]}}],"collection":[{"href":"https:\/\/sofila.fr\/de\/wp-json\/wp\/v2\/pages"}],"about":[{"href":"https:\/\/sofila.fr\/de\/wp-json\/wp\/v2\/types\/page"}],"author":[{"embeddable":true,"href":"https:\/\/sofila.fr\/de\/wp-json\/wp\/v2\/users\/1"}],"replies":[{"embeddable":true,"href":"https:\/\/sofila.fr\/de\/wp-json\/wp\/v2\/comments?post=4514"}],"version-history":[{"count":4,"href":"https:\/\/sofila.fr\/de\/wp-json\/wp\/v2\/pages\/4514\/revisions"}],"predecessor-version":[{"id":5743,"href":"https:\/\/sofila.fr\/de\/wp-json\/wp\/v2\/pages\/4514\/revisions\/5743"}],"up":[{"embeddable":true,"href":"https:\/\/sofila.fr\/de\/wp-json\/wp\/v2\/pages\/4511"}],"wp:attachment":[{"href":"https:\/\/sofila.fr\/de\/wp-json\/wp\/v2\/media?parent=4514"}],"curies":[{"name":"wp","href":"https:\/\/api.w.org\/{rel}","templated":true}]}}