{"id":4503,"date":"2025-02-04T16:58:16","date_gmt":"2025-02-04T15:58:16","guid":{"rendered":"http:\/\/hgqwwba.cluster100.hosting.ovh.net\/secteurs\/technique\/equipement-outdoor-et-sport\/"},"modified":"2025-09-26T09:51:42","modified_gmt":"2025-09-26T08:51:42","slug":"outdoor-und-sportausruestung","status":"publish","type":"page","link":"https:\/\/sofila.fr\/de\/sektoren\/technik\/outdoor-und-sportausruestung\/","title":{"rendered":"Outdoor- und Sportausr\u00fcstung"},"content":{"rendered":"<h1><em>Technik<\/em> und <em>Robustheit<\/em>: leistungsstarke Garne f\u00fcr <em>Sport<\/em> und <em>Outdoor<\/em><\/h1>\n<p>Der Sport- und Outdoor-Bereich umfasst alle sportlichen Aktivit\u00e4ten im Innen- und Au\u00dfenbereich, f\u00fcr die Textilien ebenso vielf\u00e4ltige Anwendungsm\u00f6glichkeiten bieten wie die Aktivit\u00e4ten selbst! Textilien k\u00f6nnen im Sport eine zentrale Rolle spielen (Segel, Zeltplanen usw.), ein wichtiger Bestandteil der Ausr\u00fcstung sein (Fechtmatten, Schutznetze usw.) oder ganz allgemein f\u00fcr Sportger\u00e4te verwendet werden. Unabh\u00e4ngig vom Einsatzbereich bietet Sofila eine gezielte und pr\u00e4zise L\u00f6sung f\u00fcr funktionale oder sicherheitsrelevante Anforderungen.<\/p>\n","protected":false},"excerpt":{"rendered":"<p>Technik und Robustheit: leistungsstarke Garne f\u00fcr Sport und Outdoor Der Sport- und Outdoor-Bereich umfasst alle sportlichen Aktivit\u00e4ten im Innen- und Au\u00dfenbereich, f\u00fcr die Textilien ebenso vielf\u00e4ltige Anwendungsm\u00f6glichkeiten bieten wie die Aktivit\u00e4ten selbst! Textilien k\u00f6nnen im Sport eine zentrale Rolle spielen (Segel, Zeltplanen usw.), ein wichtiger Bestandteil der Ausr\u00fcstung sein (Fechtmatten, Schutznetze usw.) oder ganz allgemein [&#8230;]<\/p>\n<p><a class=\"btn btn-secondary understrap-read-more-link\" href=\"https:\/\/sofila.fr\/de\/sektoren\/technik\/outdoor-und-sportausruestung\/\">Weiterlesen\u00a0\u2026<span class=\"screen-reader-text\"> from Outdoor- und Sportausr\u00fcstung<\/span><\/a><\/p>\n","protected":false},"author":1,"featured_media":3810,"parent":4494,"menu_order":0,"comment_status":"closed","ping_status":"closed","template":"page-templates\/template-secteur-child.php","meta":{"_acf_changed":false,"footnotes":""},"class_list":["post-4503","page","type-page","status-publish","has-post-thumbnail","hentry"],"acf":[],"yoast_head":"<!-- This site is optimized with the Yoast SEO plugin v26.5 - https:\/\/yoast.com\/wordpress\/plugins\/seo\/ -->\n<title>Sportausr\u00fcstung - Sofila<\/title>\n<meta name=\"description\" content=\"Was auch immer Ihr Anliegen ist, Sofila bietet Ihnen eine gezielte, pr\u00e4zise, funktionale und sichere L\u00f6sung f\u00fcr Ihre Sportausr\u00fcstung.\" \/>\n<meta name=\"robots\" content=\"index, follow, max-snippet:-1, max-image-preview:large, max-video-preview:-1\" \/>\n<link rel=\"canonical\" href=\"https:\/\/sofila.fr\/de\/sektoren\/technik\/outdoor-und-sportausruestung\/\" \/>\n<meta property=\"og:locale\" content=\"de_DE\" \/>\n<meta property=\"og:type\" content=\"article\" \/>\n<meta property=\"og:title\" content=\"Sportausr\u00fcstung - Sofila\" \/>\n<meta property=\"og:description\" content=\"Was auch immer Ihr Anliegen ist, Sofila bietet Ihnen eine gezielte, pr\u00e4zise, funktionale und sichere L\u00f6sung f\u00fcr Ihre Sportausr\u00fcstung.\" \/>\n<meta property=\"og:url\" content=\"https:\/\/sofila.fr\/de\/sektoren\/technik\/outdoor-und-sportausruestung\/\" \/>\n<meta property=\"og:site_name\" content=\"Sofila\" \/>\n<meta property=\"article:modified_time\" content=\"2025-09-26T08:51:42+00:00\" \/>\n<meta property=\"og:image\" content=\"https:\/\/sofila.fr\/wp-content\/uploads\/2025\/02\/equipement-corde-1-768x576.jpg.webp\" \/>\n\t<meta property=\"og:image:width\" content=\"768\" \/>\n\t<meta property=\"og:image:height\" content=\"576\" \/>\n\t<meta property=\"og:image:type\" content=\"image\/webp\" \/>\n<meta name=\"twitter:card\" content=\"summary_large_image\" \/>\n<meta name=\"twitter:label1\" content=\"Gesch\u00e4tzte Lesezeit\" \/>\n\t<meta name=\"twitter:data1\" content=\"1\u00a0Minute\" \/>\n<script type=\"application\/ld+json\" class=\"yoast-schema-graph\">{\"@context\":\"https:\/\/schema.org\",\"@graph\":[{\"@type\":\"WebPage\",\"@id\":\"https:\/\/sofila.fr\/de\/sektoren\/technik\/outdoor-und-sportausruestung\/\",\"url\":\"https:\/\/sofila.fr\/de\/sektoren\/technik\/outdoor-und-sportausruestung\/\",\"name\":\"Sportausr\u00fcstung - Sofila\",\"isPartOf\":{\"@id\":\"https:\/\/sofila.fr\/de\/#website\"},\"primaryImageOfPage\":{\"@id\":\"https:\/\/sofila.fr\/de\/sektoren\/technik\/outdoor-und-sportausruestung\/#primaryimage\"},\"image\":{\"@id\":\"https:\/\/sofila.fr\/de\/sektoren\/technik\/outdoor-und-sportausruestung\/#primaryimage\"},\"thumbnailUrl\":\"https:\/\/sofila.fr\/wp-content\/uploads\/2025\/02\/equipement-corde-1-768x576.jpg.webp\",\"datePublished\":\"2025-02-04T15:58:16+00:00\",\"dateModified\":\"2025-09-26T08:51:42+00:00\",\"description\":\"Was auch immer Ihr Anliegen ist, Sofila bietet Ihnen eine gezielte, pr\u00e4zise, funktionale und sichere L\u00f6sung f\u00fcr Ihre Sportausr\u00fcstung.\",\"breadcrumb\":{\"@id\":\"https:\/\/sofila.fr\/de\/sektoren\/technik\/outdoor-und-sportausruestung\/#breadcrumb\"},\"inLanguage\":\"de\",\"potentialAction\":[{\"@type\":\"ReadAction\",\"target\":[\"https:\/\/sofila.fr\/de\/sektoren\/technik\/outdoor-und-sportausruestung\/\"]}]},{\"@type\":\"ImageObject\",\"inLanguage\":\"de\",\"@id\":\"https:\/\/sofila.fr\/de\/sektoren\/technik\/outdoor-und-sportausruestung\/#primaryimage\",\"url\":\"https:\/\/sofila.fr\/wp-content\/uploads\/2025\/02\/equipement-corde-1-768x576.jpg.webp\",\"contentUrl\":\"https:\/\/sofila.fr\/wp-content\/uploads\/2025\/02\/equipement-corde-1-768x576.jpg.webp\",\"width\":768,\"height\":576,\"caption\":\"mat\u00e9riel de sport\"},{\"@type\":\"BreadcrumbList\",\"@id\":\"https:\/\/sofila.fr\/de\/sektoren\/technik\/outdoor-und-sportausruestung\/#breadcrumb\",\"itemListElement\":[{\"@type\":\"ListItem\",\"position\":1,\"name\":\"Startseite\",\"item\":\"https:\/\/sofila.fr\/de\/\"},{\"@type\":\"ListItem\",\"position\":2,\"name\":\"Sektoren\",\"item\":\"https:\/\/sofila.fr\/de\/sektoren\/\"},{\"@type\":\"ListItem\",\"position\":3,\"name\":\"Technik\",\"item\":\"https:\/\/sofila.fr\/de\/sektoren\/technik\/\"},{\"@type\":\"ListItem\",\"position\":4,\"name\":\"Outdoor- und Sportausr\u00fcstung\"}]},{\"@type\":\"WebSite\",\"@id\":\"https:\/\/sofila.fr\/de\/#website\",\"url\":\"https:\/\/sofila.fr\/de\/\",\"name\":\"Sofila\",\"description\":\"Cr\u00e9ateur et expert du fil depuis 1894\",\"publisher\":{\"@id\":\"https:\/\/sofila.fr\/de\/#organization\"},\"potentialAction\":[{\"@type\":\"SearchAction\",\"target\":{\"@type\":\"EntryPoint\",\"urlTemplate\":\"https:\/\/sofila.fr\/de\/?s={search_term_string}\"},\"query-input\":{\"@type\":\"PropertyValueSpecification\",\"valueRequired\":true,\"valueName\":\"search_term_string\"}}],\"inLanguage\":\"de\"},{\"@type\":\"Organization\",\"@id\":\"https:\/\/sofila.fr\/de\/#organization\",\"name\":\"Sofila\",\"url\":\"https:\/\/sofila.fr\/de\/\",\"logo\":{\"@type\":\"ImageObject\",\"inLanguage\":\"de\",\"@id\":\"https:\/\/sofila.fr\/de\/#\/schema\/logo\/image\/\",\"url\":\"https:\/\/sofila.fr\/wp-content\/uploads\/2025\/02\/Logo-Sofila.svg\",\"contentUrl\":\"https:\/\/sofila.fr\/wp-content\/uploads\/2025\/02\/Logo-Sofila.svg\",\"caption\":\"Sofila\"},\"image\":{\"@id\":\"https:\/\/sofila.fr\/de\/#\/schema\/logo\/image\/\"}}]}<\/script>\n<!-- \/ Yoast SEO plugin. -->","yoast_head_json":{"title":"Sportausr\u00fcstung - Sofila","description":"Was auch immer Ihr Anliegen ist, Sofila bietet Ihnen eine gezielte, pr\u00e4zise, funktionale und sichere L\u00f6sung f\u00fcr Ihre Sportausr\u00fcstung.","robots":{"index":"index","follow":"follow","max-snippet":"max-snippet:-1","max-image-preview":"max-image-preview:large","max-video-preview":"max-video-preview:-1"},"canonical":"https:\/\/sofila.fr\/de\/sektoren\/technik\/outdoor-und-sportausruestung\/","og_locale":"de_DE","og_type":"article","og_title":"Sportausr\u00fcstung - Sofila","og_description":"Was auch immer Ihr Anliegen ist, Sofila bietet Ihnen eine gezielte, pr\u00e4zise, funktionale und sichere L\u00f6sung f\u00fcr Ihre Sportausr\u00fcstung.","og_url":"https:\/\/sofila.fr\/de\/sektoren\/technik\/outdoor-und-sportausruestung\/","og_site_name":"Sofila","article_modified_time":"2025-09-26T08:51:42+00:00","og_image":[{"width":768,"height":576,"url":"https:\/\/sofila.fr\/wp-content\/uploads\/2025\/02\/equipement-corde-1-768x576.jpg.webp","type":"image\/webp"}],"twitter_card":"summary_large_image","twitter_misc":{"Gesch\u00e4tzte Lesezeit":"1\u00a0Minute"},"schema":{"@context":"https:\/\/schema.org","@graph":[{"@type":"WebPage","@id":"https:\/\/sofila.fr\/de\/sektoren\/technik\/outdoor-und-sportausruestung\/","url":"https:\/\/sofila.fr\/de\/sektoren\/technik\/outdoor-und-sportausruestung\/","name":"Sportausr\u00fcstung - Sofila","isPartOf":{"@id":"https:\/\/sofila.fr\/de\/#website"},"primaryImageOfPage":{"@id":"https:\/\/sofila.fr\/de\/sektoren\/technik\/outdoor-und-sportausruestung\/#primaryimage"},"image":{"@id":"https:\/\/sofila.fr\/de\/sektoren\/technik\/outdoor-und-sportausruestung\/#primaryimage"},"thumbnailUrl":"https:\/\/sofila.fr\/wp-content\/uploads\/2025\/02\/equipement-corde-1-768x576.jpg.webp","datePublished":"2025-02-04T15:58:16+00:00","dateModified":"2025-09-26T08:51:42+00:00","description":"Was auch immer Ihr Anliegen ist, Sofila bietet Ihnen eine gezielte, pr\u00e4zise, funktionale und sichere L\u00f6sung f\u00fcr Ihre Sportausr\u00fcstung.","breadcrumb":{"@id":"https:\/\/sofila.fr\/de\/sektoren\/technik\/outdoor-und-sportausruestung\/#breadcrumb"},"inLanguage":"de","potentialAction":[{"@type":"ReadAction","target":["https:\/\/sofila.fr\/de\/sektoren\/technik\/outdoor-und-sportausruestung\/"]}]},{"@type":"ImageObject","inLanguage":"de","@id":"https:\/\/sofila.fr\/de\/sektoren\/technik\/outdoor-und-sportausruestung\/#primaryimage","url":"https:\/\/sofila.fr\/wp-content\/uploads\/2025\/02\/equipement-corde-1-768x576.jpg.webp","contentUrl":"https:\/\/sofila.fr\/wp-content\/uploads\/2025\/02\/equipement-corde-1-768x576.jpg.webp","width":768,"height":576,"caption":"mat\u00e9riel de sport"},{"@type":"BreadcrumbList","@id":"https:\/\/sofila.fr\/de\/sektoren\/technik\/outdoor-und-sportausruestung\/#breadcrumb","itemListElement":[{"@type":"ListItem","position":1,"name":"Startseite","item":"https:\/\/sofila.fr\/de\/"},{"@type":"ListItem","position":2,"name":"Sektoren","item":"https:\/\/sofila.fr\/de\/sektoren\/"},{"@type":"ListItem","position":3,"name":"Technik","item":"https:\/\/sofila.fr\/de\/sektoren\/technik\/"},{"@type":"ListItem","position":4,"name":"Outdoor- und Sportausr\u00fcstung"}]},{"@type":"WebSite","@id":"https:\/\/sofila.fr\/de\/#website","url":"https:\/\/sofila.fr\/de\/","name":"Sofila","description":"Cr\u00e9ateur et expert du fil depuis 1894","publisher":{"@id":"https:\/\/sofila.fr\/de\/#organization"},"potentialAction":[{"@type":"SearchAction","target":{"@type":"EntryPoint","urlTemplate":"https:\/\/sofila.fr\/de\/?s={search_term_string}"},"query-input":{"@type":"PropertyValueSpecification","valueRequired":true,"valueName":"search_term_string"}}],"inLanguage":"de"},{"@type":"Organization","@id":"https:\/\/sofila.fr\/de\/#organization","name":"Sofila","url":"https:\/\/sofila.fr\/de\/","logo":{"@type":"ImageObject","inLanguage":"de","@id":"https:\/\/sofila.fr\/de\/#\/schema\/logo\/image\/","url":"https:\/\/sofila.fr\/wp-content\/uploads\/2025\/02\/Logo-Sofila.svg","contentUrl":"https:\/\/sofila.fr\/wp-content\/uploads\/2025\/02\/Logo-Sofila.svg","caption":"Sofila"},"image":{"@id":"https:\/\/sofila.fr\/de\/#\/schema\/logo\/image\/"}}]}},"jetpack_sharing_enabled":true,"_links":{"self":[{"href":"https:\/\/sofila.fr\/de\/wp-json\/wp\/v2\/pages\/4503","targetHints":{"allow":["GET"]}}],"collection":[{"href":"https:\/\/sofila.fr\/de\/wp-json\/wp\/v2\/pages"}],"about":[{"href":"https:\/\/sofila.fr\/de\/wp-json\/wp\/v2\/types\/page"}],"author":[{"embeddable":true,"href":"https:\/\/sofila.fr\/de\/wp-json\/wp\/v2\/users\/1"}],"replies":[{"embeddable":true,"href":"https:\/\/sofila.fr\/de\/wp-json\/wp\/v2\/comments?post=4503"}],"version-history":[{"count":3,"href":"https:\/\/sofila.fr\/de\/wp-json\/wp\/v2\/pages\/4503\/revisions"}],"predecessor-version":[{"id":6613,"href":"https:\/\/sofila.fr\/de\/wp-json\/wp\/v2\/pages\/4503\/revisions\/6613"}],"up":[{"embeddable":true,"href":"https:\/\/sofila.fr\/de\/wp-json\/wp\/v2\/pages\/4494"}],"wp:featuredmedia":[{"embeddable":true,"href":"https:\/\/sofila.fr\/de\/wp-json\/wp\/v2\/media\/3810"}],"wp:attachment":[{"href":"https:\/\/sofila.fr\/de\/wp-json\/wp\/v2\/media?parent=4503"}],"curies":[{"name":"wp","href":"https:\/\/api.w.org\/{rel}","templated":true}]}}