{"id":4499,"date":"2025-02-04T16:57:48","date_gmt":"2025-02-04T15:57:48","guid":{"rendered":"http:\/\/hgqwwba.cluster100.hosting.ovh.net\/secteurs\/technique\/batiment\/"},"modified":"2025-09-26T09:51:10","modified_gmt":"2025-09-26T08:51:10","slug":"gebaeude","status":"publish","type":"page","link":"https:\/\/sofila.fr\/de\/sektoren\/technik\/gebaeude\/","title":{"rendered":"Geb\u00e4ude"},"content":{"rendered":"<h1>Textilien f\u00fcr die Herausforderungen der Bauindustrie<\/h1>\n<p>Der Bausektor umfasst zahlreiche Aktivit\u00e4ten, sei es im Wohnungsbau oder im Hoch- und Tiefbau (Stra\u00dfen, Br\u00fccken usw.). Unabh\u00e4ngig von der Anwendung spielen Textilien eine Schl\u00fcsselrolle bei der Funktionalisierung von Bauwerken: Abdichtung, Filtration, Verst\u00e4rkung, Bauformen &#8230; all dies sind Anwendungsbereiche, in denen Sofila sein Fachwissen einbringen kann.<\/p>\n","protected":false},"excerpt":{"rendered":"<p>Textilien f\u00fcr die Herausforderungen der Bauindustrie Der Bausektor umfasst zahlreiche Aktivit\u00e4ten, sei es im Wohnungsbau oder im Hoch- und Tiefbau (Stra\u00dfen, Br\u00fccken usw.). Unabh\u00e4ngig von der Anwendung spielen Textilien eine Schl\u00fcsselrolle bei der Funktionalisierung von Bauwerken: Abdichtung, Filtration, Verst\u00e4rkung, Bauformen &#8230; all dies sind Anwendungsbereiche, in denen Sofila sein Fachwissen einbringen kann. [&#8230;]<\/p>\n<p><a class=\"btn btn-secondary understrap-read-more-link\" href=\"https:\/\/sofila.fr\/de\/sektoren\/technik\/gebaeude\/\">Weiterlesen\u00a0\u2026<span class=\"screen-reader-text\"> from Geb\u00e4ude<\/span><\/a><\/p>\n","protected":false},"author":1,"featured_media":3792,"parent":4494,"menu_order":0,"comment_status":"closed","ping_status":"closed","template":"page-templates\/template-secteur-child.php","meta":{"_acf_changed":false,"footnotes":""},"class_list":["post-4499","page","type-page","status-publish","has-post-thumbnail","hentry"],"acf":[],"yoast_head":"<!-- This site is optimized with the Yoast SEO plugin v26.5 - https:\/\/yoast.com\/wordpress\/plugins\/seo\/ -->\n<title>Geb\u00e4ude - Sofila<\/title>\n<meta name=\"description\" content=\"Unabh\u00e4ngig von der Anwendung spielt Textil eine Schl\u00fcsselrolle bei der Funktionalisierung von Konstruktionen im Bausektor.\" \/>\n<meta name=\"robots\" content=\"index, follow, max-snippet:-1, max-image-preview:large, max-video-preview:-1\" \/>\n<link rel=\"canonical\" href=\"https:\/\/sofila.fr\/de\/sektoren\/technik\/gebaeude\/\" \/>\n<meta property=\"og:locale\" content=\"de_DE\" \/>\n<meta property=\"og:type\" content=\"article\" \/>\n<meta property=\"og:title\" content=\"Geb\u00e4ude - Sofila\" \/>\n<meta property=\"og:description\" content=\"Unabh\u00e4ngig von der Anwendung spielt Textil eine Schl\u00fcsselrolle bei der Funktionalisierung von Konstruktionen im Bausektor.\" \/>\n<meta property=\"og:url\" content=\"https:\/\/sofila.fr\/de\/sektoren\/technik\/gebaeude\/\" \/>\n<meta property=\"og:site_name\" content=\"Sofila\" \/>\n<meta property=\"article:modified_time\" content=\"2025-09-26T08:51:10+00:00\" \/>\n<meta property=\"og:image\" content=\"https:\/\/sofila.fr\/wp-content\/uploads\/2025\/02\/op.jpg\" \/>\n\t<meta property=\"og:image:width\" content=\"800\" \/>\n\t<meta property=\"og:image:height\" content=\"576\" \/>\n\t<meta property=\"og:image:type\" content=\"image\/jpeg\" \/>\n<meta name=\"twitter:card\" content=\"summary_large_image\" \/>\n<meta name=\"twitter:label1\" content=\"Gesch\u00e4tzte Lesezeit\" \/>\n\t<meta name=\"twitter:data1\" content=\"1\u00a0Minute\" \/>\n<script type=\"application\/ld+json\" class=\"yoast-schema-graph\">{\"@context\":\"https:\/\/schema.org\",\"@graph\":[{\"@type\":\"WebPage\",\"@id\":\"https:\/\/sofila.fr\/de\/sektoren\/technik\/gebaeude\/\",\"url\":\"https:\/\/sofila.fr\/de\/sektoren\/technik\/gebaeude\/\",\"name\":\"Geb\u00e4ude - Sofila\",\"isPartOf\":{\"@id\":\"https:\/\/sofila.fr\/de\/#website\"},\"primaryImageOfPage\":{\"@id\":\"https:\/\/sofila.fr\/de\/sektoren\/technik\/gebaeude\/#primaryimage\"},\"image\":{\"@id\":\"https:\/\/sofila.fr\/de\/sektoren\/technik\/gebaeude\/#primaryimage\"},\"thumbnailUrl\":\"https:\/\/sofila.fr\/wp-content\/uploads\/2025\/02\/op.jpg\",\"datePublished\":\"2025-02-04T15:57:48+00:00\",\"dateModified\":\"2025-09-26T08:51:10+00:00\",\"description\":\"Unabh\u00e4ngig von der Anwendung spielt Textil eine Schl\u00fcsselrolle bei der Funktionalisierung von Konstruktionen im Bausektor.\",\"breadcrumb\":{\"@id\":\"https:\/\/sofila.fr\/de\/sektoren\/technik\/gebaeude\/#breadcrumb\"},\"inLanguage\":\"de\",\"potentialAction\":[{\"@type\":\"ReadAction\",\"target\":[\"https:\/\/sofila.fr\/de\/sektoren\/technik\/gebaeude\/\"]}]},{\"@type\":\"ImageObject\",\"inLanguage\":\"de\",\"@id\":\"https:\/\/sofila.fr\/de\/sektoren\/technik\/gebaeude\/#primaryimage\",\"url\":\"https:\/\/sofila.fr\/wp-content\/uploads\/2025\/02\/op.jpg\",\"contentUrl\":\"https:\/\/sofila.fr\/wp-content\/uploads\/2025\/02\/op.jpg\",\"width\":800,\"height\":576,\"caption\":\"Le secteur du b\u00e2timent\"},{\"@type\":\"BreadcrumbList\",\"@id\":\"https:\/\/sofila.fr\/de\/sektoren\/technik\/gebaeude\/#breadcrumb\",\"itemListElement\":[{\"@type\":\"ListItem\",\"position\":1,\"name\":\"Startseite\",\"item\":\"https:\/\/sofila.fr\/de\/\"},{\"@type\":\"ListItem\",\"position\":2,\"name\":\"Sektoren\",\"item\":\"https:\/\/sofila.fr\/de\/sektoren\/\"},{\"@type\":\"ListItem\",\"position\":3,\"name\":\"Technik\",\"item\":\"https:\/\/sofila.fr\/de\/sektoren\/technik\/\"},{\"@type\":\"ListItem\",\"position\":4,\"name\":\"Geb\u00e4ude\"}]},{\"@type\":\"WebSite\",\"@id\":\"https:\/\/sofila.fr\/de\/#website\",\"url\":\"https:\/\/sofila.fr\/de\/\",\"name\":\"Sofila\",\"description\":\"Cr\u00e9ateur et expert du fil depuis 1894\",\"publisher\":{\"@id\":\"https:\/\/sofila.fr\/de\/#organization\"},\"potentialAction\":[{\"@type\":\"SearchAction\",\"target\":{\"@type\":\"EntryPoint\",\"urlTemplate\":\"https:\/\/sofila.fr\/de\/?s={search_term_string}\"},\"query-input\":{\"@type\":\"PropertyValueSpecification\",\"valueRequired\":true,\"valueName\":\"search_term_string\"}}],\"inLanguage\":\"de\"},{\"@type\":\"Organization\",\"@id\":\"https:\/\/sofila.fr\/de\/#organization\",\"name\":\"Sofila\",\"url\":\"https:\/\/sofila.fr\/de\/\",\"logo\":{\"@type\":\"ImageObject\",\"inLanguage\":\"de\",\"@id\":\"https:\/\/sofila.fr\/de\/#\/schema\/logo\/image\/\",\"url\":\"https:\/\/sofila.fr\/wp-content\/uploads\/2025\/02\/Logo-Sofila.svg\",\"contentUrl\":\"https:\/\/sofila.fr\/wp-content\/uploads\/2025\/02\/Logo-Sofila.svg\",\"caption\":\"Sofila\"},\"image\":{\"@id\":\"https:\/\/sofila.fr\/de\/#\/schema\/logo\/image\/\"}}]}<\/script>\n<!-- \/ Yoast SEO plugin. -->","yoast_head_json":{"title":"Geb\u00e4ude - Sofila","description":"Unabh\u00e4ngig von der Anwendung spielt Textil eine Schl\u00fcsselrolle bei der Funktionalisierung von Konstruktionen im Bausektor.","robots":{"index":"index","follow":"follow","max-snippet":"max-snippet:-1","max-image-preview":"max-image-preview:large","max-video-preview":"max-video-preview:-1"},"canonical":"https:\/\/sofila.fr\/de\/sektoren\/technik\/gebaeude\/","og_locale":"de_DE","og_type":"article","og_title":"Geb\u00e4ude - Sofila","og_description":"Unabh\u00e4ngig von der Anwendung spielt Textil eine Schl\u00fcsselrolle bei der Funktionalisierung von Konstruktionen im Bausektor.","og_url":"https:\/\/sofila.fr\/de\/sektoren\/technik\/gebaeude\/","og_site_name":"Sofila","article_modified_time":"2025-09-26T08:51:10+00:00","og_image":[{"width":800,"height":576,"url":"https:\/\/sofila.fr\/wp-content\/uploads\/2025\/02\/op.jpg","type":"image\/jpeg"}],"twitter_card":"summary_large_image","twitter_misc":{"Gesch\u00e4tzte Lesezeit":"1\u00a0Minute"},"schema":{"@context":"https:\/\/schema.org","@graph":[{"@type":"WebPage","@id":"https:\/\/sofila.fr\/de\/sektoren\/technik\/gebaeude\/","url":"https:\/\/sofila.fr\/de\/sektoren\/technik\/gebaeude\/","name":"Geb\u00e4ude - Sofila","isPartOf":{"@id":"https:\/\/sofila.fr\/de\/#website"},"primaryImageOfPage":{"@id":"https:\/\/sofila.fr\/de\/sektoren\/technik\/gebaeude\/#primaryimage"},"image":{"@id":"https:\/\/sofila.fr\/de\/sektoren\/technik\/gebaeude\/#primaryimage"},"thumbnailUrl":"https:\/\/sofila.fr\/wp-content\/uploads\/2025\/02\/op.jpg","datePublished":"2025-02-04T15:57:48+00:00","dateModified":"2025-09-26T08:51:10+00:00","description":"Unabh\u00e4ngig von der Anwendung spielt Textil eine Schl\u00fcsselrolle bei der Funktionalisierung von Konstruktionen im Bausektor.","breadcrumb":{"@id":"https:\/\/sofila.fr\/de\/sektoren\/technik\/gebaeude\/#breadcrumb"},"inLanguage":"de","potentialAction":[{"@type":"ReadAction","target":["https:\/\/sofila.fr\/de\/sektoren\/technik\/gebaeude\/"]}]},{"@type":"ImageObject","inLanguage":"de","@id":"https:\/\/sofila.fr\/de\/sektoren\/technik\/gebaeude\/#primaryimage","url":"https:\/\/sofila.fr\/wp-content\/uploads\/2025\/02\/op.jpg","contentUrl":"https:\/\/sofila.fr\/wp-content\/uploads\/2025\/02\/op.jpg","width":800,"height":576,"caption":"Le secteur du b\u00e2timent"},{"@type":"BreadcrumbList","@id":"https:\/\/sofila.fr\/de\/sektoren\/technik\/gebaeude\/#breadcrumb","itemListElement":[{"@type":"ListItem","position":1,"name":"Startseite","item":"https:\/\/sofila.fr\/de\/"},{"@type":"ListItem","position":2,"name":"Sektoren","item":"https:\/\/sofila.fr\/de\/sektoren\/"},{"@type":"ListItem","position":3,"name":"Technik","item":"https:\/\/sofila.fr\/de\/sektoren\/technik\/"},{"@type":"ListItem","position":4,"name":"Geb\u00e4ude"}]},{"@type":"WebSite","@id":"https:\/\/sofila.fr\/de\/#website","url":"https:\/\/sofila.fr\/de\/","name":"Sofila","description":"Cr\u00e9ateur et expert du fil depuis 1894","publisher":{"@id":"https:\/\/sofila.fr\/de\/#organization"},"potentialAction":[{"@type":"SearchAction","target":{"@type":"EntryPoint","urlTemplate":"https:\/\/sofila.fr\/de\/?s={search_term_string}"},"query-input":{"@type":"PropertyValueSpecification","valueRequired":true,"valueName":"search_term_string"}}],"inLanguage":"de"},{"@type":"Organization","@id":"https:\/\/sofila.fr\/de\/#organization","name":"Sofila","url":"https:\/\/sofila.fr\/de\/","logo":{"@type":"ImageObject","inLanguage":"de","@id":"https:\/\/sofila.fr\/de\/#\/schema\/logo\/image\/","url":"https:\/\/sofila.fr\/wp-content\/uploads\/2025\/02\/Logo-Sofila.svg","contentUrl":"https:\/\/sofila.fr\/wp-content\/uploads\/2025\/02\/Logo-Sofila.svg","caption":"Sofila"},"image":{"@id":"https:\/\/sofila.fr\/de\/#\/schema\/logo\/image\/"}}]}},"jetpack_sharing_enabled":true,"_links":{"self":[{"href":"https:\/\/sofila.fr\/de\/wp-json\/wp\/v2\/pages\/4499","targetHints":{"allow":["GET"]}}],"collection":[{"href":"https:\/\/sofila.fr\/de\/wp-json\/wp\/v2\/pages"}],"about":[{"href":"https:\/\/sofila.fr\/de\/wp-json\/wp\/v2\/types\/page"}],"author":[{"embeddable":true,"href":"https:\/\/sofila.fr\/de\/wp-json\/wp\/v2\/users\/1"}],"replies":[{"embeddable":true,"href":"https:\/\/sofila.fr\/de\/wp-json\/wp\/v2\/comments?post=4499"}],"version-history":[{"count":3,"href":"https:\/\/sofila.fr\/de\/wp-json\/wp\/v2\/pages\/4499\/revisions"}],"predecessor-version":[{"id":6612,"href":"https:\/\/sofila.fr\/de\/wp-json\/wp\/v2\/pages\/4499\/revisions\/6612"}],"up":[{"embeddable":true,"href":"https:\/\/sofila.fr\/de\/wp-json\/wp\/v2\/pages\/4494"}],"wp:featuredmedia":[{"embeddable":true,"href":"https:\/\/sofila.fr\/de\/wp-json\/wp\/v2\/media\/3792"}],"wp:attachment":[{"href":"https:\/\/sofila.fr\/de\/wp-json\/wp\/v2\/media?parent=4499"}],"curies":[{"name":"wp","href":"https:\/\/api.w.org\/{rel}","templated":true}]}}