{"id":4494,"date":"2025-01-27T16:08:20","date_gmt":"2025-01-27T15:08:20","guid":{"rendered":"http:\/\/hgqwwba.cluster100.hosting.ovh.net\/secteurs\/technique\/"},"modified":"2025-09-26T09:50:51","modified_gmt":"2025-09-26T08:50:51","slug":"technik","status":"publish","type":"page","link":"https:\/\/sofila.fr\/de\/sektoren\/technik\/","title":{"rendered":"Technik"},"content":{"rendered":"<h1>Innovation im Dienste der technischen Berufe und des Ingenieurwesens<\/h1>\n<p class=\"lead\">Der Bereich der technischen Garne ist sehr breit gef\u00e4chert und umfasst alle Garne, die f\u00fcr Funktionsgewebe au\u00dferhalb der Bekleidungs- und Einrichtungsindustrie verwendet werden. Dazu geh\u00f6ren insbesondere Garne f\u00fcr Gewebe in der Luft- und Raumfahrt, im Transportwesen, in der Verteidigungsindustrie, in der Kernenergie, im Bauwesen, im Outdoor-Bereich usw.<\/p>\n","protected":false},"excerpt":{"rendered":"<p>Innovation im Dienste der technischen Berufe und des Ingenieurwesens Der Bereich der technischen Garne ist sehr breit gef\u00e4chert und umfasst alle Garne, die f\u00fcr Funktionsgewebe au\u00dferhalb der Bekleidungs- und Einrichtungsindustrie verwendet werden. Dazu geh\u00f6ren insbesondere Garne f\u00fcr Gewebe in der Luft- und Raumfahrt, im Transportwesen, in der Verteidigungsindustrie, in der Kernenergie, im Bauwesen, im Outdoor-Bereich [&#8230;]<\/p>\n<p><a class=\"btn btn-secondary understrap-read-more-link\" href=\"https:\/\/sofila.fr\/de\/sektoren\/technik\/\">Weiterlesen\u00a0\u2026<span class=\"screen-reader-text\"> from Technik<\/span><\/a><\/p>\n","protected":false},"author":1,"featured_media":3781,"parent":4443,"menu_order":0,"comment_status":"closed","ping_status":"closed","template":"page-templates\/template-secteur.php","meta":{"_acf_changed":false,"footnotes":""},"class_list":["post-4494","page","type-page","status-publish","has-post-thumbnail","hentry"],"acf":[],"yoast_head":"<!-- This site is optimized with the Yoast SEO plugin v26.5 - https:\/\/yoast.com\/wordpress\/plugins\/seo\/ -->\n<title>Technik - Sofila<\/title>\n<meta name=\"description\" content=\"Der Bereich der technischen Garne ist sehr breit gef\u00e4chert und umfasst alle Garne, die f\u00fcr Funktionsstoffe verwendet werden.\" \/>\n<meta name=\"robots\" content=\"index, follow, max-snippet:-1, max-image-preview:large, max-video-preview:-1\" \/>\n<link rel=\"canonical\" href=\"https:\/\/sofila.fr\/de\/sektoren\/technik\/\" \/>\n<meta property=\"og:locale\" content=\"de_DE\" \/>\n<meta property=\"og:type\" content=\"article\" \/>\n<meta property=\"og:title\" content=\"Technik - Sofila\" \/>\n<meta property=\"og:description\" content=\"Der Bereich der technischen Garne ist sehr breit gef\u00e4chert und umfasst alle Garne, die f\u00fcr Funktionsstoffe verwendet werden.\" \/>\n<meta property=\"og:url\" content=\"https:\/\/sofila.fr\/de\/sektoren\/technik\/\" \/>\n<meta property=\"og:site_name\" content=\"Sofila\" \/>\n<meta property=\"article:modified_time\" content=\"2025-09-26T08:50:51+00:00\" \/>\n<meta property=\"og:image\" content=\"https:\/\/sofila.fr\/wp-content\/uploads\/2025\/02\/texture-6850299_1280.jpg\" \/>\n\t<meta property=\"og:image:width\" content=\"1280\" \/>\n\t<meta property=\"og:image:height\" content=\"853\" \/>\n\t<meta property=\"og:image:type\" content=\"image\/jpeg\" \/>\n<meta name=\"twitter:card\" content=\"summary_large_image\" \/>\n<meta name=\"twitter:label1\" content=\"Gesch\u00e4tzte Lesezeit\" \/>\n\t<meta name=\"twitter:data1\" content=\"2\u00a0Minute\" \/>\n<script type=\"application\/ld+json\" class=\"yoast-schema-graph\">{\"@context\":\"https:\/\/schema.org\",\"@graph\":[{\"@type\":\"WebPage\",\"@id\":\"https:\/\/sofila.fr\/de\/sektoren\/technik\/\",\"url\":\"https:\/\/sofila.fr\/de\/sektoren\/technik\/\",\"name\":\"Technik - Sofila\",\"isPartOf\":{\"@id\":\"https:\/\/sofila.fr\/de\/#website\"},\"primaryImageOfPage\":{\"@id\":\"https:\/\/sofila.fr\/de\/sektoren\/technik\/#primaryimage\"},\"image\":{\"@id\":\"https:\/\/sofila.fr\/de\/sektoren\/technik\/#primaryimage\"},\"thumbnailUrl\":\"https:\/\/sofila.fr\/wp-content\/uploads\/2025\/02\/texture-6850299_1280.jpg\",\"datePublished\":\"2025-01-27T15:08:20+00:00\",\"dateModified\":\"2025-09-26T08:50:51+00:00\",\"description\":\"Der Bereich der technischen Garne ist sehr breit gef\u00e4chert und umfasst alle Garne, die f\u00fcr Funktionsstoffe verwendet werden.\",\"breadcrumb\":{\"@id\":\"https:\/\/sofila.fr\/de\/sektoren\/technik\/#breadcrumb\"},\"inLanguage\":\"de\",\"potentialAction\":[{\"@type\":\"ReadAction\",\"target\":[\"https:\/\/sofila.fr\/de\/sektoren\/technik\/\"]}]},{\"@type\":\"ImageObject\",\"inLanguage\":\"de\",\"@id\":\"https:\/\/sofila.fr\/de\/sektoren\/technik\/#primaryimage\",\"url\":\"https:\/\/sofila.fr\/wp-content\/uploads\/2025\/02\/texture-6850299_1280.jpg\",\"contentUrl\":\"https:\/\/sofila.fr\/wp-content\/uploads\/2025\/02\/texture-6850299_1280.jpg\",\"width\":1280,\"height\":853,\"caption\":\"Techniques\"},{\"@type\":\"BreadcrumbList\",\"@id\":\"https:\/\/sofila.fr\/de\/sektoren\/technik\/#breadcrumb\",\"itemListElement\":[{\"@type\":\"ListItem\",\"position\":1,\"name\":\"Startseite\",\"item\":\"https:\/\/sofila.fr\/de\/\"},{\"@type\":\"ListItem\",\"position\":2,\"name\":\"Sektoren\",\"item\":\"https:\/\/sofila.fr\/de\/sektoren\/\"},{\"@type\":\"ListItem\",\"position\":3,\"name\":\"Technik\"}]},{\"@type\":\"WebSite\",\"@id\":\"https:\/\/sofila.fr\/de\/#website\",\"url\":\"https:\/\/sofila.fr\/de\/\",\"name\":\"Sofila\",\"description\":\"Cr\u00e9ateur et expert du fil depuis 1894\",\"publisher\":{\"@id\":\"https:\/\/sofila.fr\/de\/#organization\"},\"potentialAction\":[{\"@type\":\"SearchAction\",\"target\":{\"@type\":\"EntryPoint\",\"urlTemplate\":\"https:\/\/sofila.fr\/de\/?s={search_term_string}\"},\"query-input\":{\"@type\":\"PropertyValueSpecification\",\"valueRequired\":true,\"valueName\":\"search_term_string\"}}],\"inLanguage\":\"de\"},{\"@type\":\"Organization\",\"@id\":\"https:\/\/sofila.fr\/de\/#organization\",\"name\":\"Sofila\",\"url\":\"https:\/\/sofila.fr\/de\/\",\"logo\":{\"@type\":\"ImageObject\",\"inLanguage\":\"de\",\"@id\":\"https:\/\/sofila.fr\/de\/#\/schema\/logo\/image\/\",\"url\":\"https:\/\/sofila.fr\/wp-content\/uploads\/2025\/02\/Logo-Sofila.svg\",\"contentUrl\":\"https:\/\/sofila.fr\/wp-content\/uploads\/2025\/02\/Logo-Sofila.svg\",\"caption\":\"Sofila\"},\"image\":{\"@id\":\"https:\/\/sofila.fr\/de\/#\/schema\/logo\/image\/\"}}]}<\/script>\n<!-- \/ Yoast SEO plugin. -->","yoast_head_json":{"title":"Technik - Sofila","description":"Der Bereich der technischen Garne ist sehr breit gef\u00e4chert und umfasst alle Garne, die f\u00fcr Funktionsstoffe verwendet werden.","robots":{"index":"index","follow":"follow","max-snippet":"max-snippet:-1","max-image-preview":"max-image-preview:large","max-video-preview":"max-video-preview:-1"},"canonical":"https:\/\/sofila.fr\/de\/sektoren\/technik\/","og_locale":"de_DE","og_type":"article","og_title":"Technik - Sofila","og_description":"Der Bereich der technischen Garne ist sehr breit gef\u00e4chert und umfasst alle Garne, die f\u00fcr Funktionsstoffe verwendet werden.","og_url":"https:\/\/sofila.fr\/de\/sektoren\/technik\/","og_site_name":"Sofila","article_modified_time":"2025-09-26T08:50:51+00:00","og_image":[{"width":1280,"height":853,"url":"https:\/\/sofila.fr\/wp-content\/uploads\/2025\/02\/texture-6850299_1280.jpg","type":"image\/jpeg"}],"twitter_card":"summary_large_image","twitter_misc":{"Gesch\u00e4tzte Lesezeit":"2\u00a0Minute"},"schema":{"@context":"https:\/\/schema.org","@graph":[{"@type":"WebPage","@id":"https:\/\/sofila.fr\/de\/sektoren\/technik\/","url":"https:\/\/sofila.fr\/de\/sektoren\/technik\/","name":"Technik - Sofila","isPartOf":{"@id":"https:\/\/sofila.fr\/de\/#website"},"primaryImageOfPage":{"@id":"https:\/\/sofila.fr\/de\/sektoren\/technik\/#primaryimage"},"image":{"@id":"https:\/\/sofila.fr\/de\/sektoren\/technik\/#primaryimage"},"thumbnailUrl":"https:\/\/sofila.fr\/wp-content\/uploads\/2025\/02\/texture-6850299_1280.jpg","datePublished":"2025-01-27T15:08:20+00:00","dateModified":"2025-09-26T08:50:51+00:00","description":"Der Bereich der technischen Garne ist sehr breit gef\u00e4chert und umfasst alle Garne, die f\u00fcr Funktionsstoffe verwendet werden.","breadcrumb":{"@id":"https:\/\/sofila.fr\/de\/sektoren\/technik\/#breadcrumb"},"inLanguage":"de","potentialAction":[{"@type":"ReadAction","target":["https:\/\/sofila.fr\/de\/sektoren\/technik\/"]}]},{"@type":"ImageObject","inLanguage":"de","@id":"https:\/\/sofila.fr\/de\/sektoren\/technik\/#primaryimage","url":"https:\/\/sofila.fr\/wp-content\/uploads\/2025\/02\/texture-6850299_1280.jpg","contentUrl":"https:\/\/sofila.fr\/wp-content\/uploads\/2025\/02\/texture-6850299_1280.jpg","width":1280,"height":853,"caption":"Techniques"},{"@type":"BreadcrumbList","@id":"https:\/\/sofila.fr\/de\/sektoren\/technik\/#breadcrumb","itemListElement":[{"@type":"ListItem","position":1,"name":"Startseite","item":"https:\/\/sofila.fr\/de\/"},{"@type":"ListItem","position":2,"name":"Sektoren","item":"https:\/\/sofila.fr\/de\/sektoren\/"},{"@type":"ListItem","position":3,"name":"Technik"}]},{"@type":"WebSite","@id":"https:\/\/sofila.fr\/de\/#website","url":"https:\/\/sofila.fr\/de\/","name":"Sofila","description":"Cr\u00e9ateur et expert du fil depuis 1894","publisher":{"@id":"https:\/\/sofila.fr\/de\/#organization"},"potentialAction":[{"@type":"SearchAction","target":{"@type":"EntryPoint","urlTemplate":"https:\/\/sofila.fr\/de\/?s={search_term_string}"},"query-input":{"@type":"PropertyValueSpecification","valueRequired":true,"valueName":"search_term_string"}}],"inLanguage":"de"},{"@type":"Organization","@id":"https:\/\/sofila.fr\/de\/#organization","name":"Sofila","url":"https:\/\/sofila.fr\/de\/","logo":{"@type":"ImageObject","inLanguage":"de","@id":"https:\/\/sofila.fr\/de\/#\/schema\/logo\/image\/","url":"https:\/\/sofila.fr\/wp-content\/uploads\/2025\/02\/Logo-Sofila.svg","contentUrl":"https:\/\/sofila.fr\/wp-content\/uploads\/2025\/02\/Logo-Sofila.svg","caption":"Sofila"},"image":{"@id":"https:\/\/sofila.fr\/de\/#\/schema\/logo\/image\/"}}]}},"jetpack_sharing_enabled":true,"_links":{"self":[{"href":"https:\/\/sofila.fr\/de\/wp-json\/wp\/v2\/pages\/4494","targetHints":{"allow":["GET"]}}],"collection":[{"href":"https:\/\/sofila.fr\/de\/wp-json\/wp\/v2\/pages"}],"about":[{"href":"https:\/\/sofila.fr\/de\/wp-json\/wp\/v2\/types\/page"}],"author":[{"embeddable":true,"href":"https:\/\/sofila.fr\/de\/wp-json\/wp\/v2\/users\/1"}],"replies":[{"embeddable":true,"href":"https:\/\/sofila.fr\/de\/wp-json\/wp\/v2\/comments?post=4494"}],"version-history":[{"count":3,"href":"https:\/\/sofila.fr\/de\/wp-json\/wp\/v2\/pages\/4494\/revisions"}],"predecessor-version":[{"id":6615,"href":"https:\/\/sofila.fr\/de\/wp-json\/wp\/v2\/pages\/4494\/revisions\/6615"}],"up":[{"embeddable":true,"href":"https:\/\/sofila.fr\/de\/wp-json\/wp\/v2\/pages\/4443"}],"wp:featuredmedia":[{"embeddable":true,"href":"https:\/\/sofila.fr\/de\/wp-json\/wp\/v2\/media\/3781"}],"wp:attachment":[{"href":"https:\/\/sofila.fr\/de\/wp-json\/wp\/v2\/media?parent=4494"}],"curies":[{"name":"wp","href":"https:\/\/api.w.org\/{rel}","templated":true}]}}