{"id":4477,"date":"2025-01-21T15:21:23","date_gmt":"2025-01-21T14:21:23","guid":{"rendered":"http:\/\/hgqwwba.cluster100.hosting.ovh.net\/secteurs\/habillement\/mode-et-vetement-sportswear\/"},"modified":"2025-09-26T09:49:34","modified_gmt":"2025-09-26T08:49:34","slug":"mode-und-sportbekleidung","status":"publish","type":"page","link":"https:\/\/sofila.fr\/de\/sektoren\/bekleidung\/mode-und-sportbekleidung\/","title":{"rendered":"Mode und Sportbekleidung"},"content":{"rendered":"<h1><em>Mode<\/em> &amp; <em>Sportbekleidung<\/em>: Innovation im Dienste der <em>Kreativit\u00e4t<\/em> in der Textilbranche<\/h1>\n<p>Die Modebranche war schon immer ein Motor f\u00fcr Innovationen in der Textilindustrie: Neue Materialien, gewagte Kombinationen und technische Verfahren erm\u00f6glichen es, die Grenzen von Eleganz und Komfort zu erweitern. Heute richtet sich die Bekleidungsindustrie auch auf Sportbekleidung, die neue M\u00f6glichkeiten in Bezug auf Technik, Leistung und Verwendung er\u00f6ffnet. Diese Wende erweitert das Spektrum der M\u00f6glichkeiten f\u00fcr Designer erheblich. Sofila begleitet diese kreative Dynamik mit der Entwicklung innovativer Garne, die \u00e4sthetisch, funktional oder perfekt hybrid sind.<\/p>\n","protected":false},"excerpt":{"rendered":"<p>Mode &amp; Sportbekleidung: Innovation im Dienste der Kreativit\u00e4t in der Textilbranche Die Modebranche war schon immer ein Motor f\u00fcr Innovationen in der Textilindustrie: Neue Materialien, gewagte Kombinationen und technische Verfahren erm\u00f6glichen es, die Grenzen von Eleganz und Komfort zu erweitern. Heute richtet sich die Bekleidungsindustrie auch auf Sportbekleidung, die neue M\u00f6glichkeiten in Bezug auf Technik, [&#8230;]<\/p>\n<p><a class=\"btn btn-secondary understrap-read-more-link\" href=\"https:\/\/sofila.fr\/de\/sektoren\/bekleidung\/mode-und-sportbekleidung\/\">Weiterlesen\u00a0\u2026<span class=\"screen-reader-text\"> from Mode und Sportbekleidung<\/span><\/a><\/p>\n","protected":false},"author":1,"featured_media":3044,"parent":4462,"menu_order":0,"comment_status":"closed","ping_status":"closed","template":"page-templates\/template-secteur-child.php","meta":{"_acf_changed":false,"footnotes":""},"class_list":["post-4477","page","type-page","status-publish","has-post-thumbnail","hentry"],"acf":[],"yoast_head":"<!-- This site is optimized with the Yoast SEO plugin v26.5 - https:\/\/yoast.com\/wordpress\/plugins\/seo\/ -->\n<title>Sportbekleidung - Sofila<\/title>\n<meta name=\"description\" content=\"Sofila begleitet die Mode mit neuen Garnen f\u00fcr Sportbekleidung, die sowohl \u00e4sthetisch als auch funktional sind... oder beides!\" \/>\n<meta name=\"robots\" content=\"index, follow, max-snippet:-1, max-image-preview:large, max-video-preview:-1\" \/>\n<link rel=\"canonical\" href=\"https:\/\/sofila.fr\/de\/sektoren\/bekleidung\/mode-und-sportbekleidung\/\" \/>\n<meta property=\"og:locale\" content=\"de_DE\" \/>\n<meta property=\"og:type\" content=\"article\" \/>\n<meta property=\"og:title\" content=\"Sportbekleidung - Sofila\" \/>\n<meta property=\"og:description\" content=\"Sofila begleitet die Mode mit neuen Garnen f\u00fcr Sportbekleidung, die sowohl \u00e4sthetisch als auch funktional sind... oder beides!\" \/>\n<meta property=\"og:url\" content=\"https:\/\/sofila.fr\/de\/sektoren\/bekleidung\/mode-und-sportbekleidung\/\" \/>\n<meta property=\"og:site_name\" content=\"Sofila\" \/>\n<meta property=\"article:modified_time\" content=\"2025-09-26T08:49:34+00:00\" \/>\n<meta property=\"og:image\" content=\"https:\/\/sofila.fr\/wp-content\/uploads\/2025\/02\/subtle-cinematics-FeIxTBB1Iww-unsplash-scaled.jpg\" \/>\n\t<meta property=\"og:image:width\" content=\"1642\" \/>\n\t<meta property=\"og:image:height\" content=\"2560\" \/>\n\t<meta property=\"og:image:type\" content=\"image\/jpeg\" \/>\n<meta name=\"twitter:card\" content=\"summary_large_image\" \/>\n<meta name=\"twitter:label1\" content=\"Gesch\u00e4tzte Lesezeit\" \/>\n\t<meta name=\"twitter:data1\" content=\"2\u00a0Minute\" \/>\n<script type=\"application\/ld+json\" class=\"yoast-schema-graph\">{\"@context\":\"https:\/\/schema.org\",\"@graph\":[{\"@type\":\"WebPage\",\"@id\":\"https:\/\/sofila.fr\/de\/sektoren\/bekleidung\/mode-und-sportbekleidung\/\",\"url\":\"https:\/\/sofila.fr\/de\/sektoren\/bekleidung\/mode-und-sportbekleidung\/\",\"name\":\"Sportbekleidung - Sofila\",\"isPartOf\":{\"@id\":\"https:\/\/sofila.fr\/de\/#website\"},\"primaryImageOfPage\":{\"@id\":\"https:\/\/sofila.fr\/de\/sektoren\/bekleidung\/mode-und-sportbekleidung\/#primaryimage\"},\"image\":{\"@id\":\"https:\/\/sofila.fr\/de\/sektoren\/bekleidung\/mode-und-sportbekleidung\/#primaryimage\"},\"thumbnailUrl\":\"https:\/\/sofila.fr\/wp-content\/uploads\/2025\/02\/subtle-cinematics-FeIxTBB1Iww-unsplash-scaled.jpg\",\"datePublished\":\"2025-01-21T14:21:23+00:00\",\"dateModified\":\"2025-09-26T08:49:34+00:00\",\"description\":\"Sofila begleitet die Mode mit neuen Garnen f\u00fcr Sportbekleidung, die sowohl \u00e4sthetisch als auch funktional sind... oder beides!\",\"breadcrumb\":{\"@id\":\"https:\/\/sofila.fr\/de\/sektoren\/bekleidung\/mode-und-sportbekleidung\/#breadcrumb\"},\"inLanguage\":\"de\",\"potentialAction\":[{\"@type\":\"ReadAction\",\"target\":[\"https:\/\/sofila.fr\/de\/sektoren\/bekleidung\/mode-und-sportbekleidung\/\"]}]},{\"@type\":\"ImageObject\",\"inLanguage\":\"de\",\"@id\":\"https:\/\/sofila.fr\/de\/sektoren\/bekleidung\/mode-und-sportbekleidung\/#primaryimage\",\"url\":\"https:\/\/sofila.fr\/wp-content\/uploads\/2025\/02\/subtle-cinematics-FeIxTBB1Iww-unsplash-scaled.jpg\",\"contentUrl\":\"https:\/\/sofila.fr\/wp-content\/uploads\/2025\/02\/subtle-cinematics-FeIxTBB1Iww-unsplash-scaled.jpg\",\"width\":1642,\"height\":2560,\"caption\":\"V\u00eatement sportswear par Sofila\"},{\"@type\":\"BreadcrumbList\",\"@id\":\"https:\/\/sofila.fr\/de\/sektoren\/bekleidung\/mode-und-sportbekleidung\/#breadcrumb\",\"itemListElement\":[{\"@type\":\"ListItem\",\"position\":1,\"name\":\"Startseite\",\"item\":\"https:\/\/sofila.fr\/de\/\"},{\"@type\":\"ListItem\",\"position\":2,\"name\":\"Sektoren\",\"item\":\"https:\/\/sofila.fr\/de\/sektoren\/\"},{\"@type\":\"ListItem\",\"position\":3,\"name\":\"Bekleidung\",\"item\":\"https:\/\/sofila.fr\/de\/sektoren\/bekleidung\/\"},{\"@type\":\"ListItem\",\"position\":4,\"name\":\"Mode und Sportbekleidung\"}]},{\"@type\":\"WebSite\",\"@id\":\"https:\/\/sofila.fr\/de\/#website\",\"url\":\"https:\/\/sofila.fr\/de\/\",\"name\":\"Sofila\",\"description\":\"Cr\u00e9ateur et expert du fil depuis 1894\",\"publisher\":{\"@id\":\"https:\/\/sofila.fr\/de\/#organization\"},\"potentialAction\":[{\"@type\":\"SearchAction\",\"target\":{\"@type\":\"EntryPoint\",\"urlTemplate\":\"https:\/\/sofila.fr\/de\/?s={search_term_string}\"},\"query-input\":{\"@type\":\"PropertyValueSpecification\",\"valueRequired\":true,\"valueName\":\"search_term_string\"}}],\"inLanguage\":\"de\"},{\"@type\":\"Organization\",\"@id\":\"https:\/\/sofila.fr\/de\/#organization\",\"name\":\"Sofila\",\"url\":\"https:\/\/sofila.fr\/de\/\",\"logo\":{\"@type\":\"ImageObject\",\"inLanguage\":\"de\",\"@id\":\"https:\/\/sofila.fr\/de\/#\/schema\/logo\/image\/\",\"url\":\"https:\/\/sofila.fr\/wp-content\/uploads\/2025\/02\/Logo-Sofila.svg\",\"contentUrl\":\"https:\/\/sofila.fr\/wp-content\/uploads\/2025\/02\/Logo-Sofila.svg\",\"caption\":\"Sofila\"},\"image\":{\"@id\":\"https:\/\/sofila.fr\/de\/#\/schema\/logo\/image\/\"}}]}<\/script>\n<!-- \/ Yoast SEO plugin. -->","yoast_head_json":{"title":"Sportbekleidung - Sofila","description":"Sofila begleitet die Mode mit neuen Garnen f\u00fcr Sportbekleidung, die sowohl \u00e4sthetisch als auch funktional sind... oder beides!","robots":{"index":"index","follow":"follow","max-snippet":"max-snippet:-1","max-image-preview":"max-image-preview:large","max-video-preview":"max-video-preview:-1"},"canonical":"https:\/\/sofila.fr\/de\/sektoren\/bekleidung\/mode-und-sportbekleidung\/","og_locale":"de_DE","og_type":"article","og_title":"Sportbekleidung - Sofila","og_description":"Sofila begleitet die Mode mit neuen Garnen f\u00fcr Sportbekleidung, die sowohl \u00e4sthetisch als auch funktional sind... oder beides!","og_url":"https:\/\/sofila.fr\/de\/sektoren\/bekleidung\/mode-und-sportbekleidung\/","og_site_name":"Sofila","article_modified_time":"2025-09-26T08:49:34+00:00","og_image":[{"width":1642,"height":2560,"url":"https:\/\/sofila.fr\/wp-content\/uploads\/2025\/02\/subtle-cinematics-FeIxTBB1Iww-unsplash-scaled.jpg","type":"image\/jpeg"}],"twitter_card":"summary_large_image","twitter_misc":{"Gesch\u00e4tzte Lesezeit":"2\u00a0Minute"},"schema":{"@context":"https:\/\/schema.org","@graph":[{"@type":"WebPage","@id":"https:\/\/sofila.fr\/de\/sektoren\/bekleidung\/mode-und-sportbekleidung\/","url":"https:\/\/sofila.fr\/de\/sektoren\/bekleidung\/mode-und-sportbekleidung\/","name":"Sportbekleidung - Sofila","isPartOf":{"@id":"https:\/\/sofila.fr\/de\/#website"},"primaryImageOfPage":{"@id":"https:\/\/sofila.fr\/de\/sektoren\/bekleidung\/mode-und-sportbekleidung\/#primaryimage"},"image":{"@id":"https:\/\/sofila.fr\/de\/sektoren\/bekleidung\/mode-und-sportbekleidung\/#primaryimage"},"thumbnailUrl":"https:\/\/sofila.fr\/wp-content\/uploads\/2025\/02\/subtle-cinematics-FeIxTBB1Iww-unsplash-scaled.jpg","datePublished":"2025-01-21T14:21:23+00:00","dateModified":"2025-09-26T08:49:34+00:00","description":"Sofila begleitet die Mode mit neuen Garnen f\u00fcr Sportbekleidung, die sowohl \u00e4sthetisch als auch funktional sind... oder beides!","breadcrumb":{"@id":"https:\/\/sofila.fr\/de\/sektoren\/bekleidung\/mode-und-sportbekleidung\/#breadcrumb"},"inLanguage":"de","potentialAction":[{"@type":"ReadAction","target":["https:\/\/sofila.fr\/de\/sektoren\/bekleidung\/mode-und-sportbekleidung\/"]}]},{"@type":"ImageObject","inLanguage":"de","@id":"https:\/\/sofila.fr\/de\/sektoren\/bekleidung\/mode-und-sportbekleidung\/#primaryimage","url":"https:\/\/sofila.fr\/wp-content\/uploads\/2025\/02\/subtle-cinematics-FeIxTBB1Iww-unsplash-scaled.jpg","contentUrl":"https:\/\/sofila.fr\/wp-content\/uploads\/2025\/02\/subtle-cinematics-FeIxTBB1Iww-unsplash-scaled.jpg","width":1642,"height":2560,"caption":"V\u00eatement sportswear par Sofila"},{"@type":"BreadcrumbList","@id":"https:\/\/sofila.fr\/de\/sektoren\/bekleidung\/mode-und-sportbekleidung\/#breadcrumb","itemListElement":[{"@type":"ListItem","position":1,"name":"Startseite","item":"https:\/\/sofila.fr\/de\/"},{"@type":"ListItem","position":2,"name":"Sektoren","item":"https:\/\/sofila.fr\/de\/sektoren\/"},{"@type":"ListItem","position":3,"name":"Bekleidung","item":"https:\/\/sofila.fr\/de\/sektoren\/bekleidung\/"},{"@type":"ListItem","position":4,"name":"Mode und Sportbekleidung"}]},{"@type":"WebSite","@id":"https:\/\/sofila.fr\/de\/#website","url":"https:\/\/sofila.fr\/de\/","name":"Sofila","description":"Cr\u00e9ateur et expert du fil depuis 1894","publisher":{"@id":"https:\/\/sofila.fr\/de\/#organization"},"potentialAction":[{"@type":"SearchAction","target":{"@type":"EntryPoint","urlTemplate":"https:\/\/sofila.fr\/de\/?s={search_term_string}"},"query-input":{"@type":"PropertyValueSpecification","valueRequired":true,"valueName":"search_term_string"}}],"inLanguage":"de"},{"@type":"Organization","@id":"https:\/\/sofila.fr\/de\/#organization","name":"Sofila","url":"https:\/\/sofila.fr\/de\/","logo":{"@type":"ImageObject","inLanguage":"de","@id":"https:\/\/sofila.fr\/de\/#\/schema\/logo\/image\/","url":"https:\/\/sofila.fr\/wp-content\/uploads\/2025\/02\/Logo-Sofila.svg","contentUrl":"https:\/\/sofila.fr\/wp-content\/uploads\/2025\/02\/Logo-Sofila.svg","caption":"Sofila"},"image":{"@id":"https:\/\/sofila.fr\/de\/#\/schema\/logo\/image\/"}}]}},"jetpack_sharing_enabled":true,"_links":{"self":[{"href":"https:\/\/sofila.fr\/de\/wp-json\/wp\/v2\/pages\/4477","targetHints":{"allow":["GET"]}}],"collection":[{"href":"https:\/\/sofila.fr\/de\/wp-json\/wp\/v2\/pages"}],"about":[{"href":"https:\/\/sofila.fr\/de\/wp-json\/wp\/v2\/types\/page"}],"author":[{"embeddable":true,"href":"https:\/\/sofila.fr\/de\/wp-json\/wp\/v2\/users\/1"}],"replies":[{"embeddable":true,"href":"https:\/\/sofila.fr\/de\/wp-json\/wp\/v2\/comments?post=4477"}],"version-history":[{"count":3,"href":"https:\/\/sofila.fr\/de\/wp-json\/wp\/v2\/pages\/4477\/revisions"}],"predecessor-version":[{"id":6609,"href":"https:\/\/sofila.fr\/de\/wp-json\/wp\/v2\/pages\/4477\/revisions\/6609"}],"up":[{"embeddable":true,"href":"https:\/\/sofila.fr\/de\/wp-json\/wp\/v2\/pages\/4462"}],"wp:featuredmedia":[{"embeddable":true,"href":"https:\/\/sofila.fr\/de\/wp-json\/wp\/v2\/media\/3044"}],"wp:attachment":[{"href":"https:\/\/sofila.fr\/de\/wp-json\/wp\/v2\/media?parent=4477"}],"curies":[{"name":"wp","href":"https:\/\/api.w.org\/{rel}","templated":true}]}}