{"id":4462,"date":"2025-01-21T15:21:05","date_gmt":"2025-01-21T14:21:05","guid":{"rendered":"http:\/\/hgqwwba.cluster100.hosting.ovh.net\/secteurs\/habillement\/"},"modified":"2025-09-24T14:12:32","modified_gmt":"2025-09-24T13:12:32","slug":"bekleidung","status":"publish","type":"page","link":"https:\/\/sofila.fr\/de\/sektoren\/bekleidung\/","title":{"rendered":"Bekleidung"},"content":{"rendered":"<h1>Exzellente Garne f\u00fcr die Bekleidungsindustrie<\/h1>\n<p class=\"lead\">Die Bekleidungsindustrie ist auf Weber und Stricker angewiesen, die Kreativit\u00e4t und Innovation einbringen. <a href=\"https:\/\/sofila.fr\/de\/sofila\/konstruktionsburo\/\">Das Entwicklungsteam<\/a> von Sofila begleitet diese Akteure bei ihren Projekten, indem es die richtigen Stoffe ausw\u00e4hlt und eine Zusammenstellung von Textilgarnen vorschl\u00e4gt, die den Zielen in Bezug auf Kosten, \u00f6kologische Verantwortung, Produktionsmanagement oder Garneigenschaften entspricht.<\/p>\n","protected":false},"excerpt":{"rendered":"<p>Exzellente Garne f\u00fcr die Bekleidungsindustrie Die Bekleidungsindustrie ist auf Weber und Stricker angewiesen, die Kreativit\u00e4t und Innovation einbringen. Das Entwicklungsteam von Sofila begleitet diese Akteure bei ihren Projekten, indem es die richtigen Stoffe ausw\u00e4hlt und eine Zusammenstellung von Textilgarnen vorschl\u00e4gt, die den Zielen in Bezug auf Kosten, \u00f6kologische Verantwortung, Produktionsmanagement oder Garneigenschaften entspricht. [&#8230;]<\/p>\n<p><a class=\"btn btn-secondary understrap-read-more-link\" href=\"https:\/\/sofila.fr\/de\/sektoren\/bekleidung\/\">Weiterlesen\u00a0\u2026<span class=\"screen-reader-text\"> from Bekleidung<\/span><\/a><\/p>\n","protected":false},"author":1,"featured_media":4463,"parent":4443,"menu_order":0,"comment_status":"closed","ping_status":"closed","template":"page-templates\/template-secteur.php","meta":{"_acf_changed":false,"footnotes":""},"class_list":["post-4462","page","type-page","status-publish","has-post-thumbnail","hentry"],"acf":[],"yoast_head":"<!-- This site is optimized with the Yoast SEO plugin v26.5 - https:\/\/yoast.com\/wordpress\/plugins\/seo\/ -->\n<title>Textilfasern f\u00fcr die Bekleidungsindustrie \u2013 Sofila<\/title>\n<meta name=\"description\" content=\"Sofila begleitet die Bekleidungsbranche seit jeher. Die Erwartungen haben sich gewandelt, und Sofila hat es verstanden, sich anzupassen und seine Kompetenzen zu bewahren.\" \/>\n<meta name=\"robots\" content=\"index, follow, max-snippet:-1, max-image-preview:large, max-video-preview:-1\" \/>\n<link rel=\"canonical\" href=\"https:\/\/sofila.fr\/de\/sektoren\/bekleidung\/\" \/>\n<meta property=\"og:locale\" content=\"de_DE\" \/>\n<meta property=\"og:type\" content=\"article\" \/>\n<meta property=\"og:title\" content=\"Textilfasern f\u00fcr die Bekleidungsindustrie \u2013 Sofila\" \/>\n<meta property=\"og:description\" content=\"Sofila begleitet die Bekleidungsbranche seit jeher. Die Erwartungen haben sich gewandelt, und Sofila hat es verstanden, sich anzupassen und seine Kompetenzen zu bewahren.\" \/>\n<meta property=\"og:url\" content=\"https:\/\/sofila.fr\/de\/sektoren\/bekleidung\/\" \/>\n<meta property=\"og:site_name\" content=\"Sofila\" \/>\n<meta property=\"article:modified_time\" content=\"2025-09-24T13:12:32+00:00\" \/>\n<meta property=\"og:image\" content=\"https:\/\/sofila.fr\/wp-content\/uploads\/2025\/01\/secteur-habillement.png\" \/>\n\t<meta property=\"og:image:width\" content=\"747\" \/>\n\t<meta property=\"og:image:height\" content=\"764\" \/>\n\t<meta property=\"og:image:type\" content=\"image\/png\" \/>\n<meta name=\"twitter:card\" content=\"summary_large_image\" \/>\n<meta name=\"twitter:label1\" content=\"Gesch\u00e4tzte Lesezeit\" \/>\n\t<meta name=\"twitter:data1\" content=\"5\u00a0Minute\" \/>\n<script type=\"application\/ld+json\" class=\"yoast-schema-graph\">{\"@context\":\"https:\/\/schema.org\",\"@graph\":[{\"@type\":\"WebPage\",\"@id\":\"https:\/\/sofila.fr\/de\/sektoren\/bekleidung\/\",\"url\":\"https:\/\/sofila.fr\/de\/sektoren\/bekleidung\/\",\"name\":\"Textilfasern f\u00fcr die Bekleidungsindustrie \u2013 Sofila\",\"isPartOf\":{\"@id\":\"https:\/\/sofila.fr\/de\/#website\"},\"primaryImageOfPage\":{\"@id\":\"https:\/\/sofila.fr\/de\/sektoren\/bekleidung\/#primaryimage\"},\"image\":{\"@id\":\"https:\/\/sofila.fr\/de\/sektoren\/bekleidung\/#primaryimage\"},\"thumbnailUrl\":\"https:\/\/sofila.fr\/wp-content\/uploads\/2025\/01\/secteur-habillement.png\",\"datePublished\":\"2025-01-21T14:21:05+00:00\",\"dateModified\":\"2025-09-24T13:12:32+00:00\",\"description\":\"Sofila begleitet die Bekleidungsbranche seit jeher. Die Erwartungen haben sich gewandelt, und Sofila hat es verstanden, sich anzupassen und seine Kompetenzen zu bewahren.\",\"breadcrumb\":{\"@id\":\"https:\/\/sofila.fr\/de\/sektoren\/bekleidung\/#breadcrumb\"},\"inLanguage\":\"de\",\"potentialAction\":[{\"@type\":\"ReadAction\",\"target\":[\"https:\/\/sofila.fr\/de\/sektoren\/bekleidung\/\"]}]},{\"@type\":\"ImageObject\",\"inLanguage\":\"de\",\"@id\":\"https:\/\/sofila.fr\/de\/sektoren\/bekleidung\/#primaryimage\",\"url\":\"https:\/\/sofila.fr\/wp-content\/uploads\/2025\/01\/secteur-habillement.png\",\"contentUrl\":\"https:\/\/sofila.fr\/wp-content\/uploads\/2025\/01\/secteur-habillement.png\",\"width\":747,\"height\":764,\"caption\":\"secteur-habillement\"},{\"@type\":\"BreadcrumbList\",\"@id\":\"https:\/\/sofila.fr\/de\/sektoren\/bekleidung\/#breadcrumb\",\"itemListElement\":[{\"@type\":\"ListItem\",\"position\":1,\"name\":\"Startseite\",\"item\":\"https:\/\/sofila.fr\/de\/\"},{\"@type\":\"ListItem\",\"position\":2,\"name\":\"Sektoren\",\"item\":\"https:\/\/sofila.fr\/de\/sektoren\/\"},{\"@type\":\"ListItem\",\"position\":3,\"name\":\"Bekleidung\"}]},{\"@type\":\"WebSite\",\"@id\":\"https:\/\/sofila.fr\/de\/#website\",\"url\":\"https:\/\/sofila.fr\/de\/\",\"name\":\"Sofila\",\"description\":\"Cr\u00e9ateur et expert du fil depuis 1894\",\"publisher\":{\"@id\":\"https:\/\/sofila.fr\/de\/#organization\"},\"potentialAction\":[{\"@type\":\"SearchAction\",\"target\":{\"@type\":\"EntryPoint\",\"urlTemplate\":\"https:\/\/sofila.fr\/de\/?s={search_term_string}\"},\"query-input\":{\"@type\":\"PropertyValueSpecification\",\"valueRequired\":true,\"valueName\":\"search_term_string\"}}],\"inLanguage\":\"de\"},{\"@type\":\"Organization\",\"@id\":\"https:\/\/sofila.fr\/de\/#organization\",\"name\":\"Sofila\",\"url\":\"https:\/\/sofila.fr\/de\/\",\"logo\":{\"@type\":\"ImageObject\",\"inLanguage\":\"de\",\"@id\":\"https:\/\/sofila.fr\/de\/#\/schema\/logo\/image\/\",\"url\":\"https:\/\/sofila.fr\/wp-content\/uploads\/2025\/02\/Logo-Sofila.svg\",\"contentUrl\":\"https:\/\/sofila.fr\/wp-content\/uploads\/2025\/02\/Logo-Sofila.svg\",\"caption\":\"Sofila\"},\"image\":{\"@id\":\"https:\/\/sofila.fr\/de\/#\/schema\/logo\/image\/\"}}]}<\/script>\n<!-- \/ Yoast SEO plugin. -->","yoast_head_json":{"title":"Textilfasern f\u00fcr die Bekleidungsindustrie \u2013 Sofila","description":"Sofila begleitet die Bekleidungsbranche seit jeher. Die Erwartungen haben sich gewandelt, und Sofila hat es verstanden, sich anzupassen und seine Kompetenzen zu bewahren.","robots":{"index":"index","follow":"follow","max-snippet":"max-snippet:-1","max-image-preview":"max-image-preview:large","max-video-preview":"max-video-preview:-1"},"canonical":"https:\/\/sofila.fr\/de\/sektoren\/bekleidung\/","og_locale":"de_DE","og_type":"article","og_title":"Textilfasern f\u00fcr die Bekleidungsindustrie \u2013 Sofila","og_description":"Sofila begleitet die Bekleidungsbranche seit jeher. Die Erwartungen haben sich gewandelt, und Sofila hat es verstanden, sich anzupassen und seine Kompetenzen zu bewahren.","og_url":"https:\/\/sofila.fr\/de\/sektoren\/bekleidung\/","og_site_name":"Sofila","article_modified_time":"2025-09-24T13:12:32+00:00","og_image":[{"width":747,"height":764,"url":"https:\/\/sofila.fr\/wp-content\/uploads\/2025\/01\/secteur-habillement.png","type":"image\/png"}],"twitter_card":"summary_large_image","twitter_misc":{"Gesch\u00e4tzte Lesezeit":"5\u00a0Minute"},"schema":{"@context":"https:\/\/schema.org","@graph":[{"@type":"WebPage","@id":"https:\/\/sofila.fr\/de\/sektoren\/bekleidung\/","url":"https:\/\/sofila.fr\/de\/sektoren\/bekleidung\/","name":"Textilfasern f\u00fcr die Bekleidungsindustrie \u2013 Sofila","isPartOf":{"@id":"https:\/\/sofila.fr\/de\/#website"},"primaryImageOfPage":{"@id":"https:\/\/sofila.fr\/de\/sektoren\/bekleidung\/#primaryimage"},"image":{"@id":"https:\/\/sofila.fr\/de\/sektoren\/bekleidung\/#primaryimage"},"thumbnailUrl":"https:\/\/sofila.fr\/wp-content\/uploads\/2025\/01\/secteur-habillement.png","datePublished":"2025-01-21T14:21:05+00:00","dateModified":"2025-09-24T13:12:32+00:00","description":"Sofila begleitet die Bekleidungsbranche seit jeher. Die Erwartungen haben sich gewandelt, und Sofila hat es verstanden, sich anzupassen und seine Kompetenzen zu bewahren.","breadcrumb":{"@id":"https:\/\/sofila.fr\/de\/sektoren\/bekleidung\/#breadcrumb"},"inLanguage":"de","potentialAction":[{"@type":"ReadAction","target":["https:\/\/sofila.fr\/de\/sektoren\/bekleidung\/"]}]},{"@type":"ImageObject","inLanguage":"de","@id":"https:\/\/sofila.fr\/de\/sektoren\/bekleidung\/#primaryimage","url":"https:\/\/sofila.fr\/wp-content\/uploads\/2025\/01\/secteur-habillement.png","contentUrl":"https:\/\/sofila.fr\/wp-content\/uploads\/2025\/01\/secteur-habillement.png","width":747,"height":764,"caption":"secteur-habillement"},{"@type":"BreadcrumbList","@id":"https:\/\/sofila.fr\/de\/sektoren\/bekleidung\/#breadcrumb","itemListElement":[{"@type":"ListItem","position":1,"name":"Startseite","item":"https:\/\/sofila.fr\/de\/"},{"@type":"ListItem","position":2,"name":"Sektoren","item":"https:\/\/sofila.fr\/de\/sektoren\/"},{"@type":"ListItem","position":3,"name":"Bekleidung"}]},{"@type":"WebSite","@id":"https:\/\/sofila.fr\/de\/#website","url":"https:\/\/sofila.fr\/de\/","name":"Sofila","description":"Cr\u00e9ateur et expert du fil depuis 1894","publisher":{"@id":"https:\/\/sofila.fr\/de\/#organization"},"potentialAction":[{"@type":"SearchAction","target":{"@type":"EntryPoint","urlTemplate":"https:\/\/sofila.fr\/de\/?s={search_term_string}"},"query-input":{"@type":"PropertyValueSpecification","valueRequired":true,"valueName":"search_term_string"}}],"inLanguage":"de"},{"@type":"Organization","@id":"https:\/\/sofila.fr\/de\/#organization","name":"Sofila","url":"https:\/\/sofila.fr\/de\/","logo":{"@type":"ImageObject","inLanguage":"de","@id":"https:\/\/sofila.fr\/de\/#\/schema\/logo\/image\/","url":"https:\/\/sofila.fr\/wp-content\/uploads\/2025\/02\/Logo-Sofila.svg","contentUrl":"https:\/\/sofila.fr\/wp-content\/uploads\/2025\/02\/Logo-Sofila.svg","caption":"Sofila"},"image":{"@id":"https:\/\/sofila.fr\/de\/#\/schema\/logo\/image\/"}}]}},"jetpack_sharing_enabled":true,"_links":{"self":[{"href":"https:\/\/sofila.fr\/de\/wp-json\/wp\/v2\/pages\/4462","targetHints":{"allow":["GET"]}}],"collection":[{"href":"https:\/\/sofila.fr\/de\/wp-json\/wp\/v2\/pages"}],"about":[{"href":"https:\/\/sofila.fr\/de\/wp-json\/wp\/v2\/types\/page"}],"author":[{"embeddable":true,"href":"https:\/\/sofila.fr\/de\/wp-json\/wp\/v2\/users\/1"}],"replies":[{"embeddable":true,"href":"https:\/\/sofila.fr\/de\/wp-json\/wp\/v2\/comments?post=4462"}],"version-history":[{"count":4,"href":"https:\/\/sofila.fr\/de\/wp-json\/wp\/v2\/pages\/4462\/revisions"}],"predecessor-version":[{"id":6608,"href":"https:\/\/sofila.fr\/de\/wp-json\/wp\/v2\/pages\/4462\/revisions\/6608"}],"up":[{"embeddable":true,"href":"https:\/\/sofila.fr\/de\/wp-json\/wp\/v2\/pages\/4443"}],"wp:featuredmedia":[{"embeddable":true,"href":"https:\/\/sofila.fr\/de\/wp-json\/wp\/v2\/media\/4463"}],"wp:attachment":[{"href":"https:\/\/sofila.fr\/de\/wp-json\/wp\/v2\/media?parent=4462"}],"curies":[{"name":"wp","href":"https:\/\/api.w.org\/{rel}","templated":true}]}}