{"id":4452,"date":"2025-01-27T16:08:03","date_gmt":"2025-01-27T15:08:03","guid":{"rendered":"http:\/\/hgqwwba.cluster100.hosting.ovh.net\/secteurs\/ameublement\/"},"modified":"2025-09-26T09:48:50","modified_gmt":"2025-09-26T08:48:50","slug":"einrichtung","status":"publish","type":"page","link":"https:\/\/sofila.fr\/de\/sektoren\/einrichtung\/","title":{"rendered":"Einrichtung"},"content":{"rendered":"<h1><cite>Einrichtungsstoffe,<\/cite> ein historischer Bereich bei Sofila<\/h1>\n<p class=\"lead\">Der Bereich Einrichtungsstoffe ist sehr breit gef\u00e4chert und reich an vielf\u00e4ltigen Produkten. SOFILA ist seit langem in diesem Bereich t\u00e4tig und begleitet die verschiedenen kreativen und technischen Herausforderungen.<\/p>\n","protected":false},"excerpt":{"rendered":"<p>Einrichtungsstoffe, ein historischer Bereich bei Sofila Der Bereich Einrichtungsstoffe ist sehr breit gef\u00e4chert und reich an vielf\u00e4ltigen Produkten. SOFILA ist seit langem in diesem Bereich t\u00e4tig und begleitet die verschiedenen kreativen und technischen Herausforderungen. [&#8230;]<\/p>\n<p><a class=\"btn btn-secondary understrap-read-more-link\" href=\"https:\/\/sofila.fr\/de\/sektoren\/einrichtung\/\">Weiterlesen\u00a0\u2026<span class=\"screen-reader-text\"> from Einrichtung<\/span><\/a><\/p>\n","protected":false},"author":1,"featured_media":3854,"parent":4443,"menu_order":0,"comment_status":"closed","ping_status":"closed","template":"page-templates\/template-secteur.php","meta":{"_acf_changed":false,"footnotes":""},"class_list":["post-4452","page","type-page","status-publish","has-post-thumbnail","hentry"],"acf":[],"yoast_head":"<!-- This site is optimized with the Yoast SEO plugin v26.5 - https:\/\/yoast.com\/wordpress\/plugins\/seo\/ -->\n<title>M\u00f6belstoff - Sofila<\/title>\n<meta name=\"description\" content=\"SOFILA ist seit Jahren im Bereich M\u00f6belstoffe t\u00e4tig und stellt sich den verschiedenen kreativen und technischen Herausforderungen dieser Branche.\" \/>\n<meta name=\"robots\" content=\"index, follow, max-snippet:-1, max-image-preview:large, max-video-preview:-1\" \/>\n<link rel=\"canonical\" href=\"https:\/\/sofila.fr\/de\/sektoren\/einrichtung\/\" \/>\n<meta property=\"og:locale\" content=\"de_DE\" \/>\n<meta property=\"og:type\" content=\"article\" \/>\n<meta property=\"og:title\" content=\"M\u00f6belstoff - Sofila\" \/>\n<meta property=\"og:description\" content=\"SOFILA ist seit Jahren im Bereich M\u00f6belstoffe t\u00e4tig und stellt sich den verschiedenen kreativen und technischen Herausforderungen dieser Branche.\" \/>\n<meta property=\"og:url\" content=\"https:\/\/sofila.fr\/de\/sektoren\/einrichtung\/\" \/>\n<meta property=\"og:site_name\" content=\"Sofila\" \/>\n<meta property=\"article:modified_time\" content=\"2025-09-26T08:48:50+00:00\" \/>\n<meta property=\"og:image\" content=\"https:\/\/sofila.fr\/wp-content\/uploads\/2025\/02\/scenery-designers-work-scaled.jpg\" \/>\n\t<meta property=\"og:image:width\" content=\"2560\" \/>\n\t<meta property=\"og:image:height\" content=\"1707\" \/>\n\t<meta property=\"og:image:type\" content=\"image\/jpeg\" \/>\n<meta name=\"twitter:card\" content=\"summary_large_image\" \/>\n<meta name=\"twitter:label1\" content=\"Gesch\u00e4tzte Lesezeit\" \/>\n\t<meta name=\"twitter:data1\" content=\"2\u00a0Minute\" \/>\n<script type=\"application\/ld+json\" class=\"yoast-schema-graph\">{\"@context\":\"https:\/\/schema.org\",\"@graph\":[{\"@type\":\"WebPage\",\"@id\":\"https:\/\/sofila.fr\/de\/sektoren\/einrichtung\/\",\"url\":\"https:\/\/sofila.fr\/de\/sektoren\/einrichtung\/\",\"name\":\"M\u00f6belstoff - Sofila\",\"isPartOf\":{\"@id\":\"https:\/\/sofila.fr\/de\/#website\"},\"primaryImageOfPage\":{\"@id\":\"https:\/\/sofila.fr\/de\/sektoren\/einrichtung\/#primaryimage\"},\"image\":{\"@id\":\"https:\/\/sofila.fr\/de\/sektoren\/einrichtung\/#primaryimage\"},\"thumbnailUrl\":\"https:\/\/sofila.fr\/wp-content\/uploads\/2025\/02\/scenery-designers-work-scaled.jpg\",\"datePublished\":\"2025-01-27T15:08:03+00:00\",\"dateModified\":\"2025-09-26T08:48:50+00:00\",\"description\":\"SOFILA ist seit Jahren im Bereich M\u00f6belstoffe t\u00e4tig und stellt sich den verschiedenen kreativen und technischen Herausforderungen dieser Branche.\",\"breadcrumb\":{\"@id\":\"https:\/\/sofila.fr\/de\/sektoren\/einrichtung\/#breadcrumb\"},\"inLanguage\":\"de\",\"potentialAction\":[{\"@type\":\"ReadAction\",\"target\":[\"https:\/\/sofila.fr\/de\/sektoren\/einrichtung\/\"]}]},{\"@type\":\"ImageObject\",\"inLanguage\":\"de\",\"@id\":\"https:\/\/sofila.fr\/de\/sektoren\/einrichtung\/#primaryimage\",\"url\":\"https:\/\/sofila.fr\/wp-content\/uploads\/2025\/02\/scenery-designers-work-scaled.jpg\",\"contentUrl\":\"https:\/\/sofila.fr\/wp-content\/uploads\/2025\/02\/scenery-designers-work-scaled.jpg\",\"width\":2560,\"height\":1707,\"caption\":\"tissu ameublement\"},{\"@type\":\"BreadcrumbList\",\"@id\":\"https:\/\/sofila.fr\/de\/sektoren\/einrichtung\/#breadcrumb\",\"itemListElement\":[{\"@type\":\"ListItem\",\"position\":1,\"name\":\"Startseite\",\"item\":\"https:\/\/sofila.fr\/de\/\"},{\"@type\":\"ListItem\",\"position\":2,\"name\":\"Sektoren\",\"item\":\"https:\/\/sofila.fr\/de\/sektoren\/\"},{\"@type\":\"ListItem\",\"position\":3,\"name\":\"Einrichtung\"}]},{\"@type\":\"WebSite\",\"@id\":\"https:\/\/sofila.fr\/de\/#website\",\"url\":\"https:\/\/sofila.fr\/de\/\",\"name\":\"Sofila\",\"description\":\"Cr\u00e9ateur et expert du fil depuis 1894\",\"publisher\":{\"@id\":\"https:\/\/sofila.fr\/de\/#organization\"},\"potentialAction\":[{\"@type\":\"SearchAction\",\"target\":{\"@type\":\"EntryPoint\",\"urlTemplate\":\"https:\/\/sofila.fr\/de\/?s={search_term_string}\"},\"query-input\":{\"@type\":\"PropertyValueSpecification\",\"valueRequired\":true,\"valueName\":\"search_term_string\"}}],\"inLanguage\":\"de\"},{\"@type\":\"Organization\",\"@id\":\"https:\/\/sofila.fr\/de\/#organization\",\"name\":\"Sofila\",\"url\":\"https:\/\/sofila.fr\/de\/\",\"logo\":{\"@type\":\"ImageObject\",\"inLanguage\":\"de\",\"@id\":\"https:\/\/sofila.fr\/de\/#\/schema\/logo\/image\/\",\"url\":\"https:\/\/sofila.fr\/wp-content\/uploads\/2025\/02\/Logo-Sofila.svg\",\"contentUrl\":\"https:\/\/sofila.fr\/wp-content\/uploads\/2025\/02\/Logo-Sofila.svg\",\"caption\":\"Sofila\"},\"image\":{\"@id\":\"https:\/\/sofila.fr\/de\/#\/schema\/logo\/image\/\"}}]}<\/script>\n<!-- \/ Yoast SEO plugin. -->","yoast_head_json":{"title":"M\u00f6belstoff - Sofila","description":"SOFILA ist seit Jahren im Bereich M\u00f6belstoffe t\u00e4tig und stellt sich den verschiedenen kreativen und technischen Herausforderungen dieser Branche.","robots":{"index":"index","follow":"follow","max-snippet":"max-snippet:-1","max-image-preview":"max-image-preview:large","max-video-preview":"max-video-preview:-1"},"canonical":"https:\/\/sofila.fr\/de\/sektoren\/einrichtung\/","og_locale":"de_DE","og_type":"article","og_title":"M\u00f6belstoff - Sofila","og_description":"SOFILA ist seit Jahren im Bereich M\u00f6belstoffe t\u00e4tig und stellt sich den verschiedenen kreativen und technischen Herausforderungen dieser Branche.","og_url":"https:\/\/sofila.fr\/de\/sektoren\/einrichtung\/","og_site_name":"Sofila","article_modified_time":"2025-09-26T08:48:50+00:00","og_image":[{"width":2560,"height":1707,"url":"https:\/\/sofila.fr\/wp-content\/uploads\/2025\/02\/scenery-designers-work-scaled.jpg","type":"image\/jpeg"}],"twitter_card":"summary_large_image","twitter_misc":{"Gesch\u00e4tzte Lesezeit":"2\u00a0Minute"},"schema":{"@context":"https:\/\/schema.org","@graph":[{"@type":"WebPage","@id":"https:\/\/sofila.fr\/de\/sektoren\/einrichtung\/","url":"https:\/\/sofila.fr\/de\/sektoren\/einrichtung\/","name":"M\u00f6belstoff - Sofila","isPartOf":{"@id":"https:\/\/sofila.fr\/de\/#website"},"primaryImageOfPage":{"@id":"https:\/\/sofila.fr\/de\/sektoren\/einrichtung\/#primaryimage"},"image":{"@id":"https:\/\/sofila.fr\/de\/sektoren\/einrichtung\/#primaryimage"},"thumbnailUrl":"https:\/\/sofila.fr\/wp-content\/uploads\/2025\/02\/scenery-designers-work-scaled.jpg","datePublished":"2025-01-27T15:08:03+00:00","dateModified":"2025-09-26T08:48:50+00:00","description":"SOFILA ist seit Jahren im Bereich M\u00f6belstoffe t\u00e4tig und stellt sich den verschiedenen kreativen und technischen Herausforderungen dieser Branche.","breadcrumb":{"@id":"https:\/\/sofila.fr\/de\/sektoren\/einrichtung\/#breadcrumb"},"inLanguage":"de","potentialAction":[{"@type":"ReadAction","target":["https:\/\/sofila.fr\/de\/sektoren\/einrichtung\/"]}]},{"@type":"ImageObject","inLanguage":"de","@id":"https:\/\/sofila.fr\/de\/sektoren\/einrichtung\/#primaryimage","url":"https:\/\/sofila.fr\/wp-content\/uploads\/2025\/02\/scenery-designers-work-scaled.jpg","contentUrl":"https:\/\/sofila.fr\/wp-content\/uploads\/2025\/02\/scenery-designers-work-scaled.jpg","width":2560,"height":1707,"caption":"tissu ameublement"},{"@type":"BreadcrumbList","@id":"https:\/\/sofila.fr\/de\/sektoren\/einrichtung\/#breadcrumb","itemListElement":[{"@type":"ListItem","position":1,"name":"Startseite","item":"https:\/\/sofila.fr\/de\/"},{"@type":"ListItem","position":2,"name":"Sektoren","item":"https:\/\/sofila.fr\/de\/sektoren\/"},{"@type":"ListItem","position":3,"name":"Einrichtung"}]},{"@type":"WebSite","@id":"https:\/\/sofila.fr\/de\/#website","url":"https:\/\/sofila.fr\/de\/","name":"Sofila","description":"Cr\u00e9ateur et expert du fil depuis 1894","publisher":{"@id":"https:\/\/sofila.fr\/de\/#organization"},"potentialAction":[{"@type":"SearchAction","target":{"@type":"EntryPoint","urlTemplate":"https:\/\/sofila.fr\/de\/?s={search_term_string}"},"query-input":{"@type":"PropertyValueSpecification","valueRequired":true,"valueName":"search_term_string"}}],"inLanguage":"de"},{"@type":"Organization","@id":"https:\/\/sofila.fr\/de\/#organization","name":"Sofila","url":"https:\/\/sofila.fr\/de\/","logo":{"@type":"ImageObject","inLanguage":"de","@id":"https:\/\/sofila.fr\/de\/#\/schema\/logo\/image\/","url":"https:\/\/sofila.fr\/wp-content\/uploads\/2025\/02\/Logo-Sofila.svg","contentUrl":"https:\/\/sofila.fr\/wp-content\/uploads\/2025\/02\/Logo-Sofila.svg","caption":"Sofila"},"image":{"@id":"https:\/\/sofila.fr\/de\/#\/schema\/logo\/image\/"}}]}},"jetpack_sharing_enabled":true,"_links":{"self":[{"href":"https:\/\/sofila.fr\/de\/wp-json\/wp\/v2\/pages\/4452","targetHints":{"allow":["GET"]}}],"collection":[{"href":"https:\/\/sofila.fr\/de\/wp-json\/wp\/v2\/pages"}],"about":[{"href":"https:\/\/sofila.fr\/de\/wp-json\/wp\/v2\/types\/page"}],"author":[{"embeddable":true,"href":"https:\/\/sofila.fr\/de\/wp-json\/wp\/v2\/users\/1"}],"replies":[{"embeddable":true,"href":"https:\/\/sofila.fr\/de\/wp-json\/wp\/v2\/comments?post=4452"}],"version-history":[{"count":4,"href":"https:\/\/sofila.fr\/de\/wp-json\/wp\/v2\/pages\/4452\/revisions"}],"predecessor-version":[{"id":6606,"href":"https:\/\/sofila.fr\/de\/wp-json\/wp\/v2\/pages\/4452\/revisions\/6606"}],"up":[{"embeddable":true,"href":"https:\/\/sofila.fr\/de\/wp-json\/wp\/v2\/pages\/4443"}],"wp:featuredmedia":[{"embeddable":true,"href":"https:\/\/sofila.fr\/de\/wp-json\/wp\/v2\/media\/3854"}],"wp:attachment":[{"href":"https:\/\/sofila.fr\/de\/wp-json\/wp\/v2\/media?parent=4452"}],"curies":[{"name":"wp","href":"https:\/\/api.w.org\/{rel}","templated":true}]}}