{"id":4446,"date":"2025-01-27T16:09:32","date_gmt":"2025-01-27T15:09:32","guid":{"rendered":"http:\/\/hgqwwba.cluster100.hosting.ovh.net\/secteurs\/accessoires\/"},"modified":"2025-09-29T13:57:20","modified_gmt":"2025-09-29T11:57:20","slug":"zubehoer","status":"publish","type":"page","link":"https:\/\/sofila.fr\/de\/sektoren\/zubehoer\/","title":{"rendered":"Zubeh\u00f6r"},"content":{"rendered":"<h1><em>Textilzubeh\u00f6r<\/em>: Feinheit und Technizit\u00e4t der <em>Schmalgewebe<\/em>-Weberei<\/h1>\n<p class=\"lead\">Bei SOFILA betrachten wir den Bereich Zubeh\u00f6r im Wesentlichen als Schmalgewebe, das f\u00fcr Etiketten (haupts\u00e4chlich f\u00fcr Bekleidung), Borten (Dekoration, M\u00f6bel, Bekleidung) oder B\u00e4nder (z. B. f\u00fcr Verpackungen) verwendet wird.<\/p>\n","protected":false},"excerpt":{"rendered":"<p>Textilzubeh\u00f6r: Feinheit und Technizit\u00e4t der Schmalgewebe-Weberei Bei SOFILA betrachten wir den Bereich Zubeh\u00f6r im Wesentlichen als Schmalgewebe, das f\u00fcr Etiketten (haupts\u00e4chlich f\u00fcr Bekleidung), Borten (Dekoration, M\u00f6bel, Bekleidung) oder B\u00e4nder (z. B. f\u00fcr Verpackungen) verwendet wird. [&#8230;]<\/p>\n<p><a class=\"btn btn-secondary understrap-read-more-link\" href=\"https:\/\/sofila.fr\/de\/sektoren\/zubehoer\/\">Weiterlesen\u00a0\u2026<span class=\"screen-reader-text\"> from Zubeh\u00f6r<\/span><\/a><\/p>\n","protected":false},"author":1,"featured_media":3865,"parent":4443,"menu_order":0,"comment_status":"closed","ping_status":"closed","template":"page-templates\/template-secteur.php","meta":{"_acf_changed":false,"footnotes":""},"class_list":["post-4446","page","type-page","status-publish","has-post-thumbnail","hentry"],"acf":[],"yoast_head":"<!-- This site is optimized with the Yoast SEO plugin v26.5 - https:\/\/yoast.com\/wordpress\/plugins\/seo\/ -->\n<title>Zubeh\u00f6r - Sofila<\/title>\n<meta name=\"description\" content=\"Bei SOFILA werden Accessoires mit Hilfe der Schmalbandweberei hergestellt, die f\u00fcr die Produktion von Etiketten, Borten und B\u00e4ndern verwendet wird.\" \/>\n<meta name=\"robots\" content=\"index, follow, max-snippet:-1, max-image-preview:large, max-video-preview:-1\" \/>\n<link rel=\"canonical\" href=\"https:\/\/sofila.fr\/de\/sektoren\/zubehoer\/\" \/>\n<meta property=\"og:locale\" content=\"de_DE\" \/>\n<meta property=\"og:type\" content=\"article\" \/>\n<meta property=\"og:title\" content=\"Zubeh\u00f6r - Sofila\" \/>\n<meta property=\"og:description\" content=\"Bei SOFILA werden Accessoires mit Hilfe der Schmalbandweberei hergestellt, die f\u00fcr die Produktion von Etiketten, Borten und B\u00e4ndern verwendet wird.\" \/>\n<meta property=\"og:url\" content=\"https:\/\/sofila.fr\/de\/sektoren\/zubehoer\/\" \/>\n<meta property=\"og:site_name\" content=\"Sofila\" \/>\n<meta property=\"article:modified_time\" content=\"2025-09-29T11:57:20+00:00\" \/>\n<meta property=\"og:image\" content=\"https:\/\/sofila.fr\/wp-content\/uploads\/2025\/02\/mrushad-khombhadia-GlgDs6_WhTg-unsplash-scaled.jpg\" \/>\n\t<meta property=\"og:image:width\" content=\"2560\" \/>\n\t<meta property=\"og:image:height\" content=\"1707\" \/>\n\t<meta property=\"og:image:type\" content=\"image\/jpeg\" \/>\n<meta name=\"twitter:card\" content=\"summary_large_image\" \/>\n<meta name=\"twitter:label1\" content=\"Gesch\u00e4tzte Lesezeit\" \/>\n\t<meta name=\"twitter:data1\" content=\"2\u00a0Minute\" \/>\n<script type=\"application\/ld+json\" class=\"yoast-schema-graph\">{\"@context\":\"https:\/\/schema.org\",\"@graph\":[{\"@type\":\"WebPage\",\"@id\":\"https:\/\/sofila.fr\/de\/sektoren\/zubehoer\/\",\"url\":\"https:\/\/sofila.fr\/de\/sektoren\/zubehoer\/\",\"name\":\"Zubeh\u00f6r - Sofila\",\"isPartOf\":{\"@id\":\"https:\/\/sofila.fr\/de\/#website\"},\"primaryImageOfPage\":{\"@id\":\"https:\/\/sofila.fr\/de\/sektoren\/zubehoer\/#primaryimage\"},\"image\":{\"@id\":\"https:\/\/sofila.fr\/de\/sektoren\/zubehoer\/#primaryimage\"},\"thumbnailUrl\":\"https:\/\/sofila.fr\/wp-content\/uploads\/2025\/02\/mrushad-khombhadia-GlgDs6_WhTg-unsplash-scaled.jpg\",\"datePublished\":\"2025-01-27T15:09:32+00:00\",\"dateModified\":\"2025-09-29T11:57:20+00:00\",\"description\":\"Bei SOFILA werden Accessoires mit Hilfe der Schmalbandweberei hergestellt, die f\u00fcr die Produktion von Etiketten, Borten und B\u00e4ndern verwendet wird.\",\"breadcrumb\":{\"@id\":\"https:\/\/sofila.fr\/de\/sektoren\/zubehoer\/#breadcrumb\"},\"inLanguage\":\"de\",\"potentialAction\":[{\"@type\":\"ReadAction\",\"target\":[\"https:\/\/sofila.fr\/de\/sektoren\/zubehoer\/\"]}]},{\"@type\":\"ImageObject\",\"inLanguage\":\"de\",\"@id\":\"https:\/\/sofila.fr\/de\/sektoren\/zubehoer\/#primaryimage\",\"url\":\"https:\/\/sofila.fr\/wp-content\/uploads\/2025\/02\/mrushad-khombhadia-GlgDs6_WhTg-unsplash-scaled.jpg\",\"contentUrl\":\"https:\/\/sofila.fr\/wp-content\/uploads\/2025\/02\/mrushad-khombhadia-GlgDs6_WhTg-unsplash-scaled.jpg\",\"width\":2560,\"height\":1707,\"caption\":\"accessoires\"},{\"@type\":\"BreadcrumbList\",\"@id\":\"https:\/\/sofila.fr\/de\/sektoren\/zubehoer\/#breadcrumb\",\"itemListElement\":[{\"@type\":\"ListItem\",\"position\":1,\"name\":\"Startseite\",\"item\":\"https:\/\/sofila.fr\/de\/\"},{\"@type\":\"ListItem\",\"position\":2,\"name\":\"Sektoren\",\"item\":\"https:\/\/sofila.fr\/de\/sektoren\/\"},{\"@type\":\"ListItem\",\"position\":3,\"name\":\"Zubeh\u00f6r\"}]},{\"@type\":\"WebSite\",\"@id\":\"https:\/\/sofila.fr\/de\/#website\",\"url\":\"https:\/\/sofila.fr\/de\/\",\"name\":\"Sofila\",\"description\":\"Cr\u00e9ateur et expert du fil depuis 1894\",\"publisher\":{\"@id\":\"https:\/\/sofila.fr\/de\/#organization\"},\"potentialAction\":[{\"@type\":\"SearchAction\",\"target\":{\"@type\":\"EntryPoint\",\"urlTemplate\":\"https:\/\/sofila.fr\/de\/?s={search_term_string}\"},\"query-input\":{\"@type\":\"PropertyValueSpecification\",\"valueRequired\":true,\"valueName\":\"search_term_string\"}}],\"inLanguage\":\"de\"},{\"@type\":\"Organization\",\"@id\":\"https:\/\/sofila.fr\/de\/#organization\",\"name\":\"Sofila\",\"url\":\"https:\/\/sofila.fr\/de\/\",\"logo\":{\"@type\":\"ImageObject\",\"inLanguage\":\"de\",\"@id\":\"https:\/\/sofila.fr\/de\/#\/schema\/logo\/image\/\",\"url\":\"https:\/\/sofila.fr\/wp-content\/uploads\/2025\/02\/Logo-Sofila.svg\",\"contentUrl\":\"https:\/\/sofila.fr\/wp-content\/uploads\/2025\/02\/Logo-Sofila.svg\",\"caption\":\"Sofila\"},\"image\":{\"@id\":\"https:\/\/sofila.fr\/de\/#\/schema\/logo\/image\/\"}}]}<\/script>\n<!-- \/ Yoast SEO plugin. -->","yoast_head_json":{"title":"Zubeh\u00f6r - Sofila","description":"Bei SOFILA werden Accessoires mit Hilfe der Schmalbandweberei hergestellt, die f\u00fcr die Produktion von Etiketten, Borten und B\u00e4ndern verwendet wird.","robots":{"index":"index","follow":"follow","max-snippet":"max-snippet:-1","max-image-preview":"max-image-preview:large","max-video-preview":"max-video-preview:-1"},"canonical":"https:\/\/sofila.fr\/de\/sektoren\/zubehoer\/","og_locale":"de_DE","og_type":"article","og_title":"Zubeh\u00f6r - Sofila","og_description":"Bei SOFILA werden Accessoires mit Hilfe der Schmalbandweberei hergestellt, die f\u00fcr die Produktion von Etiketten, Borten und B\u00e4ndern verwendet wird.","og_url":"https:\/\/sofila.fr\/de\/sektoren\/zubehoer\/","og_site_name":"Sofila","article_modified_time":"2025-09-29T11:57:20+00:00","og_image":[{"width":2560,"height":1707,"url":"https:\/\/sofila.fr\/wp-content\/uploads\/2025\/02\/mrushad-khombhadia-GlgDs6_WhTg-unsplash-scaled.jpg","type":"image\/jpeg"}],"twitter_card":"summary_large_image","twitter_misc":{"Gesch\u00e4tzte Lesezeit":"2\u00a0Minute"},"schema":{"@context":"https:\/\/schema.org","@graph":[{"@type":"WebPage","@id":"https:\/\/sofila.fr\/de\/sektoren\/zubehoer\/","url":"https:\/\/sofila.fr\/de\/sektoren\/zubehoer\/","name":"Zubeh\u00f6r - Sofila","isPartOf":{"@id":"https:\/\/sofila.fr\/de\/#website"},"primaryImageOfPage":{"@id":"https:\/\/sofila.fr\/de\/sektoren\/zubehoer\/#primaryimage"},"image":{"@id":"https:\/\/sofila.fr\/de\/sektoren\/zubehoer\/#primaryimage"},"thumbnailUrl":"https:\/\/sofila.fr\/wp-content\/uploads\/2025\/02\/mrushad-khombhadia-GlgDs6_WhTg-unsplash-scaled.jpg","datePublished":"2025-01-27T15:09:32+00:00","dateModified":"2025-09-29T11:57:20+00:00","description":"Bei SOFILA werden Accessoires mit Hilfe der Schmalbandweberei hergestellt, die f\u00fcr die Produktion von Etiketten, Borten und B\u00e4ndern verwendet wird.","breadcrumb":{"@id":"https:\/\/sofila.fr\/de\/sektoren\/zubehoer\/#breadcrumb"},"inLanguage":"de","potentialAction":[{"@type":"ReadAction","target":["https:\/\/sofila.fr\/de\/sektoren\/zubehoer\/"]}]},{"@type":"ImageObject","inLanguage":"de","@id":"https:\/\/sofila.fr\/de\/sektoren\/zubehoer\/#primaryimage","url":"https:\/\/sofila.fr\/wp-content\/uploads\/2025\/02\/mrushad-khombhadia-GlgDs6_WhTg-unsplash-scaled.jpg","contentUrl":"https:\/\/sofila.fr\/wp-content\/uploads\/2025\/02\/mrushad-khombhadia-GlgDs6_WhTg-unsplash-scaled.jpg","width":2560,"height":1707,"caption":"accessoires"},{"@type":"BreadcrumbList","@id":"https:\/\/sofila.fr\/de\/sektoren\/zubehoer\/#breadcrumb","itemListElement":[{"@type":"ListItem","position":1,"name":"Startseite","item":"https:\/\/sofila.fr\/de\/"},{"@type":"ListItem","position":2,"name":"Sektoren","item":"https:\/\/sofila.fr\/de\/sektoren\/"},{"@type":"ListItem","position":3,"name":"Zubeh\u00f6r"}]},{"@type":"WebSite","@id":"https:\/\/sofila.fr\/de\/#website","url":"https:\/\/sofila.fr\/de\/","name":"Sofila","description":"Cr\u00e9ateur et expert du fil depuis 1894","publisher":{"@id":"https:\/\/sofila.fr\/de\/#organization"},"potentialAction":[{"@type":"SearchAction","target":{"@type":"EntryPoint","urlTemplate":"https:\/\/sofila.fr\/de\/?s={search_term_string}"},"query-input":{"@type":"PropertyValueSpecification","valueRequired":true,"valueName":"search_term_string"}}],"inLanguage":"de"},{"@type":"Organization","@id":"https:\/\/sofila.fr\/de\/#organization","name":"Sofila","url":"https:\/\/sofila.fr\/de\/","logo":{"@type":"ImageObject","inLanguage":"de","@id":"https:\/\/sofila.fr\/de\/#\/schema\/logo\/image\/","url":"https:\/\/sofila.fr\/wp-content\/uploads\/2025\/02\/Logo-Sofila.svg","contentUrl":"https:\/\/sofila.fr\/wp-content\/uploads\/2025\/02\/Logo-Sofila.svg","caption":"Sofila"},"image":{"@id":"https:\/\/sofila.fr\/de\/#\/schema\/logo\/image\/"}}]}},"jetpack_sharing_enabled":true,"_links":{"self":[{"href":"https:\/\/sofila.fr\/de\/wp-json\/wp\/v2\/pages\/4446","targetHints":{"allow":["GET"]}}],"collection":[{"href":"https:\/\/sofila.fr\/de\/wp-json\/wp\/v2\/pages"}],"about":[{"href":"https:\/\/sofila.fr\/de\/wp-json\/wp\/v2\/types\/page"}],"author":[{"embeddable":true,"href":"https:\/\/sofila.fr\/de\/wp-json\/wp\/v2\/users\/1"}],"replies":[{"embeddable":true,"href":"https:\/\/sofila.fr\/de\/wp-json\/wp\/v2\/comments?post=4446"}],"version-history":[{"count":5,"href":"https:\/\/sofila.fr\/de\/wp-json\/wp\/v2\/pages\/4446\/revisions"}],"predecessor-version":[{"id":6715,"href":"https:\/\/sofila.fr\/de\/wp-json\/wp\/v2\/pages\/4446\/revisions\/6715"}],"up":[{"embeddable":true,"href":"https:\/\/sofila.fr\/de\/wp-json\/wp\/v2\/pages\/4443"}],"wp:featuredmedia":[{"embeddable":true,"href":"https:\/\/sofila.fr\/de\/wp-json\/wp\/v2\/media\/3865"}],"wp:attachment":[{"href":"https:\/\/sofila.fr\/de\/wp-json\/wp\/v2\/media?parent=4446"}],"curies":[{"name":"wp","href":"https:\/\/api.w.org\/{rel}","templated":true}]}}