{"id":4439,"date":"2025-01-27T16:35:28","date_gmt":"2025-01-27T15:35:28","guid":{"rendered":"http:\/\/hgqwwba.cluster100.hosting.ovh.net\/politique-de-confidentialite\/"},"modified":"2025-09-29T09:20:02","modified_gmt":"2025-09-29T08:20:02","slug":"datenschutzerklaerung","status":"publish","type":"page","link":"https:\/\/sofila.fr\/de\/datenschutzerklaerung\/","title":{"rendered":"Datenschutzerkl\u00e4rung"},"content":{"rendered":"\t\t<div data-elementor-type=\"wp-page\" data-elementor-id=\"4439\" class=\"elementor elementor-4439 elementor-419\" data-elementor-post-type=\"page\">\n\t\t\t\t<div class=\"elementor-element elementor-element-3c8a0f3 e-flex e-con-boxed e-con e-parent\" data-id=\"3c8a0f3\" data-element_type=\"container\">\n\t\t\t\t\t<div class=\"e-con-inner\">\n\t\t\t\t<div class=\"elementor-element elementor-element-ebbadaa elementor-widget elementor-widget-text-editor\" data-id=\"ebbadaa\" data-element_type=\"widget\" data-widget_type=\"text-editor.default\">\n\t\t\t\t<div class=\"elementor-widget-container\">\n\t\t\t\t\t\t\t\t\t<h1>Datenschutzerkl\u00e4rung und Cookie-Richtlinie<\/h1>\n<p>SOFILA, vereinfachte Aktiengesellschaft mit einem einzigen Gesellschafter, eingetragen im Handelsregister von Lyon unter der Nummer 379 333 172 00037, mit Sitz in 65 rue Jacques-Louis HENON 69004 LYON, legt gro\u00dfen Wert auf den Schutz personenbezogener Daten www.sofila.fr (im Folgenden \u201eWebsite\u201c) und verpflichtet sich, diese gem\u00e4\u00df den geltenden Vorschriften, insbesondere der Verordnung (EU) Nr. 2016\/679 vom 27. April 2016, der sogenannten \u201eDatenschutz-Grundverordnung\u201c oder \u201eDSGVO\u201c, und dem Gesetz Nr. 78-17 vom 6. Januar 1978, bekannt als \u201eLoi Informatique et Libert\u00e9\u201c (Datenschutzgesetz), in seiner ge\u00e4nderten Fassung.<\/p>\n<p>Bei der Erhebung Ihrer personenbezogenen Daten verarbeitet SOFILA diese in ihrer Eigenschaft als \u201eVerantwortlicher\u201c im Sinne der vorgenannten Texte. In dieser Eigenschaft verpflichtet sich SOFILA, jederzeit die Anforderungen der geltenden Vorschriften zum Schutz personenbezogener Daten einzuhalten und Ihre personenbezogenen Daten nur unter den nachstehend genannten Bedingungen zu verarbeiten.<\/p>\n<p>\u00a0<\/p>\n<h2>Zweck der Verarbeitung Ihrer personenbezogenen Daten<\/h2>\n<p>SOFILA erhebt Ihre personenbezogenen Daten f\u00fcr folgende Zwecke:<\/p>\n<p>Kommunikation mit Ihnen, wenn Sie \u00fcber das Kontaktformular auf der Website Informationen anfordern, und um Sie \u00fcber die von SOFILA angebotenen Produkte und Dienstleistungen zu informieren; Verfolgung und Analyse des Website-Traffics sowie zu statistischen Zwecken.<\/p>\n<p>\u00a0<\/p>\n<h2>Erhobene personenbezogene Daten<\/h2>\n<p>SOFILA erhebt folgende Daten \u00fcber Sie:<\/p>\n<p>Kontaktformular:<br \/>\nIhre pers\u00f6nlichen Daten: Name, Vorname;<br \/>\nIhr berufliches Leben: Name Ihres Unternehmens, Funktion in Ihrem Unternehmen, Telefonnummer, E-Mail-Adresse;<br \/>\nAlle Informationen, die Sie im freien Textfeld angeben.<br \/>\nDie Pflichtangaben sind bei der Erhebung durch ein * neben den Pflichtfeldern gekennzeichnet. Die Angabe bestimmter personenbezogener Daten ist f\u00fcr SOFILA erforderlich, um die oben genannten Zwecke zu erf\u00fcllen. Die freiwilligen Angaben erm\u00f6glichen es SOFILA, Sie besser kennenzulernen.<\/p>\n<p>\u00a0<\/p>\n<h2>Aufbewahrungsdauer Ihrer personenbezogenen Daten<\/h2>\n<p>Ihre \u00fcber das Kontaktformular erhobenen personenbezogenen Daten werden f\u00fcr einen Zeitraum von f\u00fcnf (5) Jahren gespeichert. Sollten SOFILA und Sie in ein Vertragsverh\u00e4ltnis eintreten, werden Ihre Daten f\u00fcr die Dauer der ordnungsgem\u00e4\u00dfen Abwicklung unseres Vertragsverh\u00e4ltnisses gespeichert und anschlie\u00dfend f\u00fcr die gesetzliche Verj\u00e4hrungsfrist zu Beweiszwecken f\u00fcr die Feststellung, Aus\u00fcbung oder Verteidigung eines Rechtsanspruchs archiviert.<\/p>\n<p>\u00a0<\/p>\n<h2>Empf\u00e4nger Ihrer personenbezogenen Daten<\/h2>\n<p>Ihre personenbezogenen Daten werden streng vertraulich behandelt und sind ausschlie\u00dflich f\u00fcr SOFILA bestimmt.<br \/>\nSofern SOFILA nicht gesetzlich oder gerichtlich dazu verpflichtet ist, wird SOFILA Ihre personenbezogenen Daten niemals an Dritte weitergeben, \u00fcbertragen oder vermietet oder \u00fcbermittelt Ihre personenbezogenen Daten niemals an Dritte, mit Ausnahme des Hosters der Website, wie in den rechtlichen Hinweisen der Website angegeben, zum Zwecke der Erbringung technischer Dienstleistungen im Zusammenhang mit dem Hosting und der Verwaltung der Datenbanken und ausschlie\u00dflich unter den zwischen dem Hoster und SOFILA vereinbarten Vertragsbedingungen, die von diesem Artikel nicht abweichen d\u00fcrfen.<\/p>\n<p>\u00a0<\/p>\n<h2>Getroffene Sicherheitsma\u00dfnahmen<\/h2>\n<p>SOFILA verpflichtet sich, die Sicherheit und Integrit\u00e4t Ihrer personenbezogenen Daten zu gew\u00e4hrleisten. Zu diesem Zweck ergreift und unterh\u00e4lt SOFILA technische und organisatorische Sicherheitsma\u00dfnahmen f\u00fcr die Website und ihr Informationssystem, die der Art Ihrer personenbezogenen Daten und den Risiken ihrer Verarbeitung angemessen sind. Diese Ma\u00dfnahmen zielen darauf ab, (i) Ihre personenbezogenen Daten vor Zerst\u00f6rung, Verlust, Ver\u00e4nderung und Weitergabe an unbefugte Dritte zu sch\u00fctzen, (ii) die Wiederherstellung der Verf\u00fcgbarkeit Ihrer personenbezogenen Daten und den Zugang zu diesen innerhalb angemessener Fristen im Falle eines physischen oder technischen Vorfalls zu gew\u00e4hrleisten.<\/p>\n<p>\u00a0<\/p>\n<h2>Ihre Rechte an Ihren personenbezogenen Daten<\/h2>\n<p>Sie haben jederzeit folgende Rechte in Bezug auf Ihre personenbezogenen Daten:<\/p>\n<h3>Recht auf Zugang:<\/h3>\n<p>Sie k\u00f6nnen eine Best\u00e4tigung \u00fcber die Verarbeitung Ihrer personenbezogenen Daten sowie eine Reihe von Informationen \u00fcber die Verarbeitung erhalten, wobei diese Informationen in jedem Fall in dieser Datenschutzerkl\u00e4rung enthalten sind;<\/p>\n<h3>Recht auf Berichtigung:<\/h3>\n<p>Sie haben das Recht, Ihre personenbezogenen Daten zu berichtigen, wenn diese unrichtig oder unvollst\u00e4ndig sind.<\/p>\n<h3>Recht auf L\u00f6schung (\u201eRecht auf Vergessenwerden\u201c):<\/h3>\n<p>Sie haben das Recht, Ihre personenbezogenen Daten l\u00f6schen zu lassen, wenn diese f\u00fcr die Zwecke, f\u00fcr die sie erhoben wurden, nicht mehr erforderlich sind oder Sie der Verarbeitung Ihrer personenbezogenen Daten widersprechen.<\/p>\n<h3>Recht auf Einschr\u00e4nkung der Verarbeitung:<\/h3>\n<p>Sie haben das Recht, die Einschr\u00e4nkung der Verarbeitung Ihrer personenbezogenen Daten zu verlangen, wenn Sie die Richtigkeit der Daten bestreiten, wenn die Aufbewahrungsfrist abgelaufen ist, Sie die personenbezogenen Daten jedoch zur Feststellung, Aus\u00fcbung oder Verteidigung von Rechtsanspr\u00fcchen noch ben\u00f6tigen oder wenn Sie Widerspruch gegen die Verarbeitung eingelegt haben.<\/p>\n<h3>Recht auf Daten\u00fcbertragbarkeit:<\/h3>\n<p>Sie haben das Recht, die personenbezogenen Daten, die Sie SOFILA \u00fcbermittelt haben, in einem lesbaren Format zu erhalten oder SOFILA aufzufordern, die von Ihnen \u00fcbermittelten personenbezogenen Daten an einen anderen Verantwortlichen zu \u00fcbermitteln.<\/p>\n<h3>Widerspruchsrecht:<\/h3>\n<p>Sie k\u00f6nnen jederzeit aus Gr\u00fcnden, die sich aus Ihrer pers\u00f6nlichen Situation ergeben, der Verarbeitung Ihrer personenbezogenen Daten widersprechen, insbesondere wenn dieser Widerspruch die kommerzielle Werbung, einschlie\u00dflich Profiling, betrifft;<\/p>\n<h3>Widerruf der Einwilligung:<\/h3>\n<p>Sie k\u00f6nnen Ihre Einwilligung zur weiteren Verarbeitung Ihrer personenbezogenen Daten durch SOFILA widerrufen;<\/p>\n<h3>Recht auf Beschwerde:<\/h3>\n<p>Legen Sie eine Beschwerde bei der franz\u00f6sischen Datenschutzbeh\u00f6rde Commission Nationale de l&#8217;Informatique et des Libert\u00e9s ein, wenn Sie der Ansicht sind, dass die Verarbeitung Ihrer personenbezogenen Daten durch SOFILA einen Versto\u00df gegen Ihre Rechte darstellt.<\/p>\n<p>Sie k\u00f6nnen Ihre Rechte jederzeit gegen\u00fcber SOFILA aus\u00fcben, entweder per Post an folgende Adresse: 65 rue Jacques Louis H\u00e9non 69004 LYON, oder per E-Mail an folgende Adresse: contact@sofila.fr<\/p>\n<p>\u00a0<\/p>\n<h2>Verwaltung von Cookies<\/h2>\n<p>SOFILA verwendet Cookies, um die Website ordnungsgem\u00e4\u00df zu betreiben und den Datenverkehr auf der Website zu verfolgen und zu analysieren. Ein \u201eCookie\u201c ist eine kleine Datendatei, die von einem Webserver an Ihren Browser gesendet und auf der Festplatte Ihres Computers gespeichert wird. Cookies k\u00f6nnen Ihren Computer in keiner Weise besch\u00e4digen.<\/p>\n<p>Die durch Cookies gesammelten Informationen sind ausschlie\u00dflich f\u00fcr SOFILA bestimmt und unterliegen den geltenden Datenschutzbestimmungen. Sie werden niemals an Dritte weitergegeben.<\/p>\n<p>Die Cookies f\u00fcr den Betrieb der Website sind f\u00fcr das ordnungsgem\u00e4\u00dfe Funktionieren der Website unbedingt erforderlich. Sie k\u00f6nnen Ihren Webbrowser so einstellen, dass die Verwendung dieser Cookies blockiert wird, jedoch sind dann bestimmte Funktionen der Website nicht mehr verf\u00fcgbar. Diese Cookies speichern keine Informationen, mit denen Sie pers\u00f6nlich identifiziert werden k\u00f6nnen.<\/p>\n<p>Zur Verfolgung und Analyse des Datenverkehrs auf der Website verwendet SOFILA das Cookie Google Analytics. Dieses Cookie erm\u00f6glicht es, Besucher zu unterscheiden und Statistiken \u00fcber die Nutzung der Website durch die Besucher zu erstellen, wie z. B. die Anzahl der besuchten Seiten, die H\u00e4ufigkeit, die Dauer und die Wiederholung der Besuche. Die Verwendung dieses Cookies ist auf die Dauer der Sitzung beschr\u00e4nkt und wird automatisch gel\u00f6scht, wenn Sie die Website verlassen. Sie k\u00f6nnen Ihren Browser so einstellen, dass er dieses Cookie automatisch akzeptiert oder deaktiviert.<\/p>\n<h2>Verwaltung von Cookies<\/h2>\n<p>Windows Internet Explorer\u00ae: <a href=\"https:\/\/support.microsoft.com\/fr-fr\/help\/17442\/windows-internet-explorer-delete-manage-cookies\">https:\/\/support.microsoft.com\/fr-fr\/help\/17442\/windows-internet-explorer-delete-manage-cookies<\/a><br \/>\nMozilla Firefox\u00ae: <a href=\"https:\/\/support.mozilla.org\/fr\/kb\/activer-desactiver-cookies-preferences?redirectlocale=fr&#038;redirectslug=activer-desactiver-cookies\">https:\/\/support.mozilla.org\/fr\/kb\/activer-desactiver-cookies-preferences?redirectlocale=fr&#038;redirectslug=activer-desactiver-cookies<\/a><br \/>\nGoogle Chrome\u00ae: <a href=\"https:\/\/support.google.com\/chrome\/answer\/95647?hl=fr\">https:\/\/support.google.com\/chrome\/answer\/95647?hl=fr<\/a><br \/>\nApple Safari\u00ae (iPhone; iPad): <a href=\"https:\/\/support.apple.com\/kb\/HT1677?viewlocale=fr_FR&#038;locale=fr_FR\">https:\/\/support.apple.com\/kb\/HT1677?viewlocale=fr_FR&#038;locale=fr_FR<\/a><br \/>\nApple Safari\u00ae (Mac): <a href=\"https:\/\/support.apple.com\/fr-fr\/guide\/safari\/sfri11471\/mac\">https:\/\/support.apple.com\/fr-fr\/guide\/safari\/sfri11471\/mac<\/a><br \/>\nDeaktivierung von Google Analytics: <a href=\"https:\/\/tools.google.com\/dlpage\/gaoptout\">https:\/\/tools.google.com\/dlpage\/gaoptout<\/a><\/p>\n<p>Gem\u00e4\u00df den geltenden Datenschutzbestimmungen k\u00f6nnen Sie der Speicherung von Cookies jederzeit widersprechen. Sie k\u00f6nnen dieses Recht aus\u00fcben, indem Sie sich per Post an SOFILA unter der folgenden Adresse wenden: 65 rue Jacques Louis H\u00e9non 69004 LYON, oder per E-Mail an die folgende Adresse: contact@sofila.fr<\/p>\n<p>Weitere Informationen zu Cookies, deren Verwaltung und L\u00f6schung finden Sie in den Informationen der CNIL unter: <a href=\"https:\/\/www.cnil.fr\/fr\/site-web-cookies-et-autres-traceurs\">https:\/\/www.cnil.fr\/fr\/site-web-cookies-et-autres-traceurs<\/a><\/p>\n\t\t\t\t\t\t\t\t<\/div>\n\t\t\t\t<\/div>\n\t\t\t\t\t<\/div>\n\t\t\t\t<\/div>\n\t\t\t\t<\/div>\n\t\t","protected":false},"excerpt":{"rendered":"<p> [&#8230;]<\/p>\n<p><a class=\"btn btn-secondary understrap-read-more-link\" href=\"https:\/\/sofila.fr\/de\/datenschutzerklaerung\/\">Weiterlesen\u00a0\u2026<span class=\"screen-reader-text\"> from Datenschutzerkl\u00e4rung<\/span><\/a><\/p>\n","protected":false},"author":1,"featured_media":0,"parent":0,"menu_order":0,"comment_status":"closed","ping_status":"closed","template":"page-templates\/elementor.php","meta":{"_acf_changed":false,"footnotes":""},"class_list":["post-4439","page","type-page","status-publish","hentry"],"acf":[],"yoast_head":"<!-- This site is optimized with the Yoast SEO plugin v26.5 - https:\/\/yoast.com\/wordpress\/plugins\/seo\/ -->\n<title>Datenschutzerkl\u00e4rung - Sofila<\/title>\n<meta name=\"robots\" content=\"noindex, follow\" \/>\n<meta property=\"og:locale\" content=\"de_DE\" \/>\n<meta property=\"og:type\" content=\"article\" \/>\n<meta property=\"og:title\" content=\"Datenschutzerkl\u00e4rung - Sofila\" \/>\n<meta property=\"og:description\" content=\"[...]Weiterlesen\u00a0\u2026 from Datenschutzerkl\u00e4rung\" \/>\n<meta property=\"og:url\" content=\"https:\/\/sofila.fr\/de\/datenschutzerklaerung\/\" \/>\n<meta property=\"og:site_name\" content=\"Sofila\" \/>\n<meta property=\"article:modified_time\" content=\"2025-09-29T08:20:02+00:00\" \/>\n<meta name=\"twitter:card\" content=\"summary_large_image\" \/>\n<meta name=\"twitter:label1\" content=\"Gesch\u00e4tzte Lesezeit\" \/>\n\t<meta name=\"twitter:data1\" content=\"13\u00a0Minute\" \/>\n<script type=\"application\/ld+json\" class=\"yoast-schema-graph\">{\"@context\":\"https:\/\/schema.org\",\"@graph\":[{\"@type\":\"WebPage\",\"@id\":\"https:\/\/sofila.fr\/de\/datenschutzerklaerung\/\",\"url\":\"https:\/\/sofila.fr\/de\/datenschutzerklaerung\/\",\"name\":\"Datenschutzerkl\u00e4rung - Sofila\",\"isPartOf\":{\"@id\":\"https:\/\/sofila.fr\/de\/#website\"},\"datePublished\":\"2025-01-27T15:35:28+00:00\",\"dateModified\":\"2025-09-29T08:20:02+00:00\",\"breadcrumb\":{\"@id\":\"https:\/\/sofila.fr\/de\/datenschutzerklaerung\/#breadcrumb\"},\"inLanguage\":\"de\",\"potentialAction\":[{\"@type\":\"ReadAction\",\"target\":[\"https:\/\/sofila.fr\/de\/datenschutzerklaerung\/\"]}]},{\"@type\":\"BreadcrumbList\",\"@id\":\"https:\/\/sofila.fr\/de\/datenschutzerklaerung\/#breadcrumb\",\"itemListElement\":[{\"@type\":\"ListItem\",\"position\":1,\"name\":\"Startseite\",\"item\":\"https:\/\/sofila.fr\/de\/\"},{\"@type\":\"ListItem\",\"position\":2,\"name\":\"Datenschutzerkl\u00e4rung\"}]},{\"@type\":\"WebSite\",\"@id\":\"https:\/\/sofila.fr\/de\/#website\",\"url\":\"https:\/\/sofila.fr\/de\/\",\"name\":\"Sofila\",\"description\":\"Cr\u00e9ateur et expert du fil depuis 1894\",\"publisher\":{\"@id\":\"https:\/\/sofila.fr\/de\/#organization\"},\"potentialAction\":[{\"@type\":\"SearchAction\",\"target\":{\"@type\":\"EntryPoint\",\"urlTemplate\":\"https:\/\/sofila.fr\/de\/?s={search_term_string}\"},\"query-input\":{\"@type\":\"PropertyValueSpecification\",\"valueRequired\":true,\"valueName\":\"search_term_string\"}}],\"inLanguage\":\"de\"},{\"@type\":\"Organization\",\"@id\":\"https:\/\/sofila.fr\/de\/#organization\",\"name\":\"Sofila\",\"url\":\"https:\/\/sofila.fr\/de\/\",\"logo\":{\"@type\":\"ImageObject\",\"inLanguage\":\"de\",\"@id\":\"https:\/\/sofila.fr\/de\/#\/schema\/logo\/image\/\",\"url\":\"https:\/\/sofila.fr\/wp-content\/uploads\/2025\/02\/Logo-Sofila.svg\",\"contentUrl\":\"https:\/\/sofila.fr\/wp-content\/uploads\/2025\/02\/Logo-Sofila.svg\",\"caption\":\"Sofila\"},\"image\":{\"@id\":\"https:\/\/sofila.fr\/de\/#\/schema\/logo\/image\/\"}}]}<\/script>\n<!-- \/ Yoast SEO plugin. -->","yoast_head_json":{"title":"Datenschutzerkl\u00e4rung - Sofila","robots":{"index":"noindex","follow":"follow"},"og_locale":"de_DE","og_type":"article","og_title":"Datenschutzerkl\u00e4rung - Sofila","og_description":"[...]Weiterlesen\u00a0\u2026 from Datenschutzerkl\u00e4rung","og_url":"https:\/\/sofila.fr\/de\/datenschutzerklaerung\/","og_site_name":"Sofila","article_modified_time":"2025-09-29T08:20:02+00:00","twitter_card":"summary_large_image","twitter_misc":{"Gesch\u00e4tzte Lesezeit":"13\u00a0Minute"},"schema":{"@context":"https:\/\/schema.org","@graph":[{"@type":"WebPage","@id":"https:\/\/sofila.fr\/de\/datenschutzerklaerung\/","url":"https:\/\/sofila.fr\/de\/datenschutzerklaerung\/","name":"Datenschutzerkl\u00e4rung - Sofila","isPartOf":{"@id":"https:\/\/sofila.fr\/de\/#website"},"datePublished":"2025-01-27T15:35:28+00:00","dateModified":"2025-09-29T08:20:02+00:00","breadcrumb":{"@id":"https:\/\/sofila.fr\/de\/datenschutzerklaerung\/#breadcrumb"},"inLanguage":"de","potentialAction":[{"@type":"ReadAction","target":["https:\/\/sofila.fr\/de\/datenschutzerklaerung\/"]}]},{"@type":"BreadcrumbList","@id":"https:\/\/sofila.fr\/de\/datenschutzerklaerung\/#breadcrumb","itemListElement":[{"@type":"ListItem","position":1,"name":"Startseite","item":"https:\/\/sofila.fr\/de\/"},{"@type":"ListItem","position":2,"name":"Datenschutzerkl\u00e4rung"}]},{"@type":"WebSite","@id":"https:\/\/sofila.fr\/de\/#website","url":"https:\/\/sofila.fr\/de\/","name":"Sofila","description":"Cr\u00e9ateur et expert du fil depuis 1894","publisher":{"@id":"https:\/\/sofila.fr\/de\/#organization"},"potentialAction":[{"@type":"SearchAction","target":{"@type":"EntryPoint","urlTemplate":"https:\/\/sofila.fr\/de\/?s={search_term_string}"},"query-input":{"@type":"PropertyValueSpecification","valueRequired":true,"valueName":"search_term_string"}}],"inLanguage":"de"},{"@type":"Organization","@id":"https:\/\/sofila.fr\/de\/#organization","name":"Sofila","url":"https:\/\/sofila.fr\/de\/","logo":{"@type":"ImageObject","inLanguage":"de","@id":"https:\/\/sofila.fr\/de\/#\/schema\/logo\/image\/","url":"https:\/\/sofila.fr\/wp-content\/uploads\/2025\/02\/Logo-Sofila.svg","contentUrl":"https:\/\/sofila.fr\/wp-content\/uploads\/2025\/02\/Logo-Sofila.svg","caption":"Sofila"},"image":{"@id":"https:\/\/sofila.fr\/de\/#\/schema\/logo\/image\/"}}]}},"jetpack_sharing_enabled":true,"_links":{"self":[{"href":"https:\/\/sofila.fr\/de\/wp-json\/wp\/v2\/pages\/4439","targetHints":{"allow":["GET"]}}],"collection":[{"href":"https:\/\/sofila.fr\/de\/wp-json\/wp\/v2\/pages"}],"about":[{"href":"https:\/\/sofila.fr\/de\/wp-json\/wp\/v2\/types\/page"}],"author":[{"embeddable":true,"href":"https:\/\/sofila.fr\/de\/wp-json\/wp\/v2\/users\/1"}],"replies":[{"embeddable":true,"href":"https:\/\/sofila.fr\/de\/wp-json\/wp\/v2\/comments?post=4439"}],"version-history":[{"count":4,"href":"https:\/\/sofila.fr\/de\/wp-json\/wp\/v2\/pages\/4439\/revisions"}],"predecessor-version":[{"id":6707,"href":"https:\/\/sofila.fr\/de\/wp-json\/wp\/v2\/pages\/4439\/revisions\/6707"}],"wp:attachment":[{"href":"https:\/\/sofila.fr\/de\/wp-json\/wp\/v2\/media?parent=4439"}],"curies":[{"name":"wp","href":"https:\/\/api.w.org\/{rel}","templated":true}]}}