{"id":4435,"date":"2025-01-27T16:35:06","date_gmt":"2025-01-27T15:35:06","guid":{"rendered":"http:\/\/hgqwwba.cluster100.hosting.ovh.net\/mentions-legales\/"},"modified":"2025-09-29T09:19:41","modified_gmt":"2025-09-29T08:19:41","slug":"rechtliche-hinweise","status":"publish","type":"page","link":"https:\/\/sofila.fr\/de\/rechtliche-hinweise\/","title":{"rendered":"Rechtliche Hinweise"},"content":{"rendered":"\t\t<div data-elementor-type=\"wp-page\" data-elementor-id=\"4435\" class=\"elementor elementor-4435 elementor-417\" data-elementor-post-type=\"page\">\n\t\t\t\t<div class=\"elementor-element elementor-element-656884f e-flex e-con-boxed e-con e-parent\" data-id=\"656884f\" data-element_type=\"container\">\n\t\t\t\t\t<div class=\"e-con-inner\">\n\t\t\t\t<div class=\"elementor-element elementor-element-b860587 elementor-widget elementor-widget-text-editor\" data-id=\"b860587\" data-element_type=\"widget\" data-widget_type=\"text-editor.default\">\n\t\t\t\t<div class=\"elementor-widget-container\">\n\t\t\t\t\t\t\t\t\t<h1>Rechtliche Hinweise<\/h1>\n<p>\u00a0<\/p>\n<h2>1. Vorstellung der Website<\/h2>\n<p>Gem\u00e4\u00df Artikel 6 des Gesetzes Nr. 2004-575 vom 21. Juni 2004 \u00fcber das Vertrauen in die digitale Wirtschaft wird den Nutzern der Website <a href=\"https:\/\/sofila.fr\/sofila\/\">www.sofila.fr<\/a> darauf hingewiesen, dass diese Website Eigentum von Sofila \u2013 SAS ist, eingetragen im Handelsregister unter der Nummer 379 333 172 0003 mit einem Stammkapital von 541.536 \u20ac und Sitz in 65 rue H\u00e9non, 69004 LYON<\/p>\n<p>\u00a0<\/p>\n<h2>2. Allgemeine Nutzungsbedingungen der Website und der angebotenen Dienste<\/h2>\n<p>Die Nutzung der Website <a href=\"https:\/\/sofila.fr\/sofila\/\">www.sofila.fr<\/a> setzt die vollst\u00e4ndige und uneingeschr\u00e4nkte Zustimmung zu den nachstehend beschriebenen allgemeinen Nutzungsbedingungen voraus. Diese Nutzungsbedingungen k\u00f6nnen jederzeit ge\u00e4ndert oder erg\u00e4nzt werden. Die Nutzer der Website <a href=\"https:\/\/sofila.fr\/sofila\/\">www.sofila.fr<\/a> werden daher gebeten, sie regelm\u00e4\u00dfig zu konsultieren.<\/p>\n<p>Diese Website ist normalerweise jederzeit f\u00fcr die Nutzer zug\u00e4nglich. Eine Unterbrechung aus technischen Gr\u00fcnden kann jedoch von Sofila beschlossen werden, die sich dann bem\u00fcht, den Nutzern die Daten und Zeiten der Unterbrechung im Voraus mitzuteilen.<\/p>\n<p>Die Website <a href=\"https:\/\/sofila.fr\/sofila\/\">www.sofila.fr <\/a>wird regelm\u00e4\u00dfig aktualisiert. Ebenso k\u00f6nnen die rechtlichen Hinweise jederzeit ge\u00e4ndert werden: Sie sind jedoch f\u00fcr den Nutzer verbindlich, der aufgefordert wird, sie so oft wie m\u00f6glich zu lesen, um sich \u00fcber sie zu informieren.<\/p>\n<p>\u00a0<\/p>\n<h2>3. Beschreibung der angebotenen Dienstleistungen<\/h2>\n<p>Die Website <a href=\"https:\/\/sofila.fr\/sofila\/\">www.sofila.fr<\/a> dient dazu, Informationen \u00fcber alle Aktivit\u00e4ten des Unternehmens bereitzustellen.<\/p>\n<p>Sofila bem\u00fcht sich, auf der Website <a href=\"https:\/\/sofila.fr\/sofila\/\">www.sofila.fr<\/a> m\u00f6glichst genaue Informationen bereitzustellen. Das Unternehmen haftet jedoch nicht f\u00fcr Auslassungen, Ungenauigkeiten und M\u00e4ngel bei der Aktualisierung, unabh\u00e4ngig davon, ob diese durch das Unternehmen selbst oder durch Dritte, die ihm diese Informationen zur Verf\u00fcgung stellen, verursacht wurden.<\/p>\n<p>Alle auf der Website <a href=\"https:\/\/sofila.fr\/sofila\/\">www.sofila.fr<\/a> angegebenen Informationen dienen nur zu Informationszwecken und k\u00f6nnen sich \u00e4ndern. Dar\u00fcber hinaus sind die Informationen auf der Website <a href=\"https:\/\/sofila.fr\/sofila\/\">www.sofila.fr<\/a> nicht vollst\u00e4ndig. Sie werden vorbehaltlich \u00c4nderungen, die seit ihrer Online-Ver\u00f6ffentlichung vorgenommen wurden, bereitgestellt.<\/p>\n<p>\u00a0<\/p>\n<h2>4. Vertragliche Einschr\u00e4nkungen zu technischen Daten<\/h2>\n<p>Die Website kann nicht f\u00fcr Sachsch\u00e4den haftbar gemacht werden, die durch die Nutzung der Website entstehen. Dar\u00fcber hinaus verpflichtet sich der Nutzer der Website, auf die Website mit aktuellen, virenfreien Ger\u00e4ten und einem aktuellen Browser zuzugreifen.<\/p>\n<p>\u00a0<\/p>\n<h2>5. Geistiges Eigentum und F\u00e4lschungen<\/h2>\n<p>Sofila ist Eigent\u00fcmerin der geistigen Eigentumsrechte oder besitzt die Nutzungsrechte an allen auf der Website zug\u00e4nglichen Elementen, insbesondere an Texten, Bildern, Grafiken, Logos, Symbolen, Sounds und Software.<\/p>\n<p>Jede Vervielf\u00e4ltigung, Darstellung, \u00c4nderung, Ver\u00f6ffentlichung oder Anpassung aller oder eines Teils der Elemente der Website, unabh\u00e4ngig von den verwendeten Mitteln oder Verfahren, ist ohne vorherige schriftliche Genehmigung von Sofila untersagt.<\/p>\n<p>Jede unbefugte Nutzung der Website oder eines der darin enthaltenen Elemente gilt als Versto\u00df gegen das Urheberrecht und wird gem\u00e4\u00df den Bestimmungen der Artikel L.335-2 ff. des franz\u00f6sischen Gesetzes \u00fcber geistiges Eigentum verfolgt.<\/p>\n<p>\u00a0<\/p>\n<h2>6. Haftungsbeschr\u00e4nkungen<\/h2>\n<p>Sofila haftet nicht f\u00fcr direkte oder indirekte Sch\u00e4den, die an der Hardware des Nutzers beim Zugriff auf die Website www.billion-mayor.com entstehen und entweder auf die Verwendung von Hardware zur\u00fcckzuf\u00fchren sind, die nicht den in Punkt 4 genannten Spezifikationen entspricht, oder auf das Auftreten eines Fehlers oder einer Inkompatibilit\u00e4t.<\/p>\n<p>Sofila haftet ebenfalls nicht f\u00fcr indirekte Sch\u00e4den (wie beispielsweise einen Marktverlust oder eine entgangene Chance), die sich aus der Nutzung der Website <a href=\"https:\/\/sofila.fr\/sofila\/\">www.sofila.fr<\/a> ergeben.<\/p>\n<p>Den Nutzern stehen interaktive Bereiche (M\u00f6glichkeit, Fragen im Kontaktbereich zu stellen) zur Verf\u00fcgung. Sofila beh\u00e4lt sich das Recht vor, ohne vorherige Ank\u00fcndigung alle in diesem Bereich hinterlassenen Inhalte zu l\u00f6schen, die gegen die in Frankreich geltende Gesetzgebung, insbesondere die Bestimmungen zum Datenschutz, versto\u00dfen. Gegebenenfalls beh\u00e4lt sich Sofila auch das Recht vor, den Nutzer zivil- und\/oder strafrechtlich zur Verantwortung zu ziehen, insbesondere bei rassistischen, beleidigenden, diffamierenden oder pornografischen Nachrichten, unabh\u00e4ngig vom verwendeten Medium (Text, Foto usw.).<\/p>\n<p>\u00a0<\/p>\n<h2>7. Verwaltung personenbezogener Daten<\/h2>\n<p>In Frankreich sind personenbezogene Daten insbesondere durch das Gesetz Nr. 78-87 vom 6. Januar 1978, das Gesetz Nr. 2004-801 vom 6. August 2004, Artikel L. 226-13 des Strafgesetzbuches und die Europ\u00e4ische Richtlinie vom 24. Oktober 1995 gesch\u00fctzt.<\/p>\n<p>Bei der Nutzung der Website <a href=\"https:\/\/sofila.fr\/sofila\/\">www.sofila.fr<\/a> k\u00f6nnen folgende Daten erfasst werden: die URL der Links, \u00fcber die der Nutzer auf die Website <a href=\"https:\/\/sofila.fr\/sofila\/\">www.sofila.fr<\/a> aufgerufen hat, der Internetdienstanbieter des Nutzers, die Internetprotokolladresse (IP-Adresse) des Nutzers.<\/p>\n<p>In jedem Fall erhebt Sofila personenbezogene Daten \u00fcber den Nutzer nur f\u00fcr die Zwecke bestimmter Dienste, die auf der Website <a href=\"https:\/\/sofila.fr\/sofila\/\">www.sofila.fr<\/a> angeboten werden. Der Nutzer stellt diese Informationen in voller Kenntnis der Sachlage zur Verf\u00fcgung, insbesondere wenn er sie selbst eingibt. Der Nutzer der Website <a href=\"https:\/\/sofila.fr\/sofila\/\">www.sofila.fr<\/a> wird darauf hingewiesen, ob die Angabe dieser Informationen obligatorisch ist oder nicht.<\/p>\n<p>Gem\u00e4\u00df den Bestimmungen der Artikel 38 ff. des Gesetzes 78-17 vom 6. Januar 1978 \u00fcber Informatik, Dateien und Freiheiten hat jeder Nutzer das Recht auf Zugang, Berichtigung und Widerspruch gegen die ihn betreffenden personenbezogenen Daten, indem er einen schriftlichen und unterschriebenen Antrag stellt, dem eine Kopie des Ausweises mit Unterschrift des Ausweisinhabers beigef\u00fcgt ist, und dabei die Adresse anzugeben, an die die Antwort gesandt werden soll.<\/p>\n<p>Keine pers\u00f6nlichen Informationen der Nutzer der Website <a href=\"https:\/\/sofila.fr\/sofila\/\">www.sofila.fr<\/a> werden ohne Wissen der Nutzer ver\u00f6ffentlicht, ausgetauscht, \u00fcbertragen, abgetreten oder auf irgendeinem Medium an Dritte verkauft. Nur im Falle einer \u00dcbernahme von Sofila und seiner Rechte w\u00e4re die Weitergabe dieser Informationen an den eventuellen K\u00e4ufer zul\u00e4ssig, der seinerseits zur gleichen Verpflichtung zur Aufbewahrung und \u00c4nderung der Daten gegen\u00fcber dem Nutzer der Website <a href=\"https:\/\/sofila.fr\/sofila\/\">www.sofila.fr<\/a> verpflichtet w\u00e4re.<\/p>\n<p>Die Website ist nicht bei der CNIL angemeldet, da sie keine personenbezogenen Daten erfasst. .<\/p>\n<p>Die Datenbanken sind durch die Bestimmungen des Gesetzes vom 1. Juli 1998 zur Umsetzung der Richtlinie 96\/9 vom 11. M\u00e4rz 1996 \u00fcber den rechtlichen Schutz von Datenbanken gesch\u00fctzt.<\/p>\n<h2>8. Hypertext-Links und Cookies<\/h2>\n<p>Die Website <a href=\"https:\/\/sofila.fr\/sofila\/\">www.sofila.fr<\/a> enth\u00e4lt eine Reihe von Hypertext-Links zu anderen Websites, die mit Genehmigung von Sofila eingerichtet wurden. Sofila hat jedoch keine M\u00f6glichkeit, den Inhalt der so besuchten Websites zu \u00fcberpr\u00fcfen, und \u00fcbernimmt daher keine Verantwortung daf\u00fcr.<\/p>\n<p>Die Navigation auf der Website <a href=\"https:\/\/sofila.fr\/sofila\/\">www.sofila.fr<\/a> kann die Installation von Cookies auf dem Computer des Benutzers zur Folge haben. Ein Cookie ist eine kleine Datei, die keine Identifizierung des Nutzers erm\u00f6glicht, aber Informationen \u00fcber die Navigation eines Computers auf einer Website speichert. Die so gewonnenen Daten dienen dazu, die sp\u00e4tere Navigation auf der Website zu erleichtern und verschiedene Ma\u00dfnahmen zur Ermittlung der Besucherfrequenz zu erm\u00f6glichen.<\/p>\n<p>Die Ablehnung der Installation eines Cookies kann dazu f\u00fchren, dass bestimmte Dienste nicht genutzt werden k\u00f6nnen. Der Nutzer kann jedoch seinen Computer wie folgt konfigurieren, um die Installation von Cookies abzulehnen:<\/p>\n<p>Internet Explorer: Registerkarte \u201eExtras\u201c (Zahnradsymbol oben rechts) \/ Internetoptionen. Klicken Sie auf \u201aDatenschutz\u2018 und w\u00e4hlen Sie \u201eAlle Cookies blockieren\u201c. Best\u00e4tigen Sie mit \u201eOK\u201c.<\/p>\n<p>In Firefox: Klicken Sie oben im Browserfenster auf die Schaltfl\u00e4che Firefox und gehen Sie dann zur Registerkarte \u201eOptionen\u201c. Klicken Sie auf die Registerkarte \u201aDatenschutz\u2018.<br \/>\nStellen Sie die Speicherregeln auf \u201eBenutzerdefinierte Einstellungen f\u00fcr den Verlauf verwenden\u201c ein. Deaktivieren Sie schlie\u00dflich das Kontrollk\u00e4stchen, um Cookies zu deaktivieren.<\/p>\n<p>In Safari: Klicken Sie oben rechts im Browser auf das Men\u00fcsymbol (Zahnradsymbol). W\u00e4hlen Sie Einstellungen. Klicken Sie auf Erweiterte Einstellungen anzeigen. Klicken Sie im Abschnitt \u201eDatenschutz\u201c auf Inhaltseinstellungen. Im Abschnitt \u201eCookies\u201c k\u00f6nnen Sie Cookies blockieren.<\/p>\n<p>In Chrome: Klicken Sie oben rechts im Browser auf das Men\u00fcsymbol (drei horizontale Linien). W\u00e4hlen Sie \u201eEinstellungen\u201c. Klicken Sie auf \u201eErweiterte Einstellungen anzeigen\u201c. Klicken Sie im Abschnitt \u201eDatenschutz\u201c auf \u201aEinstellungen\u2018. Auf der Registerkarte \u201eDatenschutz\u201c k\u00f6nnen Sie Cookies blockieren.<\/p>\n<h2>9. Anwendbares Recht und Gerichtsstand<\/h2>\n<p>Jeder Rechtsstreit im Zusammenhang mit der Nutzung der Website <a href=\"https:\/\/sofila.fr\/sofila\/\">www.sofila.fr<\/a> unterliegt franz\u00f6sischem Recht. Ausschlie\u00dflicher Gerichtsstand sind die zust\u00e4ndigen Gerichte in Paris.<\/p>\n<p>\u00a0<\/p>\n<h2>10. Die wichtigsten einschl\u00e4gigen Gesetze<\/h2>\n<p>Gesetz Nr. 78-17 vom 6. Januar 1978, insbesondere ge\u00e4ndert durch das Gesetz Nr. 2004-801 vom 6. August 2004 \u00fcber Informatik, Dateien und Freiheiten.<\/p>\n<p>Gesetz Nr. 2004-575 vom 21. Juni 2004 \u00fcber das Vertrauen in die digitale Wirtschaft.<\/p>\n<p>\u00a0<\/p>\n<h2>11. Glossar<\/h2>\n<p>Nutzer: Internetnutzer, der sich mit der oben genannten Website verbindet und diese nutzt.<\/p>\n<p>Personenbezogene Daten: \u201eInformationen, die in jeglicher Form, direkt oder indirekt, die Identifizierung der nat\u00fcrlichen Personen erm\u00f6glichen, auf die sie sich beziehen\u201c (Artikel 4 des Gesetzes Nr. 78-17 vom 6. Januar 1978).<\/p>\n\t\t\t\t\t\t\t\t<\/div>\n\t\t\t\t<\/div>\n\t\t\t\t\t<\/div>\n\t\t\t\t<\/div>\n\t\t\t\t<\/div>\n\t\t","protected":false},"excerpt":{"rendered":"<p> [&#8230;]<\/p>\n<p><a class=\"btn btn-secondary understrap-read-more-link\" href=\"https:\/\/sofila.fr\/de\/rechtliche-hinweise\/\">Weiterlesen\u00a0\u2026<span class=\"screen-reader-text\"> from Rechtliche Hinweise<\/span><\/a><\/p>\n","protected":false},"author":1,"featured_media":0,"parent":0,"menu_order":0,"comment_status":"closed","ping_status":"closed","template":"page-templates\/elementor.php","meta":{"_acf_changed":false,"footnotes":""},"class_list":["post-4435","page","type-page","status-publish","hentry"],"acf":[],"yoast_head":"<!-- This site is optimized with the Yoast SEO plugin v26.5 - https:\/\/yoast.com\/wordpress\/plugins\/seo\/ -->\n<title>Rechtliche Hinweise - Sofila<\/title>\n<meta name=\"robots\" content=\"noindex, follow\" \/>\n<meta property=\"og:locale\" content=\"de_DE\" \/>\n<meta property=\"og:type\" content=\"article\" \/>\n<meta property=\"og:title\" content=\"Rechtliche Hinweise - Sofila\" \/>\n<meta property=\"og:description\" content=\"[...]Weiterlesen\u00a0\u2026 from Rechtliche Hinweise\" \/>\n<meta property=\"og:url\" content=\"https:\/\/sofila.fr\/de\/rechtliche-hinweise\/\" \/>\n<meta property=\"og:site_name\" content=\"Sofila\" \/>\n<meta property=\"article:modified_time\" content=\"2025-09-29T08:19:41+00:00\" \/>\n<meta name=\"twitter:card\" content=\"summary_large_image\" \/>\n<meta name=\"twitter:label1\" content=\"Gesch\u00e4tzte Lesezeit\" \/>\n\t<meta name=\"twitter:data1\" content=\"7\u00a0Minute\" \/>\n<script type=\"application\/ld+json\" class=\"yoast-schema-graph\">{\"@context\":\"https:\/\/schema.org\",\"@graph\":[{\"@type\":\"WebPage\",\"@id\":\"https:\/\/sofila.fr\/de\/rechtliche-hinweise\/\",\"url\":\"https:\/\/sofila.fr\/de\/rechtliche-hinweise\/\",\"name\":\"Rechtliche Hinweise - Sofila\",\"isPartOf\":{\"@id\":\"https:\/\/sofila.fr\/de\/#website\"},\"datePublished\":\"2025-01-27T15:35:06+00:00\",\"dateModified\":\"2025-09-29T08:19:41+00:00\",\"breadcrumb\":{\"@id\":\"https:\/\/sofila.fr\/de\/rechtliche-hinweise\/#breadcrumb\"},\"inLanguage\":\"de\",\"potentialAction\":[{\"@type\":\"ReadAction\",\"target\":[\"https:\/\/sofila.fr\/de\/rechtliche-hinweise\/\"]}]},{\"@type\":\"BreadcrumbList\",\"@id\":\"https:\/\/sofila.fr\/de\/rechtliche-hinweise\/#breadcrumb\",\"itemListElement\":[{\"@type\":\"ListItem\",\"position\":1,\"name\":\"Startseite\",\"item\":\"https:\/\/sofila.fr\/de\/\"},{\"@type\":\"ListItem\",\"position\":2,\"name\":\"Rechtliche Hinweise\"}]},{\"@type\":\"WebSite\",\"@id\":\"https:\/\/sofila.fr\/de\/#website\",\"url\":\"https:\/\/sofila.fr\/de\/\",\"name\":\"Sofila\",\"description\":\"Cr\u00e9ateur et expert du fil depuis 1894\",\"publisher\":{\"@id\":\"https:\/\/sofila.fr\/de\/#organization\"},\"potentialAction\":[{\"@type\":\"SearchAction\",\"target\":{\"@type\":\"EntryPoint\",\"urlTemplate\":\"https:\/\/sofila.fr\/de\/?s={search_term_string}\"},\"query-input\":{\"@type\":\"PropertyValueSpecification\",\"valueRequired\":true,\"valueName\":\"search_term_string\"}}],\"inLanguage\":\"de\"},{\"@type\":\"Organization\",\"@id\":\"https:\/\/sofila.fr\/de\/#organization\",\"name\":\"Sofila\",\"url\":\"https:\/\/sofila.fr\/de\/\",\"logo\":{\"@type\":\"ImageObject\",\"inLanguage\":\"de\",\"@id\":\"https:\/\/sofila.fr\/de\/#\/schema\/logo\/image\/\",\"url\":\"https:\/\/sofila.fr\/wp-content\/uploads\/2025\/02\/Logo-Sofila.svg\",\"contentUrl\":\"https:\/\/sofila.fr\/wp-content\/uploads\/2025\/02\/Logo-Sofila.svg\",\"caption\":\"Sofila\"},\"image\":{\"@id\":\"https:\/\/sofila.fr\/de\/#\/schema\/logo\/image\/\"}}]}<\/script>\n<!-- \/ Yoast SEO plugin. -->","yoast_head_json":{"title":"Rechtliche Hinweise - Sofila","robots":{"index":"noindex","follow":"follow"},"og_locale":"de_DE","og_type":"article","og_title":"Rechtliche Hinweise - Sofila","og_description":"[...]Weiterlesen\u00a0\u2026 from Rechtliche Hinweise","og_url":"https:\/\/sofila.fr\/de\/rechtliche-hinweise\/","og_site_name":"Sofila","article_modified_time":"2025-09-29T08:19:41+00:00","twitter_card":"summary_large_image","twitter_misc":{"Gesch\u00e4tzte Lesezeit":"7\u00a0Minute"},"schema":{"@context":"https:\/\/schema.org","@graph":[{"@type":"WebPage","@id":"https:\/\/sofila.fr\/de\/rechtliche-hinweise\/","url":"https:\/\/sofila.fr\/de\/rechtliche-hinweise\/","name":"Rechtliche Hinweise - Sofila","isPartOf":{"@id":"https:\/\/sofila.fr\/de\/#website"},"datePublished":"2025-01-27T15:35:06+00:00","dateModified":"2025-09-29T08:19:41+00:00","breadcrumb":{"@id":"https:\/\/sofila.fr\/de\/rechtliche-hinweise\/#breadcrumb"},"inLanguage":"de","potentialAction":[{"@type":"ReadAction","target":["https:\/\/sofila.fr\/de\/rechtliche-hinweise\/"]}]},{"@type":"BreadcrumbList","@id":"https:\/\/sofila.fr\/de\/rechtliche-hinweise\/#breadcrumb","itemListElement":[{"@type":"ListItem","position":1,"name":"Startseite","item":"https:\/\/sofila.fr\/de\/"},{"@type":"ListItem","position":2,"name":"Rechtliche Hinweise"}]},{"@type":"WebSite","@id":"https:\/\/sofila.fr\/de\/#website","url":"https:\/\/sofila.fr\/de\/","name":"Sofila","description":"Cr\u00e9ateur et expert du fil depuis 1894","publisher":{"@id":"https:\/\/sofila.fr\/de\/#organization"},"potentialAction":[{"@type":"SearchAction","target":{"@type":"EntryPoint","urlTemplate":"https:\/\/sofila.fr\/de\/?s={search_term_string}"},"query-input":{"@type":"PropertyValueSpecification","valueRequired":true,"valueName":"search_term_string"}}],"inLanguage":"de"},{"@type":"Organization","@id":"https:\/\/sofila.fr\/de\/#organization","name":"Sofila","url":"https:\/\/sofila.fr\/de\/","logo":{"@type":"ImageObject","inLanguage":"de","@id":"https:\/\/sofila.fr\/de\/#\/schema\/logo\/image\/","url":"https:\/\/sofila.fr\/wp-content\/uploads\/2025\/02\/Logo-Sofila.svg","contentUrl":"https:\/\/sofila.fr\/wp-content\/uploads\/2025\/02\/Logo-Sofila.svg","caption":"Sofila"},"image":{"@id":"https:\/\/sofila.fr\/de\/#\/schema\/logo\/image\/"}}]}},"jetpack_sharing_enabled":true,"_links":{"self":[{"href":"https:\/\/sofila.fr\/de\/wp-json\/wp\/v2\/pages\/4435","targetHints":{"allow":["GET"]}}],"collection":[{"href":"https:\/\/sofila.fr\/de\/wp-json\/wp\/v2\/pages"}],"about":[{"href":"https:\/\/sofila.fr\/de\/wp-json\/wp\/v2\/types\/page"}],"author":[{"embeddable":true,"href":"https:\/\/sofila.fr\/de\/wp-json\/wp\/v2\/users\/1"}],"replies":[{"embeddable":true,"href":"https:\/\/sofila.fr\/de\/wp-json\/wp\/v2\/comments?post=4435"}],"version-history":[{"count":2,"href":"https:\/\/sofila.fr\/de\/wp-json\/wp\/v2\/pages\/4435\/revisions"}],"predecessor-version":[{"id":4437,"href":"https:\/\/sofila.fr\/de\/wp-json\/wp\/v2\/pages\/4435\/revisions\/4437"}],"wp:attachment":[{"href":"https:\/\/sofila.fr\/de\/wp-json\/wp\/v2\/media?parent=4435"}],"curies":[{"name":"wp","href":"https:\/\/api.w.org\/{rel}","templated":true}]}}