{"id":4432,"date":"2025-01-21T15:06:00","date_gmt":"2025-01-21T14:06:00","guid":{"rendered":"http:\/\/hgqwwba.cluster100.hosting.ovh.net\/matieres\/matieres-naturelles\/"},"modified":"2025-09-24T14:23:37","modified_gmt":"2025-09-24T13:23:37","slug":"natuerlich","status":"publish","type":"page","link":"https:\/\/sofila.fr\/de\/materialien\/natuerlich\/","title":{"rendered":"Nat\u00fcrlich"},"content":{"rendered":"<h1 class=\"h1\"><em>Nat\u00fcrliche<\/em><br \/>\nMaterialien<\/h1>\n<p>SOFILA verarbeitet alle Materialien, und seine Geschichte begann im 19. Jahrhundert mit einem nat\u00fcrlichen Material, der Seide.<br \/>\nNat\u00fcrliche Materialien stammen direkt, ohne chemische Verarbeitung, aus der Natur. Es gibt zwei Arten von nat\u00fcrlichen Materialien: tierischen und pflanzlichen Ursprungs.<\/p>\n","protected":false},"excerpt":{"rendered":"<p>Nat\u00fcrliche Materialien SOFILA verarbeitet alle Materialien, und seine Geschichte begann im 19. Jahrhundert mit einem nat\u00fcrlichen Material, der Seide. Nat\u00fcrliche Materialien stammen direkt, ohne chemische Verarbeitung, aus der Natur. Es gibt zwei Arten von nat\u00fcrlichen Materialien: tierischen und pflanzlichen Ursprungs. [&#8230;]<\/p>\n<p><a class=\"btn btn-secondary understrap-read-more-link\" href=\"https:\/\/sofila.fr\/de\/materialien\/natuerlich\/\">Weiterlesen\u00a0\u2026<span class=\"screen-reader-text\"> from Nat\u00fcrlich<\/span><\/a><\/p>\n","protected":false},"author":1,"featured_media":4347,"parent":4426,"menu_order":0,"comment_status":"closed","ping_status":"closed","template":"page-templates\/template-matiere.php","meta":{"_acf_changed":false,"footnotes":""},"class_list":["post-4432","page","type-page","status-publish","has-post-thumbnail","hentry"],"acf":[],"yoast_head":"<!-- This site is optimized with the Yoast SEO plugin v26.5 - https:\/\/yoast.com\/wordpress\/plugins\/seo\/ -->\n<title>Nat\u00fcrliche materialien - Sofila<\/title>\n<meta name=\"description\" content=\"Der nat\u00fcrliche Stoff stammt direkt, ohne chemische Verarbeitung, aus in der Natur vorhandenen tierischen oder pflanzlichen Materialien.\" \/>\n<meta name=\"robots\" content=\"index, follow, max-snippet:-1, max-image-preview:large, max-video-preview:-1\" \/>\n<link rel=\"canonical\" href=\"https:\/\/sofila.fr\/de\/materialien\/natuerlich\/\" \/>\n<meta property=\"og:locale\" content=\"de_DE\" \/>\n<meta property=\"og:type\" content=\"article\" \/>\n<meta property=\"og:title\" content=\"Nat\u00fcrliche materialien - Sofila\" \/>\n<meta property=\"og:description\" content=\"Der nat\u00fcrliche Stoff stammt direkt, ohne chemische Verarbeitung, aus in der Natur vorhandenen tierischen oder pflanzlichen Materialien.\" \/>\n<meta property=\"og:url\" content=\"https:\/\/sofila.fr\/de\/materialien\/natuerlich\/\" \/>\n<meta property=\"og:site_name\" content=\"Sofila\" \/>\n<meta property=\"article:modified_time\" content=\"2025-09-24T13:23:37+00:00\" \/>\n<meta property=\"og:image\" content=\"https:\/\/sofila.fr\/wp-content\/uploads\/2025\/01\/B0545-1.png\" \/>\n\t<meta property=\"og:image:width\" content=\"644\" \/>\n\t<meta property=\"og:image:height\" content=\"516\" \/>\n\t<meta property=\"og:image:type\" content=\"image\/png\" \/>\n<meta name=\"twitter:card\" content=\"summary_large_image\" \/>\n<meta name=\"twitter:label1\" content=\"Gesch\u00e4tzte Lesezeit\" \/>\n\t<meta name=\"twitter:data1\" content=\"5\u00a0Minute\" \/>\n<script type=\"application\/ld+json\" class=\"yoast-schema-graph\">{\"@context\":\"https:\/\/schema.org\",\"@graph\":[{\"@type\":\"WebPage\",\"@id\":\"https:\/\/sofila.fr\/de\/materialien\/natuerlich\/\",\"url\":\"https:\/\/sofila.fr\/de\/materialien\/natuerlich\/\",\"name\":\"Nat\u00fcrliche materialien - Sofila\",\"isPartOf\":{\"@id\":\"https:\/\/sofila.fr\/de\/#website\"},\"primaryImageOfPage\":{\"@id\":\"https:\/\/sofila.fr\/de\/materialien\/natuerlich\/#primaryimage\"},\"image\":{\"@id\":\"https:\/\/sofila.fr\/de\/materialien\/natuerlich\/#primaryimage\"},\"thumbnailUrl\":\"https:\/\/sofila.fr\/wp-content\/uploads\/2025\/01\/B0545-1.png\",\"datePublished\":\"2025-01-21T14:06:00+00:00\",\"dateModified\":\"2025-09-24T13:23:37+00:00\",\"description\":\"Der nat\u00fcrliche Stoff stammt direkt, ohne chemische Verarbeitung, aus in der Natur vorhandenen tierischen oder pflanzlichen Materialien.\",\"breadcrumb\":{\"@id\":\"https:\/\/sofila.fr\/de\/materialien\/natuerlich\/#breadcrumb\"},\"inLanguage\":\"de\",\"potentialAction\":[{\"@type\":\"ReadAction\",\"target\":[\"https:\/\/sofila.fr\/de\/materialien\/natuerlich\/\"]}]},{\"@type\":\"ImageObject\",\"inLanguage\":\"de\",\"@id\":\"https:\/\/sofila.fr\/de\/materialien\/natuerlich\/#primaryimage\",\"url\":\"https:\/\/sofila.fr\/wp-content\/uploads\/2025\/01\/B0545-1.png\",\"contentUrl\":\"https:\/\/sofila.fr\/wp-content\/uploads\/2025\/01\/B0545-1.png\",\"width\":644,\"height\":516},{\"@type\":\"BreadcrumbList\",\"@id\":\"https:\/\/sofila.fr\/de\/materialien\/natuerlich\/#breadcrumb\",\"itemListElement\":[{\"@type\":\"ListItem\",\"position\":1,\"name\":\"Startseite\",\"item\":\"https:\/\/sofila.fr\/de\/\"},{\"@type\":\"ListItem\",\"position\":2,\"name\":\"Materialien\",\"item\":\"https:\/\/sofila.fr\/de\/materialien\/\"},{\"@type\":\"ListItem\",\"position\":3,\"name\":\"Nat\u00fcrlich\"}]},{\"@type\":\"WebSite\",\"@id\":\"https:\/\/sofila.fr\/de\/#website\",\"url\":\"https:\/\/sofila.fr\/de\/\",\"name\":\"Sofila\",\"description\":\"Cr\u00e9ateur et expert du fil depuis 1894\",\"publisher\":{\"@id\":\"https:\/\/sofila.fr\/de\/#organization\"},\"potentialAction\":[{\"@type\":\"SearchAction\",\"target\":{\"@type\":\"EntryPoint\",\"urlTemplate\":\"https:\/\/sofila.fr\/de\/?s={search_term_string}\"},\"query-input\":{\"@type\":\"PropertyValueSpecification\",\"valueRequired\":true,\"valueName\":\"search_term_string\"}}],\"inLanguage\":\"de\"},{\"@type\":\"Organization\",\"@id\":\"https:\/\/sofila.fr\/de\/#organization\",\"name\":\"Sofila\",\"url\":\"https:\/\/sofila.fr\/de\/\",\"logo\":{\"@type\":\"ImageObject\",\"inLanguage\":\"de\",\"@id\":\"https:\/\/sofila.fr\/de\/#\/schema\/logo\/image\/\",\"url\":\"https:\/\/sofila.fr\/wp-content\/uploads\/2025\/02\/Logo-Sofila.svg\",\"contentUrl\":\"https:\/\/sofila.fr\/wp-content\/uploads\/2025\/02\/Logo-Sofila.svg\",\"caption\":\"Sofila\"},\"image\":{\"@id\":\"https:\/\/sofila.fr\/de\/#\/schema\/logo\/image\/\"}}]}<\/script>\n<!-- \/ Yoast SEO plugin. -->","yoast_head_json":{"title":"Nat\u00fcrliche materialien - Sofila","description":"Der nat\u00fcrliche Stoff stammt direkt, ohne chemische Verarbeitung, aus in der Natur vorhandenen tierischen oder pflanzlichen Materialien.","robots":{"index":"index","follow":"follow","max-snippet":"max-snippet:-1","max-image-preview":"max-image-preview:large","max-video-preview":"max-video-preview:-1"},"canonical":"https:\/\/sofila.fr\/de\/materialien\/natuerlich\/","og_locale":"de_DE","og_type":"article","og_title":"Nat\u00fcrliche materialien - Sofila","og_description":"Der nat\u00fcrliche Stoff stammt direkt, ohne chemische Verarbeitung, aus in der Natur vorhandenen tierischen oder pflanzlichen Materialien.","og_url":"https:\/\/sofila.fr\/de\/materialien\/natuerlich\/","og_site_name":"Sofila","article_modified_time":"2025-09-24T13:23:37+00:00","og_image":[{"width":644,"height":516,"url":"https:\/\/sofila.fr\/wp-content\/uploads\/2025\/01\/B0545-1.png","type":"image\/png"}],"twitter_card":"summary_large_image","twitter_misc":{"Gesch\u00e4tzte Lesezeit":"5\u00a0Minute"},"schema":{"@context":"https:\/\/schema.org","@graph":[{"@type":"WebPage","@id":"https:\/\/sofila.fr\/de\/materialien\/natuerlich\/","url":"https:\/\/sofila.fr\/de\/materialien\/natuerlich\/","name":"Nat\u00fcrliche materialien - Sofila","isPartOf":{"@id":"https:\/\/sofila.fr\/de\/#website"},"primaryImageOfPage":{"@id":"https:\/\/sofila.fr\/de\/materialien\/natuerlich\/#primaryimage"},"image":{"@id":"https:\/\/sofila.fr\/de\/materialien\/natuerlich\/#primaryimage"},"thumbnailUrl":"https:\/\/sofila.fr\/wp-content\/uploads\/2025\/01\/B0545-1.png","datePublished":"2025-01-21T14:06:00+00:00","dateModified":"2025-09-24T13:23:37+00:00","description":"Der nat\u00fcrliche Stoff stammt direkt, ohne chemische Verarbeitung, aus in der Natur vorhandenen tierischen oder pflanzlichen Materialien.","breadcrumb":{"@id":"https:\/\/sofila.fr\/de\/materialien\/natuerlich\/#breadcrumb"},"inLanguage":"de","potentialAction":[{"@type":"ReadAction","target":["https:\/\/sofila.fr\/de\/materialien\/natuerlich\/"]}]},{"@type":"ImageObject","inLanguage":"de","@id":"https:\/\/sofila.fr\/de\/materialien\/natuerlich\/#primaryimage","url":"https:\/\/sofila.fr\/wp-content\/uploads\/2025\/01\/B0545-1.png","contentUrl":"https:\/\/sofila.fr\/wp-content\/uploads\/2025\/01\/B0545-1.png","width":644,"height":516},{"@type":"BreadcrumbList","@id":"https:\/\/sofila.fr\/de\/materialien\/natuerlich\/#breadcrumb","itemListElement":[{"@type":"ListItem","position":1,"name":"Startseite","item":"https:\/\/sofila.fr\/de\/"},{"@type":"ListItem","position":2,"name":"Materialien","item":"https:\/\/sofila.fr\/de\/materialien\/"},{"@type":"ListItem","position":3,"name":"Nat\u00fcrlich"}]},{"@type":"WebSite","@id":"https:\/\/sofila.fr\/de\/#website","url":"https:\/\/sofila.fr\/de\/","name":"Sofila","description":"Cr\u00e9ateur et expert du fil depuis 1894","publisher":{"@id":"https:\/\/sofila.fr\/de\/#organization"},"potentialAction":[{"@type":"SearchAction","target":{"@type":"EntryPoint","urlTemplate":"https:\/\/sofila.fr\/de\/?s={search_term_string}"},"query-input":{"@type":"PropertyValueSpecification","valueRequired":true,"valueName":"search_term_string"}}],"inLanguage":"de"},{"@type":"Organization","@id":"https:\/\/sofila.fr\/de\/#organization","name":"Sofila","url":"https:\/\/sofila.fr\/de\/","logo":{"@type":"ImageObject","inLanguage":"de","@id":"https:\/\/sofila.fr\/de\/#\/schema\/logo\/image\/","url":"https:\/\/sofila.fr\/wp-content\/uploads\/2025\/02\/Logo-Sofila.svg","contentUrl":"https:\/\/sofila.fr\/wp-content\/uploads\/2025\/02\/Logo-Sofila.svg","caption":"Sofila"},"image":{"@id":"https:\/\/sofila.fr\/de\/#\/schema\/logo\/image\/"}}]}},"jetpack_sharing_enabled":true,"_links":{"self":[{"href":"https:\/\/sofila.fr\/de\/wp-json\/wp\/v2\/pages\/4432","targetHints":{"allow":["GET"]}}],"collection":[{"href":"https:\/\/sofila.fr\/de\/wp-json\/wp\/v2\/pages"}],"about":[{"href":"https:\/\/sofila.fr\/de\/wp-json\/wp\/v2\/types\/page"}],"author":[{"embeddable":true,"href":"https:\/\/sofila.fr\/de\/wp-json\/wp\/v2\/users\/1"}],"replies":[{"embeddable":true,"href":"https:\/\/sofila.fr\/de\/wp-json\/wp\/v2\/comments?post=4432"}],"version-history":[{"count":5,"href":"https:\/\/sofila.fr\/de\/wp-json\/wp\/v2\/pages\/4432\/revisions"}],"predecessor-version":[{"id":6551,"href":"https:\/\/sofila.fr\/de\/wp-json\/wp\/v2\/pages\/4432\/revisions\/6551"}],"up":[{"embeddable":true,"href":"https:\/\/sofila.fr\/de\/wp-json\/wp\/v2\/pages\/4426"}],"wp:featuredmedia":[{"embeddable":true,"href":"https:\/\/sofila.fr\/de\/wp-json\/wp\/v2\/media\/4347"}],"wp:attachment":[{"href":"https:\/\/sofila.fr\/de\/wp-json\/wp\/v2\/media?parent=4432"}],"curies":[{"name":"wp","href":"https:\/\/api.w.org\/{rel}","templated":true}]}}